{"id":4973,"date":"2019-10-18T21:27:51","date_gmt":"2019-10-18T19:27:51","guid":{"rendered":"https:\/\/nova.depoles.com\/trgovina\/tracna-zaga-hbs800_400v\/"},"modified":"2025-12-17T23:54:58","modified_gmt":"2025-12-17T22:54:58","slug":"tracna-zaga-hbs800_400v","status":"publish","type":"product","link":"https:\/\/www.depoles.com\/hr\/trgovina\/tracna-zaga-hbs800_400v\/","title":{"rendered":"Tra\u010dna pila HBS800_400V"},"content":{"rendered":"<p><strong>SPECIFIKACIJA<\/strong><\/p>\n<ul>\n<li><strong>Motor<\/strong>\n<ul>\n<li>Mo\u010d motorja S1: 5500 W<\/li>\n<li>Mo\u010d motorja S6: 7700 W<\/li>\n<li>Napetost: 400 V<\/li>\n<\/ul>\n<\/li>\n<li><strong>Dimenzije<\/strong>\n<ul>\n<li>Sesalni priklju\u010dek: 2&#215;100 mm<\/li>\n<li>Vi\u0161ina mize: 1050 mm<\/li>\n<li>Razpon dosega: 800 mm<\/li>\n<li>Velikost mize: 700 x 900 mm<\/li>\n<li>Obseg vrtljivosti: 0\u00b0 + 45\u00b0<\/li>\n<\/ul>\n<\/li>\n<li><strong>Rezanje<\/strong>\n<ul>\n<li>Maksimalna vi\u0161ina rezanja pri 90\u00b0: 470 mm<\/li>\n<li>Maksimalna \u0161irina rezanja ob vzporednem ograju: 640 mm<\/li>\n<\/ul>\n<\/li>\n<li><strong>Tra\u010dne \u017eage<\/strong>\n<ul>\n<li>\u0160irina \u017eagnega traku: 19-50 mm<\/li>\n<li>Premer kolesa traku: 810 mm<\/li>\n<li>Dol\u017eina \u017eagnega traku: 5611 mm<\/li>\n<\/ul>\n<\/li>\n<li><strong>Te\u017ea<\/strong>\n<ul>\n<li>Bruto te\u017ea: 528 kg<\/li>\n<li>Netto te\u017ea: 470 kg<\/li>\n<\/ul>\n<\/li>\n<li><strong>Embal\u017ea\u017ea<\/strong>\n<ul>\n<li>Dol\u017eina embala\u017ee: 1303 mm<\/li>\n<li>\u0160irina embala\u017ee: 726 mm<\/li>\n<li>Vi\u0161ina embala\u017ee: 2496 mm<\/li>\n<\/ul>\n<\/li>\n<li><strong>Splo\u0161ni podatki<\/strong>\n<ul>\n<li>EAN koda: 9120058371820<\/li>\n<\/ul>\n<\/li>\n<\/ul>\n","protected":false},"excerpt":{"rendered":"<h3> Poudarki <\/h3>\n<ul>\n<li> predvsem visoke kakovosti in obdelave <\/li>\n<li> gumirana kolesa in natan\u010dni le\u017eaji omogo\u010dajo tiho delovanje <\/li>\n<li> aluminijasta ograja s hitro zaklepanjem <\/li>\n<li> merilna skala na ograji z dvema pove\u010devalnima steklima za natan\u010dno od\u010ditavanje in nastavitev <\/li>\n<li> vi\u0161ina rezanja enostavno in hitro nastavljiva s kombinacijo stojala za ro\u010dna kolesa <\/li>\n<li> mo\u017ena \u0161irina tra\u010dne \u017eage od 19 mm do 50 mm <\/li>\n<li> nagibna delovna miza od 0 \u00b0 &#8211; 45 \u00b0 prek natan\u010dnega pol\u017eastega orodja <\/li>\n<li> 2 priklju\u010dka za odvzem \u010dipa (\u00d8100 mm) <\/li>\n<\/ul>\n","protected":false},"featured_media":4974,"template":"","meta":[],"product_brand":[],"product_cat":[1012,1038],"product_tag":[],"class_list":{"0":"post-4973","1":"product","2":"type-product","3":"status-publish","4":"has-post-thumbnail","6":"product_cat-stroji-za-les","7":"product_cat-tracne-zage-za-les","9":"first","10":"instock","11":"shipping-taxable","12":"purchasable","13":"product-type-simple"},"_links":{"self":[{"href":"https:\/\/www.depoles.com\/hr\/wp-json\/wp\/v2\/product\/4973","targetHints":{"allow":["GET"]}}],"collection":[{"href":"https:\/\/www.depoles.com\/hr\/wp-json\/wp\/v2\/product"}],"about":[{"href":"https:\/\/www.depoles.com\/hr\/wp-json\/wp\/v2\/types\/product"}],"wp:featuredmedia":[{"embeddable":true,"href":"https:\/\/www.depoles.com\/hr\/wp-json\/wp\/v2\/media\/4974"}],"wp:attachment":[{"href":"https:\/\/www.depoles.com\/hr\/wp-json\/wp\/v2\/media?parent=4973"}],"wp:term":[{"taxonomy":"product_brand","embeddable":true,"href":"https:\/\/www.depoles.com\/hr\/wp-json\/wp\/v2\/product_brand?post=4973"},{"taxonomy":"product_cat","embeddable":true,"href":"https:\/\/www.depoles.com\/hr\/wp-json\/wp\/v2\/product_cat?post=4973"},{"taxonomy":"product_tag","embeddable":true,"href":"https:\/\/www.depoles.com\/hr\/wp-json\/wp\/v2\/product_tag?post=4973"}],"curies":[{"name":"wp","href":"https:\/\/api.w.org\/{rel}","templated":true}]}}