{"id":4981,"date":"2019-10-18T21:27:41","date_gmt":"2019-10-18T19:27:41","guid":{"rendered":"https:\/\/nova.depoles.com\/trgovina\/struznica-za-les-holzmann-vd-1100n_400v\/"},"modified":"2026-02-12T13:57:39","modified_gmt":"2026-02-12T12:57:39","slug":"struznica-za-les-holzmann-vd-1100n_400v","status":"publish","type":"product","link":"https:\/\/www.depoles.com\/hr\/trgovina\/struznica-za-les-holzmann-vd-1100n_400v\/","title":{"rendered":"TOKARILICA ZA DRVO HOLZMANN VD 1100N_400V"},"content":{"rendered":"<p><strong>Tehni\u010dni podatki<\/strong><\/p>\n<ul>\n<li><strong>Podatki o motorju<\/strong>\n<ul>\n<li>Napetost: 400 V<\/li>\n<li>Mo\u010d motorja S1: 750 W<\/li>\n<li>Mo\u010d motorja S6: 1100 W<\/li>\n<\/ul>\n<\/li>\n<li><strong>Dimenzije<\/strong>\n<ul>\n<li>Vi\u0161ina mize: 900 mm<\/li>\n<\/ul>\n<\/li>\n<li><strong>Stru\u017enice<\/strong>\n<ul>\n<li>Razpon gibanja vretena repne opore: 60 mm<\/li>\n<li>Vi\u0161ina kopirnega centra: 80 mm<\/li>\n<li>Hitrost vretena stru\u017enice: 500-2000 min\u207b\u00b9<\/li>\n<li>Ku\u017eni nastavek repne opore: MK2\/MT2<\/li>\n<li>Vi\u0161ina centra: 185 mm<\/li>\n<li>Razdalja med centri: 1100 mm<\/li>\n<li>Vreteno glavne glave: M33 DIN800<\/li>\n<li>Premer vretena: 12 mm<\/li>\n<\/ul>\n<\/li>\n<li><strong>Te\u017ea<\/strong>\n<ul>\n<li>Bruto te\u017ea: 149 kg<\/li>\n<li>Netto te\u017ea: 119 kg<\/li>\n<\/ul>\n<\/li>\n<li><strong>Embal\u017ea\u017ea<\/strong>\n<ul>\n<li>Dol\u017eina embala\u017ee: 1620 mm<\/li>\n<li>\u0160irina embala\u017ee: 340 mm<\/li>\n<li>Vi\u0161ina embala\u017ee: 430 mm<\/li>\n<\/ul>\n<\/li>\n<li><strong>Splo\u0161ni podatki<\/strong>\n<ul>\n<li>EAN koda: 9120039900575<\/li>\n<\/ul>\n<\/li>\n<\/ul>\n","protected":false},"excerpt":{"rendered":"<h3>Poudarki<\/h3>\n<p>Siva strojna postelja iz litega \u017eeleza z dr\u017ealom za rep in glavo omogo\u010da u\u010dinkovito delo. Glavo je mogo\u010de obra\u010dati, kar pove\u010duje fleksibilnost. Naprava omogo\u010da kopiranje iz glavnega dela ali vzorca z najve\u010djo dol\u017eino kopiranja do 1000 mm. Repna zaloga je zasnovana za 90\u00b0 in se lahko zasuka za delo z ve\u010djimi premeri. Vklju\u010duje MT2 repno zalogo ter hitro prilagoditev zalog in glave. Velika obrazna plo\u0161\u010da omogo\u010da enostavno upravljanje.<\/p>\n<ul>\n<li>Strojna postelja iz sivega litega \u017eeleza z dr\u017ealom za rep in glavo<\/li>\n<li>Obrnjiva glava<\/li>\n<li>Kopiranje iz glavnega dela ali vzorca<\/li>\n<li>Maksimalna dol\u017eina kopiranja 1000 mm<\/li>\n<li>Repna zaloga za 90\u00b0 z mo\u017enostjo zasuka za velike premere<\/li>\n<li>MT2 repna zaloga<\/li>\n<li>Hitro prilagajanje zalog in glave<\/li>\n<li>Velika obrazna plo\u0161\u010da<\/li>\n<\/ul>\n<p><strong>Vklju\u010deno v dobavo:<\/strong> stojalo, vpenjalna vpenjala s \u0161tirih strani, re\u0161ilni krogli\u010dni le\u017eaj, prednja plo\u0161\u010da, ve\u010d orodij, nastavitev za kopiranje in po\u010ditek orodja.<\/p>\n","protected":false},"featured_media":4982,"template":"","meta":[],"product_brand":[],"product_cat":[1012,1037],"product_tag":[],"class_list":{"0":"post-4981","1":"product","2":"type-product","3":"status-publish","4":"has-post-thumbnail","6":"product_cat-stroji-za-les","7":"product_cat-struznice-za-les","9":"first","10":"instock","11":"shipping-taxable","12":"purchasable","13":"product-type-simple"},"_links":{"self":[{"href":"https:\/\/www.depoles.com\/hr\/wp-json\/wp\/v2\/product\/4981","targetHints":{"allow":["GET"]}}],"collection":[{"href":"https:\/\/www.depoles.com\/hr\/wp-json\/wp\/v2\/product"}],"about":[{"href":"https:\/\/www.depoles.com\/hr\/wp-json\/wp\/v2\/types\/product"}],"wp:featuredmedia":[{"embeddable":true,"href":"https:\/\/www.depoles.com\/hr\/wp-json\/wp\/v2\/media\/4982"}],"wp:attachment":[{"href":"https:\/\/www.depoles.com\/hr\/wp-json\/wp\/v2\/media?parent=4981"}],"wp:term":[{"taxonomy":"product_brand","embeddable":true,"href":"https:\/\/www.depoles.com\/hr\/wp-json\/wp\/v2\/product_brand?post=4981"},{"taxonomy":"product_cat","embeddable":true,"href":"https:\/\/www.depoles.com\/hr\/wp-json\/wp\/v2\/product_cat?post=4981"},{"taxonomy":"product_tag","embeddable":true,"href":"https:\/\/www.depoles.com\/hr\/wp-json\/wp\/v2\/product_tag?post=4981"}],"curies":[{"name":"wp","href":"https:\/\/api.w.org\/{rel}","templated":true}]}}