{"id":4984,"date":"2019-10-18T21:27:38","date_gmt":"2019-10-18T19:27:38","guid":{"rendered":"https:\/\/nova.depoles.com\/trgovina\/struznica-za-les-holzmann-vd-1100n_230v\/"},"modified":"2026-02-12T13:57:01","modified_gmt":"2026-02-12T12:57:01","slug":"struznica-za-les-holzmann-vd-1100n_230v","status":"publish","type":"product","link":"https:\/\/www.depoles.com\/hr\/trgovina\/struznica-za-les-holzmann-vd-1100n_230v\/","title":{"rendered":"DRVENA STRUGA HOLZMANN VD 1100N_230V"},"content":{"rendered":"<p><strong>Specifikacija izdelka<\/strong><\/p>\n<ul>\n<li><strong>Motor:<\/strong>\n<ul>\n<li>Napetost: 230 V<\/li>\n<li>Moc motorja S1: 750 W<\/li>\n<li>Moc motorja S6: 1100 W<\/li>\n<\/ul>\n<\/li>\n<li><strong>Dimenzije:<\/strong>\n<ul>\n<li>Vi\u0161ina mize: 900 mm<\/li>\n<\/ul>\n<\/li>\n<li><strong>Stru\u017enice:<\/strong>\n<ul>\n<li>Potovanje vretena konji\u010dka: 60 mm<\/li>\n<li>Vi\u0161ina kopirnega centra: 80 mm<\/li>\n<li>Hitrost vretena stru\u017enice: 500-2000 min\u207b\u00b9<\/li>\n<li>Konus konji\u010dka: MK2\/MT2<\/li>\n<li>Razdalja med centri: 1100 mm<\/li>\n<li>Vi\u0161ina centra: 185 mm<\/li>\n<li>Vreteno glave: M33 DIN800<\/li>\n<li>Premer vretena: 12 mm<\/li>\n<\/ul>\n<\/li>\n<li><strong>Te\u017ea:<\/strong>\n<ul>\n<li>Bruto te\u017ea: 149 kg<\/li>\n<li>Netto te\u017ea: 119 kg<\/li>\n<\/ul>\n<\/li>\n<li><strong>Embalaza:<\/strong>\n<ul>\n<li>Dol\u017eina embala\u017ee: 1620 mm<\/li>\n<li>\u0160irina embala\u017ee: 340 mm<\/li>\n<li>Vi\u0161ina embala\u017ee: 430 mm<\/li>\n<\/ul>\n<\/li>\n<li><strong>Splo\u0161ni podatki:<\/strong>\n<ul>\n<li>EAN koda: 9120039902920<\/li>\n<\/ul>\n<\/li>\n<\/ul>\n","protected":false},"excerpt":{"rendered":"<h3>Poudarki izdelka<\/h3>\n<ul>\n<li>Strojna postelja iz sivega litega \u017eeleza s stojalom za rep in glavo<\/li>\n<li>Mo\u017enost kopiranja iz glavnega dela ali vzorca<\/li>\n<li>Maksimalna dol\u017eina kopiranja 1000 mm<\/li>\n<li>Repna zaloga, ki se lahko zasuka za 90\u00b0 in omogo\u010da velike premere obra\u010danja<\/li>\n<li>MT2 repna zaloga<\/li>\n<li>Hitro prilagajanje zalog in glave<\/li>\n<li>Velika obrazna plo\u0161\u010da<\/li>\n<\/ul>\n<p><strong>Vklju\u010deno v dobavo:<\/strong> stojalo, \u0161tiri vpenjalna vpenjala, re\u0161ilni krogli\u010dni le\u017eaj, prednja plo\u0161\u010da, ve\u010d orodij, nastavitev za kopiranje in po\u010ditek orodja.<\/p>\n","protected":false},"featured_media":4985,"template":"","meta":[],"product_brand":[],"product_cat":[1012,1037],"product_tag":[],"class_list":{"0":"post-4984","1":"product","2":"type-product","3":"status-publish","4":"has-post-thumbnail","6":"product_cat-stroji-za-les","7":"product_cat-struznice-za-les","9":"first","10":"instock","11":"shipping-taxable","12":"purchasable","13":"product-type-simple"},"_links":{"self":[{"href":"https:\/\/www.depoles.com\/hr\/wp-json\/wp\/v2\/product\/4984","targetHints":{"allow":["GET"]}}],"collection":[{"href":"https:\/\/www.depoles.com\/hr\/wp-json\/wp\/v2\/product"}],"about":[{"href":"https:\/\/www.depoles.com\/hr\/wp-json\/wp\/v2\/types\/product"}],"wp:featuredmedia":[{"embeddable":true,"href":"https:\/\/www.depoles.com\/hr\/wp-json\/wp\/v2\/media\/4985"}],"wp:attachment":[{"href":"https:\/\/www.depoles.com\/hr\/wp-json\/wp\/v2\/media?parent=4984"}],"wp:term":[{"taxonomy":"product_brand","embeddable":true,"href":"https:\/\/www.depoles.com\/hr\/wp-json\/wp\/v2\/product_brand?post=4984"},{"taxonomy":"product_cat","embeddable":true,"href":"https:\/\/www.depoles.com\/hr\/wp-json\/wp\/v2\/product_cat?post=4984"},{"taxonomy":"product_tag","embeddable":true,"href":"https:\/\/www.depoles.com\/hr\/wp-json\/wp\/v2\/product_tag?post=4984"}],"curies":[{"name":"wp","href":"https:\/\/api.w.org\/{rel}","templated":true}]}}