{"id":4987,"date":"2019-10-18T21:27:35","date_gmt":"2019-10-18T19:27:35","guid":{"rendered":"https:\/\/nova.depoles.com\/trgovina\/struznica-za-les-s-kopirno-napravo-holzmann-dbk-1500-400v\/"},"modified":"2026-02-12T13:52:10","modified_gmt":"2026-02-12T12:52:10","slug":"struznica-za-les-s-kopirno-napravo-holzmann-dbk-1500-400v","status":"publish","type":"product","link":"https:\/\/www.depoles.com\/hr\/trgovina\/struznica-za-les-s-kopirno-napravo-holzmann-dbk-1500-400v\/","title":{"rendered":"TOKARILICA ZA DRVO S KOPIRNOM NAPRAVOM HOLZMANN DBK 1500 400V"},"content":{"rendered":"<p><strong>Tehni\u010dni podatki<\/strong><\/p>\n<ul>\n<li><strong>Motor:<\/strong>\n<ul>\n<li>Pogon motorja S1: 1100 W<\/li>\n<li>Pogon motorja S6: 1500 W<\/li>\n<li>Napetost: 400 V<\/li>\n<\/ul>\n<\/li>\n<li><strong>Stru\u017enice:<\/strong>\n<ul>\n<li>Potisk rokava repne vpetja: 100 mm<\/li>\n<li>Vi\u0161ina kopirnega centra: 65 mm<\/li>\n<li>Maksimalna globina kopiranja: 50 mm<\/li>\n<li>Maksimalna dol\u017eina kopiranja: 1300 mm<\/li>\n<li>Hitrost vretena stru\u017enice: 2800\/1950\/1000\/500 min\u207b\u00b9<\/li>\n<li>Sto\u017eec repnega dela: MK2\/MT2<\/li>\n<li>Vreteno glave: M33<\/li>\n<li>Razdalja med centri: 1500 mm<\/li>\n<li>Vi\u0161ina centra: 220 mm<\/li>\n<\/ul>\n<\/li>\n<li><strong>Te\u017ea:<\/strong>\n<ul>\n<li>Bruto te\u017ea: 236 kg<\/li>\n<li>Neto te\u017ea: 210 kg<\/li>\n<\/ul>\n<\/li>\n<li><strong>Embal\u017ea\u017ea:<\/strong>\n<ul>\n<li>Dol\u017eina embala\u017ee: 2320 mm<\/li>\n<li>\u0160irina embala\u017ee: 490 mm<\/li>\n<li>Vi\u0161ina embala\u017ee: 1230 mm<\/li>\n<\/ul>\n<\/li>\n<li><strong>Splo\u0161ni podatki:<\/strong>\n<ul>\n<li>EAN koda: 9120039902005<\/li>\n<\/ul>\n<\/li>\n<\/ul>\n","protected":false},"excerpt":{"rendered":"<h3>STRU\u017dNICA DBK 1500 400V<\/h3>\n<ul>\n<li>trdno in torzijsko odporno ohi\u0161je stroja<\/li>\n<li>masivna in stabilna izvedba stroja<\/li>\n<li>menjava hitrosti preko jermenice<\/li>\n<li>max premer do 440 mm<\/li>\n<li>kopirna naprava v ceni<\/li>\n<li>enostavno enoro\u010dno upravljanje z ekscentri\u010dnim vpenjalnim sistemo<\/li>\n<li>konji\u010dek\u00a0 z M33 in MT2<\/li>\n<li>dolg suport orodja s hitrim sistemom vpenjanja in brezstopenjsko nastavitvijo vi\u0161ine<\/li>\n<li>razli\u010dna dodatna oprema vklju\u010dena v dostavo<\/li>\n<\/ul>\n<p><strong>vklju\u010deno v dobavo:<\/strong> obrazna plo\u0161\u010da 220 mm, vija\u010dna vpenjalna palica, vpenjalna vpenjalna glava 40 mm, vpenjalna glava 3-16 mm, vrtnica B16-MT2, re\u0161ilni center MT2, po\u010ditek orodja, stabilen po\u010ditek, naprava za kopiranje<\/p>\n","protected":false},"featured_media":4988,"template":"","meta":[],"product_brand":[],"product_cat":[1021,1012,1037],"product_tag":[],"class_list":{"0":"post-4987","1":"product","2":"type-product","3":"status-publish","4":"has-post-thumbnail","6":"product_cat-orodja-za-struznice","7":"product_cat-stroji-za-les","8":"product_cat-struznice-za-les","10":"first","11":"instock","12":"shipping-taxable","13":"purchasable","14":"product-type-simple"},"_links":{"self":[{"href":"https:\/\/www.depoles.com\/hr\/wp-json\/wp\/v2\/product\/4987","targetHints":{"allow":["GET"]}}],"collection":[{"href":"https:\/\/www.depoles.com\/hr\/wp-json\/wp\/v2\/product"}],"about":[{"href":"https:\/\/www.depoles.com\/hr\/wp-json\/wp\/v2\/types\/product"}],"wp:featuredmedia":[{"embeddable":true,"href":"https:\/\/www.depoles.com\/hr\/wp-json\/wp\/v2\/media\/4988"}],"wp:attachment":[{"href":"https:\/\/www.depoles.com\/hr\/wp-json\/wp\/v2\/media?parent=4987"}],"wp:term":[{"taxonomy":"product_brand","embeddable":true,"href":"https:\/\/www.depoles.com\/hr\/wp-json\/wp\/v2\/product_brand?post=4987"},{"taxonomy":"product_cat","embeddable":true,"href":"https:\/\/www.depoles.com\/hr\/wp-json\/wp\/v2\/product_cat?post=4987"},{"taxonomy":"product_tag","embeddable":true,"href":"https:\/\/www.depoles.com\/hr\/wp-json\/wp\/v2\/product_tag?post=4987"}],"curies":[{"name":"wp","href":"https:\/\/api.w.org\/{rel}","templated":true}]}}