{"id":4990,"date":"2019-10-18T21:27:33","date_gmt":"2019-10-18T19:27:33","guid":{"rendered":"https:\/\/nova.depoles.com\/trgovina\/struznica-za-les-s-kopirno-napravo-holzmann-dbk-1300-400v\/"},"modified":"2025-12-17T16:54:20","modified_gmt":"2025-12-17T15:54:20","slug":"struznica-za-les-s-kopirno-napravo-holzmann-dbk-1300-400v","status":"publish","type":"product","link":"https:\/\/www.depoles.com\/hr\/trgovina\/struznica-za-les-s-kopirno-napravo-holzmann-dbk-1300-400v\/","title":{"rendered":"TOKARILICA ZA DRVO S KOPIRNOM NAPRAVOM HOLZMANN DBK 1300 400V"},"content":{"rendered":"<p><strong>Tehni\u010dne specifikacije<\/strong><\/p>\n<table>\n<tbody>\n<tr>\n<th colspan=\"2\">Podatki o motorju<\/th>\n<\/tr>\n<tr>\n<td>Napetost<\/td>\n<td>400V<\/td>\n<\/tr>\n<tr>\n<td>Mo\u010d motorja S1 (W)<\/td>\n<td>1100<\/td>\n<\/tr>\n<tr>\n<td>Mo\u010d motorja S6 (W)<\/td>\n<td>1500<\/td>\n<\/tr>\n<tr>\n<th colspan=\"2\">Stru\u017enice<\/th>\n<\/tr>\n<tr>\n<td>Potisk tulca vretena<\/td>\n<td>100 mm<\/td>\n<\/tr>\n<tr>\n<td>Vi\u0161ina kopirnega centra<\/td>\n<td>65 mm<\/td>\n<\/tr>\n<tr>\n<td>Max. globina kopiranja<\/td>\n<td>50 mm<\/td>\n<\/tr>\n<tr>\n<td>Max. dol\u017eina kopiranja<\/td>\n<td>1100 mm<\/td>\n<\/tr>\n<tr>\n<td>Razdalja med centri<\/td>\n<td>1300 mm<\/td>\n<\/tr>\n<tr>\n<td>Vi\u0161ina centra<\/td>\n<td>220 mm<\/td>\n<\/tr>\n<tr>\n<td>Hitrost vretena stru\u017enice (min-1)<\/td>\n<td>2800 \/ 1950 \/ 1000 \/ 500<\/td>\n<\/tr>\n<tr>\n<td>Vreteno tulca<\/td>\n<td>MK2 \/ MT2<\/td>\n<\/tr>\n<tr>\n<td>Vreteno glave<\/td>\n<td>M33<\/td>\n<\/tr>\n<tr>\n<th colspan=\"2\">Te\u017ea<\/th>\n<\/tr>\n<tr>\n<td>Bruto te\u017ea<\/td>\n<td>228 kg<\/td>\n<\/tr>\n<tr>\n<td>Netto te\u017ea<\/td>\n<td>202 kg<\/td>\n<\/tr>\n<tr>\n<th colspan=\"2\">Pakiranje<\/th>\n<\/tr>\n<tr>\n<td>Dol\u017eina pakiranja<\/td>\n<td>2120 mm<\/td>\n<\/tr>\n<tr>\n<td>\u0160irina pakiranja<\/td>\n<td>490 mm<\/td>\n<\/tr>\n<tr>\n<td>Vi\u0161ina pakiranja<\/td>\n<td>1230 mm<\/td>\n<\/tr>\n<tr>\n<th colspan=\"2\">Splo\u0161ni podatki<\/th>\n<\/tr>\n<tr>\n<td>EAN koda<\/td>\n<td>9120039901992<\/td>\n<\/tr>\n<\/tbody>\n<\/table>\n","protected":false},"excerpt":{"rendered":"<h3>STRU\u017dNICA DBK 1300 400V<\/h3>\n<ul>\n<li>trdno in torzijsko odporno ohi\u0161je stroja<\/li>\n<li>masivna in stabilna izvedba stroja<\/li>\n<li>menjava hitrosti preko jermenice<\/li>\n<li>max premer do 440 mm, visina konice 220 mm<\/li>\n<li>4 hitrosti 2800\/1950\/1000\/500 obr\/min\/motor 1500W<\/li>\n<li>kopirna naprava v ceni<\/li>\n<li>enostavno enoro\u010dno upravljanje z ekscentri\u010dnim vpenjalnim sistemo<\/li>\n<li>navoj vretena\u00a0 z M33<\/li>\n<li>konji\u010dek konus MT2<\/li>\n<li>dolg suport orodja s hitrim sistemom vpenjanja in brezstopenjsko nastavitvijo vi\u0161ine<\/li>\n<li>razli\u010dna dodatna oprema vklju\u010dena v dostavo<\/li>\n<\/ul>\n<p><strong>vklju\u010deno v dobavo:<\/strong> planska plo\u0161\u010da 220 mm, vija\u010dna vpenjalna palica,\u00a0 glava 40 mm, vpenjalna glava 3-16 mm, konus B16-MT2, center MT2, suport\u00a0 orodja, naprava za kopiranje<\/p>\n","protected":false},"featured_media":4991,"template":"","meta":[],"product_brand":[],"product_cat":[1021,1012,1037],"product_tag":[],"class_list":{"0":"post-4990","1":"product","2":"type-product","3":"status-publish","4":"has-post-thumbnail","6":"product_cat-orodja-za-struznice","7":"product_cat-stroji-za-les","8":"product_cat-struznice-za-les","10":"first","11":"instock","12":"shipping-taxable","13":"purchasable","14":"product-type-simple"},"_links":{"self":[{"href":"https:\/\/www.depoles.com\/hr\/wp-json\/wp\/v2\/product\/4990","targetHints":{"allow":["GET"]}}],"collection":[{"href":"https:\/\/www.depoles.com\/hr\/wp-json\/wp\/v2\/product"}],"about":[{"href":"https:\/\/www.depoles.com\/hr\/wp-json\/wp\/v2\/types\/product"}],"wp:featuredmedia":[{"embeddable":true,"href":"https:\/\/www.depoles.com\/hr\/wp-json\/wp\/v2\/media\/4991"}],"wp:attachment":[{"href":"https:\/\/www.depoles.com\/hr\/wp-json\/wp\/v2\/media?parent=4990"}],"wp:term":[{"taxonomy":"product_brand","embeddable":true,"href":"https:\/\/www.depoles.com\/hr\/wp-json\/wp\/v2\/product_brand?post=4990"},{"taxonomy":"product_cat","embeddable":true,"href":"https:\/\/www.depoles.com\/hr\/wp-json\/wp\/v2\/product_cat?post=4990"},{"taxonomy":"product_tag","embeddable":true,"href":"https:\/\/www.depoles.com\/hr\/wp-json\/wp\/v2\/product_tag?post=4990"}],"curies":[{"name":"wp","href":"https:\/\/api.w.org\/{rel}","templated":true}]}}