{"id":4993,"date":"2019-10-18T21:27:32","date_gmt":"2019-10-18T19:27:32","guid":{"rendered":"https:\/\/nova.depoles.com\/trgovina\/struznica-za-les-holzmann-d-300f_230v\/"},"modified":"2026-03-14T12:45:03","modified_gmt":"2026-03-14T11:45:03","slug":"struznica-za-les-holzmann-d-300f_230v","status":"publish","type":"product","link":"https:\/\/www.depoles.com\/hr\/trgovina\/struznica-za-les-holzmann-d-300f_230v\/","title":{"rendered":"TOKARICA ZA DRVO HOLZMANN D 300F_230V"},"content":{"rendered":"<p><strong>Specifikacija izdelka<\/strong><\/p>\n<table>\n<tbody>\n<tr>\n<th colspan=\"2\">Motor<\/th>\n<\/tr>\n<tr>\n<td>Napetost<\/td>\n<td>230 V<\/td>\n<\/tr>\n<tr>\n<td>Moc motorja (S1)<\/td>\n<td>250 W<\/td>\n<\/tr>\n<tr>\n<th colspan=\"2\">Stru\u017enice<\/th>\n<\/tr>\n<tr>\n<td>Vi\u0161ina osi (center height)<\/td>\n<td>105 mm<\/td>\n<\/tr>\n<tr>\n<td>Razdalja med osmi (distance between centers)<\/td>\n<td>305 mm<\/td>\n<\/tr>\n<tr>\n<td>Pomik vretena repne konice (tailstock sleeve travel)<\/td>\n<td>35 mm<\/td>\n<\/tr>\n<tr>\n<td>Hitrost vretena (lathe spindle speed)<\/td>\n<td>750-3200 min\u207b\u00b9<\/td>\n<\/tr>\n<tr>\n<td>Repna konica (tailstock cone)<\/td>\n<td>MK1\/MT1<\/td>\n<\/tr>\n<tr>\n<td>Vreteno glave (head stock spindle)<\/td>\n<td>M33 DIN800<\/td>\n<\/tr>\n<tr>\n<th colspan=\"2\">Te\u017ea<\/th>\n<\/tr>\n<tr>\n<td>Bruto te\u017ea<\/td>\n<td>20 kg<\/td>\n<\/tr>\n<tr>\n<td>Netto te\u017ea<\/td>\n<td>19 kg<\/td>\n<\/tr>\n<tr>\n<th colspan=\"2\">Pakiranje<\/th>\n<\/tr>\n<tr>\n<td>\u0160irina pakiranja<\/td>\n<td>335 mm<\/td>\n<\/tr>\n<tr>\n<td>Dol\u017eina pakiranja<\/td>\n<td>710 mm<\/td>\n<\/tr>\n<tr>\n<td>Vi\u0161ina pakiranja<\/td>\n<td>190 mm<\/td>\n<\/tr>\n<tr>\n<th colspan=\"2\">Splo\u0161ni podatki<\/th>\n<\/tr>\n<tr>\n<td>EAN koda<\/td>\n<td>9120058371813<\/td>\n<\/tr>\n<\/tbody>\n<\/table>\n","protected":false},"excerpt":{"rendered":"<h3>Poudarki izdelka<\/h3>\n<p>Stroj ima robustno sivo posteljo iz litega \u017eeleza, vpenjalno vreteno M33 DIN800 ter repno zalogo MT2 s hitrim zaklepanjem. Za tiho in u\u010dinkovito delovanje poskrbi pogon z jermenom POLY-V, medtem ko velika obrazna plo\u0161\u010da premera 145 mm in gumijasta stopala zmanj\u0161ujejo vibracije. Vreteno in repna zaloga imata izvrtino 10 mm, stroj pa je za\u0161\u010diten pred preobremenitvijo.<\/p>\n<ul>\n<li>Vreteno M33 DIN800<\/li>\n<li>Siva strojna postelja iz litega \u017eeleza z naslonom za orodje in glavo iz sive litine<\/li>\n<li>MT2 repna zaloga s hitrim zaklepanjem<\/li>\n<li>Izjemno tiha vo\u017enja s pasom POLY-V<\/li>\n<li>Podalj\u0161an po\u010ditek orodja s hitrim zaklepanjem<\/li>\n<li>Hitro prilagajanje repne zaloge<\/li>\n<li>Velika obrazna plo\u0161\u010da \u00d8145 mm<\/li>\n<li>Gumijasta stopala za zmanj\u0161anje vibracij<\/li>\n<li>Vreteno in repna zaloga z izvrtino 10 mm<\/li>\n<li>Za\u0161\u010dita pred preobremenitvijo<\/li>\n<li>Potrebna EMV za\u0161\u010dita pri uporabi v mestnih obmo\u010djih (elektri\u010dni filter razreda B)<\/li>\n<\/ul>\n<p><strong>Vklju\u010deno v dostavo:<\/strong> vpenjalna vpenjala s \u0161tirih strani, re\u0161ilni center, obrazna plo\u0161\u010da, 2x naslon za roke in ve\u010d orodij.<\/p>\n","protected":false},"featured_media":4994,"template":"","meta":[],"product_brand":[],"product_cat":[1012,1037],"product_tag":[],"class_list":{"0":"post-4993","1":"product","2":"type-product","3":"status-publish","4":"has-post-thumbnail","6":"product_cat-stroji-za-les","7":"product_cat-struznice-za-les","9":"first","10":"instock","11":"shipping-taxable","12":"purchasable","13":"product-type-simple"},"_links":{"self":[{"href":"https:\/\/www.depoles.com\/hr\/wp-json\/wp\/v2\/product\/4993","targetHints":{"allow":["GET"]}}],"collection":[{"href":"https:\/\/www.depoles.com\/hr\/wp-json\/wp\/v2\/product"}],"about":[{"href":"https:\/\/www.depoles.com\/hr\/wp-json\/wp\/v2\/types\/product"}],"wp:featuredmedia":[{"embeddable":true,"href":"https:\/\/www.depoles.com\/hr\/wp-json\/wp\/v2\/media\/4994"}],"wp:attachment":[{"href":"https:\/\/www.depoles.com\/hr\/wp-json\/wp\/v2\/media?parent=4993"}],"wp:term":[{"taxonomy":"product_brand","embeddable":true,"href":"https:\/\/www.depoles.com\/hr\/wp-json\/wp\/v2\/product_brand?post=4993"},{"taxonomy":"product_cat","embeddable":true,"href":"https:\/\/www.depoles.com\/hr\/wp-json\/wp\/v2\/product_cat?post=4993"},{"taxonomy":"product_tag","embeddable":true,"href":"https:\/\/www.depoles.com\/hr\/wp-json\/wp\/v2\/product_tag?post=4993"}],"curies":[{"name":"wp","href":"https:\/\/api.w.org\/{rel}","templated":true}]}}