{"id":4995,"date":"2019-10-18T21:27:30","date_gmt":"2019-10-18T19:27:30","guid":{"rendered":"https:\/\/nova.depoles.com\/trgovina\/struznica-za-les-s-kopirko-holzmann-dbk-1300-230v\/"},"modified":"2026-02-12T13:56:47","modified_gmt":"2026-02-12T12:56:47","slug":"struznica-za-les-s-kopirko-holzmann-dbk-1300-230v","status":"publish","type":"product","link":"https:\/\/www.depoles.com\/hr\/trgovina\/struznica-za-les-s-kopirko-holzmann-dbk-1300-230v\/","title":{"rendered":"TOKARILICA ZA DRVO S KOPIRKOM HOLZMANN DBK 1300 230V"},"content":{"rendered":"<p><strong>Tehni\u010dni podatki<\/strong><\/p>\n<table>\n<tbody>\n<tr>\n<th colspan=\"2\">Motor<\/th>\n<\/tr>\n<tr>\n<td>Napetost<\/td>\n<td>230 V<\/td>\n<\/tr>\n<tr>\n<td>Mo\u010d motorja S1<\/td>\n<td>1100 W<\/td>\n<\/tr>\n<tr>\n<td>Mo\u010d motorja S6<\/td>\n<td>1500 W<\/td>\n<\/tr>\n<tr>\n<th colspan=\"2\">Stru\u017enice<\/th>\n<\/tr>\n<tr>\n<td>Vi\u0161ina osi<\/td>\n<td>220 mm<\/td>\n<\/tr>\n<tr>\n<td>Razdalja med osmi<\/td>\n<td>1300 mm<\/td>\n<\/tr>\n<tr>\n<td>Hod repne vretenice<\/td>\n<td>100 mm<\/td>\n<\/tr>\n<tr>\n<td>Vi\u0161ina kopirne osi<\/td>\n<td>65 mm<\/td>\n<\/tr>\n<tr>\n<td>Max. globina kopiranja<\/td>\n<td>50 mm<\/td>\n<\/tr>\n<tr>\n<td>Max. dol\u017eina kopiranja<\/td>\n<td>1100 mm<\/td>\n<\/tr>\n<tr>\n<td>Hitrost vretena stru\u017enice<\/td>\n<td>2800\/1950\/1000\/500 min\u207b\u00b9<\/td>\n<\/tr>\n<tr>\n<td>Ku\u017eni sto\u017eec repne vretenice<\/td>\n<td>MK2\/MT2<\/td>\n<\/tr>\n<tr>\n<td>Glavno vreteno vretena<\/td>\n<td>M33<\/td>\n<\/tr>\n<tr>\n<th colspan=\"2\">Te\u017ea<\/th>\n<\/tr>\n<tr>\n<td>Bruto te\u017ea<\/td>\n<td>228 kg<\/td>\n<\/tr>\n<tr>\n<td>Netto te\u017ea<\/td>\n<td>202 kg<\/td>\n<\/tr>\n<tr>\n<th colspan=\"2\">Pakiranje<\/th>\n<\/tr>\n<tr>\n<td>Dol\u017eina pakiranja<\/td>\n<td>2120 mm<\/td>\n<\/tr>\n<tr>\n<td>\u0160irina pakiranja<\/td>\n<td>490 mm<\/td>\n<\/tr>\n<tr>\n<td>Vi\u0161ina pakiranja<\/td>\n<td>1230 mm<\/td>\n<\/tr>\n<tr>\n<th colspan=\"2\">Splo\u0161ni podatki<\/th>\n<\/tr>\n<tr>\n<td>EAN koda<\/td>\n<td>9120039907475<\/td>\n<\/tr>\n<\/tbody>\n<\/table>\n","protected":false},"excerpt":{"rendered":"<h3>Poudarki izdelka<\/h3>\n<ul>\n<li>Trdno in torzijsko odporno jekleno kopi\u010denje<\/li>\n<li>Enostavno ro\u010dno upravljanje z ekscentri\u010dnim vpenjalnim sistemom<\/li>\n<li>Trden rep z dvojnim vodilnim sistemom<\/li>\n<li>Repni del z M33 in MT2<\/li>\n<li>Dolg po\u010ditek orodja s hitrim sistemom vpenjanja ter brezstopenjsko nastavitvijo vi\u0161ine<\/li>\n<li>Razli\u010dna dodatna oprema vklju\u010dena v dobavo<\/li>\n<\/ul>\n<p><strong>Vklju\u010deno v dobavo:<\/strong> obrazna plo\u0161\u010da 220 mm, vija\u010dna vpenjalna palica, vpenjalna glava 40 mm, vpenjalna glava 3-16 mm, vrtnica B16-MT2, re\u0161ilni center MT2, po\u010ditek orodja, stabilen po\u010ditek, naprava za kopiranje.<\/p>\n","protected":false},"featured_media":4996,"template":"","meta":[],"product_brand":[],"product_cat":[1021,1012,1037],"product_tag":[],"class_list":{"0":"post-4995","1":"product","2":"type-product","3":"status-publish","4":"has-post-thumbnail","6":"product_cat-orodja-za-struznice","7":"product_cat-stroji-za-les","8":"product_cat-struznice-za-les","10":"first","11":"instock","12":"shipping-taxable","13":"purchasable","14":"product-type-simple"},"_links":{"self":[{"href":"https:\/\/www.depoles.com\/hr\/wp-json\/wp\/v2\/product\/4995","targetHints":{"allow":["GET"]}}],"collection":[{"href":"https:\/\/www.depoles.com\/hr\/wp-json\/wp\/v2\/product"}],"about":[{"href":"https:\/\/www.depoles.com\/hr\/wp-json\/wp\/v2\/types\/product"}],"wp:featuredmedia":[{"embeddable":true,"href":"https:\/\/www.depoles.com\/hr\/wp-json\/wp\/v2\/media\/4996"}],"wp:attachment":[{"href":"https:\/\/www.depoles.com\/hr\/wp-json\/wp\/v2\/media?parent=4995"}],"wp:term":[{"taxonomy":"product_brand","embeddable":true,"href":"https:\/\/www.depoles.com\/hr\/wp-json\/wp\/v2\/product_brand?post=4995"},{"taxonomy":"product_cat","embeddable":true,"href":"https:\/\/www.depoles.com\/hr\/wp-json\/wp\/v2\/product_cat?post=4995"},{"taxonomy":"product_tag","embeddable":true,"href":"https:\/\/www.depoles.com\/hr\/wp-json\/wp\/v2\/product_tag?post=4995"}],"curies":[{"name":"wp","href":"https:\/\/api.w.org\/{rel}","templated":true}]}}