{"id":4998,"date":"2019-10-18T21:27:29","date_gmt":"2019-10-18T19:27:29","guid":{"rendered":"https:\/\/nova.depoles.com\/trgovina\/struznica-d460f_230v\/"},"modified":"2026-02-12T13:54:09","modified_gmt":"2026-02-12T12:54:09","slug":"struznica-d460f_230v","status":"publish","type":"product","link":"https:\/\/www.depoles.com\/hr\/trgovina\/struznica-d460f_230v\/","title":{"rendered":"Strug za drvo HOLZMANN D460F_230V"},"content":{"rendered":"<p><strong>Tehni\u010dni podatki<\/strong><\/p>\n<ul>\n<li><strong>Motor<\/strong>\n<ul>\n<li>Napetost: 230V<\/li>\n<li>Mo\u010d motorja S1: 400 W<\/li>\n<li>Mo\u010d motorja S6: 600 W<\/li>\n<\/ul>\n<\/li>\n<li><strong>Stru\u017enice<\/strong>\n<ul>\n<li>Vi\u0161ina osi: 130 mm<\/li>\n<li>Razdalja med osmi: 460 mm<\/li>\n<li>Hod konji\u010dka: 55 mm<\/li>\n<li>Hitrost vretena (min-1): 650-1450 \/ 1250-2800 \/ 1600-3800<\/li>\n<li>Konji\u010dek: MK2\/MT2<\/li>\n<li>Vreteno glave: M33 DIN800<\/li>\n<\/ul>\n<\/li>\n<li><strong>Te\u017ea<\/strong>\n<ul>\n<li>Bruto te\u017ea: 36 kg<\/li>\n<li>Netto te\u017ea: 34 kg<\/li>\n<\/ul>\n<\/li>\n<li><strong>Embala\u017ea<\/strong>\n<ul>\n<li>\u0160irina embala\u017ee: 430 mm<\/li>\n<li>Dol\u017eina embala\u017ee: 840 mm<\/li>\n<li>Vi\u0161ina embala\u017ee: 300 mm<\/li>\n<\/ul>\n<\/li>\n<li><strong>Splo\u0161ni podatki<\/strong>\n<ul>\n<li>EAN koda: 9120039901336<\/li>\n<\/ul>\n<\/li>\n<\/ul>\n","protected":false},"excerpt":{"rendered":"<h3>Poudarki izdelka<\/h3>\n<ul>\n<li>Vreteno M33 DIN800<\/li>\n<li>Siva strojna postelja iz litega \u017eeleza, repna zaloga, naslon za orodje in glava iz sive litine<\/li>\n<li>MT2 repna zaloga s sistemom za hitro zaklepanje<\/li>\n<li>Izjemno tiha vo\u017enja s pasom POLY-V<\/li>\n<li>Podalj\u0161ani naslon za orodje 300 mm s sistemom za hitro zaklepanje<\/li>\n<li>Hitro prilagajanje repnih zalog<\/li>\n<li>Velika obrazna plo\u0161\u010da premera 145 mm, gumijasta stopala za zmanj\u0161anje vibracij<\/li>\n<li>Vreteno in repna zaloga z izvrtino 10 mm<\/li>\n<li>Izdelek spada med elektri\u010dne filtre razreda B in zahteva EMV za\u0161\u010dito pri uporabi na mestnih obmo\u010djih<\/li>\n<\/ul>\n<p><strong>Vklju\u010deno v dostavo:<\/strong> vpenjalna vpenjala s \u0161tirih strani, re\u0161ilni center, obrazna plo\u0161\u010da, 2x naslon za roke ter ve\u010d orodij.<\/p>\n","protected":false},"featured_media":4999,"template":"","meta":[],"product_brand":[],"product_cat":[1012,1037],"product_tag":[],"class_list":{"0":"post-4998","1":"product","2":"type-product","3":"status-publish","4":"has-post-thumbnail","6":"product_cat-stroji-za-les","7":"product_cat-struznice-za-les","9":"first","10":"instock","11":"shipping-taxable","12":"purchasable","13":"product-type-simple"},"_links":{"self":[{"href":"https:\/\/www.depoles.com\/hr\/wp-json\/wp\/v2\/product\/4998","targetHints":{"allow":["GET"]}}],"collection":[{"href":"https:\/\/www.depoles.com\/hr\/wp-json\/wp\/v2\/product"}],"about":[{"href":"https:\/\/www.depoles.com\/hr\/wp-json\/wp\/v2\/types\/product"}],"wp:featuredmedia":[{"embeddable":true,"href":"https:\/\/www.depoles.com\/hr\/wp-json\/wp\/v2\/media\/4999"}],"wp:attachment":[{"href":"https:\/\/www.depoles.com\/hr\/wp-json\/wp\/v2\/media?parent=4998"}],"wp:term":[{"taxonomy":"product_brand","embeddable":true,"href":"https:\/\/www.depoles.com\/hr\/wp-json\/wp\/v2\/product_brand?post=4998"},{"taxonomy":"product_cat","embeddable":true,"href":"https:\/\/www.depoles.com\/hr\/wp-json\/wp\/v2\/product_cat?post=4998"},{"taxonomy":"product_tag","embeddable":true,"href":"https:\/\/www.depoles.com\/hr\/wp-json\/wp\/v2\/product_tag?post=4998"}],"curies":[{"name":"wp","href":"https:\/\/api.w.org\/{rel}","templated":true}]}}