{"id":5000,"date":"2019-10-18T21:27:28","date_gmt":"2019-10-18T19:27:28","guid":{"rendered":"https:\/\/nova.depoles.com\/trgovina\/struznica-za-les-holzmann-d460fxl_230v\/"},"modified":"2026-02-12T13:57:44","modified_gmt":"2026-02-12T12:57:44","slug":"struznica-za-les-holzmann-d460fxl_230v","status":"publish","type":"product","link":"https:\/\/www.depoles.com\/hr\/trgovina\/struznica-za-les-holzmann-d460fxl_230v\/","title":{"rendered":"TOKARILICA ZA DRVO HOLZMANN D460FXL_230V"},"content":{"rendered":"<p><strong>Tehni\u010dni podatki<\/strong><\/p>\n<table>\n<tbody>\n<tr>\n<th colspan=\"2\">Podatki o motorju<\/th>\n<\/tr>\n<tr>\n<td>Napetost<\/td>\n<td>230V<\/td>\n<\/tr>\n<tr>\n<td>Mo\u010d motorja S1 (W)<\/td>\n<td>500<\/td>\n<\/tr>\n<tr>\n<td>Mo\u010d motorja S6 (W)<\/td>\n<td>770<\/td>\n<\/tr>\n<tr>\n<th colspan=\"2\">Stru\u017enice<\/th>\n<\/tr>\n<tr>\n<td>Razdalja med sredinama (mm)<\/td>\n<td>460<\/td>\n<\/tr>\n<tr>\n<td>Vi\u0161ina sredine (mm)<\/td>\n<td>153<\/td>\n<\/tr>\n<tr>\n<td>Potovanje vretena repne vpenjalke (mm)<\/td>\n<td>55<\/td>\n<\/tr>\n<tr>\n<td>Hitrost vretena stru\u017enice (min\u207b\u00b9)<\/td>\n<td>650-1450 \/ 1250-2800 \/ 1600-3800<\/td>\n<\/tr>\n<tr>\n<td>Konus repne vpenjalke<\/td>\n<td>MK2\/MT2<\/td>\n<\/tr>\n<tr>\n<td>Vreteno glave<\/td>\n<td>M33<\/td>\n<\/tr>\n<tr>\n<th colspan=\"2\">Te\u017ea<\/th>\n<\/tr>\n<tr>\n<td>Bruto te\u017ea (kg)<\/td>\n<td>40<\/td>\n<\/tr>\n<tr>\n<td>Netto te\u017ea (kg)<\/td>\n<td>38<\/td>\n<\/tr>\n<tr>\n<th colspan=\"2\">Pakiranje<\/th>\n<\/tr>\n<tr>\n<td>Dol\u017eina pakiranja (mm)<\/td>\n<td>840<\/td>\n<\/tr>\n<tr>\n<td>\u0160irina pakiranja (mm)<\/td>\n<td>460<\/td>\n<\/tr>\n<tr>\n<td>Vi\u0161ina pakiranja (mm)<\/td>\n<td>300<\/td>\n<\/tr>\n<tr>\n<th colspan=\"2\">Splo\u0161ni podatki<\/th>\n<\/tr>\n<tr>\n<td>EAN koda<\/td>\n<td>9120039902562<\/td>\n<\/tr>\n<\/tbody>\n<\/table>\n","protected":false},"excerpt":{"rendered":"<h6>tudi na obroke leanpay \/takoj<\/h6>\n<ul>\n<li>poseben model XL z podalj\u0161ano vi\u0161ino centar za stu\u017eenje ve\u010djih premerov<\/li>\n<li>konica vi\u0161ine 153 mm<\/li>\n<li>nastavljiva hitrost obratov preko potenciometra<\/li>\n<li>omogo\u010da veliko razli\u010dnih na\u010dinov obdelave<\/li>\n<li>PLC display z prikazom obratov<\/li>\n<li>udobno delo zaradi nastvka\u00a0 za\u00a0 orodja in hitro prilagajanje<\/li>\n<li>konjicek MK2 konus<\/li>\n<\/ul>\n<p><strong>vklju\u010deno v dobavo:<\/strong> dolg in kratek nastvek za orodje, obrazna plo\u0161\u010da, re\u0161ilni center, 4-stranski vpenjalni vijak, operacijska orodja<\/p>\n<p><strong>DOPLA\u010cILA<\/strong>: podalj\u0161ek postelje (stru\u017ena dol\u017eina do 990 mm), stojalo, stru\u017eni no\u017ei ,orodja, no\u017ei sesalec za ABS 850 DBK&#8230;<\/p>\n","protected":false},"featured_media":5001,"template":"","meta":[],"product_brand":[],"product_cat":[1012,1037],"product_tag":[288,314,317,385,441,804,832,833],"class_list":{"0":"post-5000","1":"product","2":"type-product","3":"status-publish","4":"has-post-thumbnail","6":"product_cat-stroji-za-les","7":"product_cat-struznice-za-les","8":"product_tag-d460","9":"product_tag-depoles","10":"product_tag-dfxl","11":"product_tag-fxl","12":"product_tag-holzmann","13":"product_tag-struznica","14":"product_tag-tokarica","15":"product_tag-tokarilica","17":"first","18":"instock","19":"shipping-taxable","20":"purchasable","21":"product-type-simple"},"_links":{"self":[{"href":"https:\/\/www.depoles.com\/hr\/wp-json\/wp\/v2\/product\/5000","targetHints":{"allow":["GET"]}}],"collection":[{"href":"https:\/\/www.depoles.com\/hr\/wp-json\/wp\/v2\/product"}],"about":[{"href":"https:\/\/www.depoles.com\/hr\/wp-json\/wp\/v2\/types\/product"}],"wp:featuredmedia":[{"embeddable":true,"href":"https:\/\/www.depoles.com\/hr\/wp-json\/wp\/v2\/media\/5001"}],"wp:attachment":[{"href":"https:\/\/www.depoles.com\/hr\/wp-json\/wp\/v2\/media?parent=5000"}],"wp:term":[{"taxonomy":"product_brand","embeddable":true,"href":"https:\/\/www.depoles.com\/hr\/wp-json\/wp\/v2\/product_brand?post=5000"},{"taxonomy":"product_cat","embeddable":true,"href":"https:\/\/www.depoles.com\/hr\/wp-json\/wp\/v2\/product_cat?post=5000"},{"taxonomy":"product_tag","embeddable":true,"href":"https:\/\/www.depoles.com\/hr\/wp-json\/wp\/v2\/product_tag?post=5000"}],"curies":[{"name":"wp","href":"https:\/\/api.w.org\/{rel}","templated":true}]}}