{"id":5016,"date":"2019-10-18T21:27:26","date_gmt":"2019-10-18T19:27:26","guid":{"rendered":"https:\/\/nova.depoles.com\/trgovina\/struznica-d510f_230v\/"},"modified":"2026-02-12T13:50:54","modified_gmt":"2026-02-12T12:50:54","slug":"struznica-d510f_230v","status":"publish","type":"product","link":"https:\/\/www.depoles.com\/hr\/trgovina\/struznica-d510f_230v\/","title":{"rendered":"Tokarski stroj za drvo HOLZMANN D510F_230V"},"content":{"rendered":"<p><strong>Tehni\u010dna specifikacija<\/strong><\/p>\n<ul>\n<li><strong>Podatki o motorju<\/strong>\n<ul>\n<li>Napetost: 230V \/ 50 Hz<\/li>\n<li>Mo\u010d motorja S1: 735 W<\/li>\n<\/ul>\n<\/li>\n<li><strong>Dimenzije<\/strong>\n<ul>\n<li>Skupne dimenzije (v mm): 1130(960) x 195 x 445<\/li>\n<\/ul>\n<\/li>\n<li><strong>Stru\u017enice<\/strong>\n<ul>\n<li>Hitrost vretena (v min-1): (1) 250-720, (2) 550-1650, (3) 1300-3850<\/li>\n<li>Premer vretena (v mm): 10<\/li>\n<li>Vreteno nosilec: MK2 \/ MT2<\/li>\n<li>Razpon gibanja vretena repa: 52 mm<\/li>\n<li>Razdalja med konicama (v mm): 510<\/li>\n<li>Vi\u0161ina centra (v mm): 160<\/li>\n<li>Glavno vreteno glave: M33 DIN800<\/li>\n<\/ul>\n<\/li>\n<li><strong>Raven zvoka in vibracije<\/strong>\n<ul>\n<li>Raven zvo\u010dne mo\u010di: 91,5 dB(A)<\/li>\n<li>Raven zvo\u010dnega tlaka: 78,5 dB(A)<\/li>\n<\/ul>\n<\/li>\n<li><strong>Te\u017ea<\/strong>\n<ul>\n<li>Bruto te\u017ea: 57 kg<\/li>\n<li>Netto te\u017ea: 52 kg<\/li>\n<\/ul>\n<\/li>\n<li><strong>Embal\u017ea\u017ea<\/strong>\n<ul>\n<li>\u0160irina embala\u017ee (v mm): 545<\/li>\n<li>Dol\u017eina embala\u017ee (v mm): 995<\/li>\n<li>Vi\u0161ina embala\u017ee (v mm): 335<\/li>\n<\/ul>\n<\/li>\n<li><strong>Splo\u0161ni podatki<\/strong>\n<ul>\n<li>EAN koda: 9120058372377<\/li>\n<\/ul>\n<\/li>\n<\/ul>\n","protected":false},"excerpt":{"rendered":"<h3>Poudarki<\/h3>\n<p>Profesionalno natan\u010dno orodje iz sivega litega \u017eeleza z vrsto naprednih funkcij:<\/p>\n<ul>\n<li>spremenljivo krmiljenje hitrosti z mini frekven\u010dnim pretvornikom za visok navor pri nizkih hitrostih<\/li>\n<li>visok standard koncentracije vretena<\/li>\n<li>upravljanje z roko vretena in naslon za orodje z mehanizmom zaklepanja<\/li>\n<li>kovinski ro\u010daji obdelani s kromiranim lakom<\/li>\n<li>vreteno nastavljivo na vseh 15 stopinj<\/li>\n<li>vrtenje levo-desno<\/li>\n<li>LCD merilnik hitrosti<\/li>\n<li><strong>neobvezno:<\/strong> podalj\u0161ki postelje (644 mm) D 510FBVL<\/li>\n<\/ul>\n<p><strong>Vsebina dobave:<\/strong> preizkus orodja, 2x sredinska to\u010dka, dodatna orodja, obrazna plo\u0161\u010da.<\/p>\n","protected":false},"featured_media":5017,"template":"","meta":[],"product_brand":[],"product_cat":[1012,1037],"product_tag":[],"class_list":{"0":"post-5016","1":"product","2":"type-product","3":"status-publish","4":"has-post-thumbnail","6":"product_cat-stroji-za-les","7":"product_cat-struznice-za-les","9":"first","10":"instock","11":"shipping-taxable","12":"purchasable","13":"product-type-simple"},"_links":{"self":[{"href":"https:\/\/www.depoles.com\/hr\/wp-json\/wp\/v2\/product\/5016","targetHints":{"allow":["GET"]}}],"collection":[{"href":"https:\/\/www.depoles.com\/hr\/wp-json\/wp\/v2\/product"}],"about":[{"href":"https:\/\/www.depoles.com\/hr\/wp-json\/wp\/v2\/types\/product"}],"wp:featuredmedia":[{"embeddable":true,"href":"https:\/\/www.depoles.com\/hr\/wp-json\/wp\/v2\/media\/5017"}],"wp:attachment":[{"href":"https:\/\/www.depoles.com\/hr\/wp-json\/wp\/v2\/media?parent=5016"}],"wp:term":[{"taxonomy":"product_brand","embeddable":true,"href":"https:\/\/www.depoles.com\/hr\/wp-json\/wp\/v2\/product_brand?post=5016"},{"taxonomy":"product_cat","embeddable":true,"href":"https:\/\/www.depoles.com\/hr\/wp-json\/wp\/v2\/product_cat?post=5016"},{"taxonomy":"product_tag","embeddable":true,"href":"https:\/\/www.depoles.com\/hr\/wp-json\/wp\/v2\/product_tag?post=5016"}],"curies":[{"name":"wp","href":"https:\/\/api.w.org\/{rel}","templated":true}]}}