{"id":5019,"date":"2019-10-18T21:27:25","date_gmt":"2019-10-18T19:27:25","guid":{"rendered":"https:\/\/nova.depoles.com\/trgovina\/struznica-d460_230v\/"},"modified":"2026-02-12T13:55:54","modified_gmt":"2026-02-12T12:55:54","slug":"struznica-d460_230v","status":"publish","type":"product","link":"https:\/\/www.depoles.com\/hr\/trgovina\/struznica-d460_230v\/","title":{"rendered":"Strug za drvo HOLZMANN D460_230V"},"content":{"rendered":"<p><strong>Specifikacija izdelka<\/strong><\/p>\n<ul>\n<li><strong>Motor<\/strong>\n<ul>\n<li>Napetost: 230V<\/li>\n<li>Mo\u010d motorja S1: 400 W<\/li>\n<li>Mo\u010d motorja S6: 600 W<\/li>\n<\/ul>\n<\/li>\n<li><strong>Stru\u017enice<\/strong>\n<ul>\n<li>Hitrost vretena (min-1): 600 \/ 910 \/ 1340 \/ 1960 \/ 2800<\/li>\n<li>Vi\u0161ina sredi\u0161\u010da: 130 mm<\/li>\n<li>Razdalja med sredi\u0161\u010dema: 460 mm<\/li>\n<li>Konus repne glave: MK2\/MT2<\/li>\n<li>Potovanje pu\u0161e repne glave: 55 mm<\/li>\n<li>Vreteno glave: M33 DIN800<\/li>\n<\/ul>\n<\/li>\n<li><strong>Te\u017ea<\/strong>\n<ul>\n<li>Bruto te\u017ea: 36 kg<\/li>\n<li>Netto te\u017ea: 34 kg<\/li>\n<\/ul>\n<\/li>\n<li><strong>Embala\u017ea<\/strong>\n<ul>\n<li>Dol\u017eina embala\u017ee: 840 mm<\/li>\n<li>\u0160irina embala\u017ee: 430 mm<\/li>\n<li>Vi\u0161ina embala\u017ee: 300 mm<\/li>\n<\/ul>\n<\/li>\n<li><strong>Splo\u0161ni podatki<\/strong>\n<ul>\n<li>EAN koda: 9120039900100<\/li>\n<\/ul>\n<\/li>\n<\/ul>\n","protected":false},"excerpt":{"rendered":"<h3>Poudarki izdelka<\/h3>\n<ul>\n<li>Vreteno M33 DIN800<\/li>\n<li>Siva strojna postelja iz litega \u017eeleza, zaloga za rep, naslon za orodje in glava iz sive litine<\/li>\n<li>MT2 repna zaloga s sistemom za hitro zaklepanje<\/li>\n<li>Izjemno tiha vo\u017enja s pasom POLY-V<\/li>\n<li>Podalj\u0161ani naslon za orodje 300 mm s sistemom za hitro zaklepanje<\/li>\n<li>Hitro nastavljiva zaloga za rep<\/li>\n<li>Velika obrazna plo\u0161\u010da \u00d8145 mm, gumijasta stopala za zmanj\u0161anje vibracij<\/li>\n<li>Izvrtina vretena in repne zaloge 10 mm<\/li>\n<li>Izdelek je elektri\u010dni filter razreda B in ga je treba za\u0161\u010dititi z EMV, \u010de se uporablja na mestnih obmo\u010djih<\/li>\n<\/ul>\n<p><strong>Vklju\u010deno v dostavo:<\/strong> vpenjalna vpenjala s 4 strani, re\u0161ilni center, obrazna plo\u0161\u010da, 2x naslon za roke, ve\u010d orodij.<\/p>\n","protected":false},"featured_media":5020,"template":"","meta":[],"product_brand":[],"product_cat":[1012,1037],"product_tag":[],"class_list":{"0":"post-5019","1":"product","2":"type-product","3":"status-publish","4":"has-post-thumbnail","6":"product_cat-stroji-za-les","7":"product_cat-struznice-za-les","9":"first","10":"instock","11":"shipping-taxable","12":"purchasable","13":"product-type-simple"},"_links":{"self":[{"href":"https:\/\/www.depoles.com\/hr\/wp-json\/wp\/v2\/product\/5019","targetHints":{"allow":["GET"]}}],"collection":[{"href":"https:\/\/www.depoles.com\/hr\/wp-json\/wp\/v2\/product"}],"about":[{"href":"https:\/\/www.depoles.com\/hr\/wp-json\/wp\/v2\/types\/product"}],"wp:featuredmedia":[{"embeddable":true,"href":"https:\/\/www.depoles.com\/hr\/wp-json\/wp\/v2\/media\/5020"}],"wp:attachment":[{"href":"https:\/\/www.depoles.com\/hr\/wp-json\/wp\/v2\/media?parent=5019"}],"wp:term":[{"taxonomy":"product_brand","embeddable":true,"href":"https:\/\/www.depoles.com\/hr\/wp-json\/wp\/v2\/product_brand?post=5019"},{"taxonomy":"product_cat","embeddable":true,"href":"https:\/\/www.depoles.com\/hr\/wp-json\/wp\/v2\/product_cat?post=5019"},{"taxonomy":"product_tag","embeddable":true,"href":"https:\/\/www.depoles.com\/hr\/wp-json\/wp\/v2\/product_tag?post=5019"}],"curies":[{"name":"wp","href":"https:\/\/api.w.org\/{rel}","templated":true}]}}