{"id":5022,"date":"2019-10-18T21:27:22","date_gmt":"2019-10-18T19:27:22","guid":{"rendered":"https:\/\/nova.depoles.com\/trgovina\/copy-wood-turning-lathe-vd1100eco_230v\/"},"modified":"2026-02-12T13:52:19","modified_gmt":"2026-02-12T12:52:19","slug":"copy-wood-turning-lathe-vd1100eco_230v","status":"publish","type":"product","link":"https:\/\/www.depoles.com\/hr\/trgovina\/copy-wood-turning-lathe-vd1100eco_230v\/","title":{"rendered":"Tokarska glodalica za drvo HOLZMANN VD1100ECO_230V"},"content":{"rendered":"<p><strong>Specifikacija izdelka<\/strong><\/p>\n<table>\n<tr>\n<th colspan=\"2\">Podatki o motorju<\/th>\n<\/tr>\n<tr>\n<td>Mo\u010d motorja S1<\/td>\n<td>750 W<\/td>\n<\/tr>\n<tr>\n<td>Hitrost<\/td>\n<td>1400 min\u207b\u00b9<\/td>\n<\/tr>\n<tr>\n<td>Naprava napetosti<\/td>\n<td>230V 50Hz<\/td>\n<\/tr>\n<tr>\n<th colspan=\"2\">Stru\u017enice<\/th>\n<\/tr>\n<tr>\n<td>Vi\u0161ina sredi\u0161\u010da<\/td>\n<td>175 mm<\/td>\n<\/tr>\n<tr>\n<td>Razdalja med sredi\u0161\u010di<\/td>\n<td>1000 mm<\/td>\n<\/tr>\n<tr>\n<td>Hod vretena repne glave<\/td>\n<td>120 mm<\/td>\n<\/tr>\n<tr>\n<td>Vreteno nosilca<\/td>\n<td>MK2<\/td>\n<\/tr>\n<tr>\n<td>Premer vretena<\/td>\n<td>10 mm<\/td>\n<\/tr>\n<tr>\n<td>Hitrost vretena stru\u017enice<\/td>\n<td>500-2000 min\u207b\u00b9<\/td>\n<\/tr>\n<tr>\n<th colspan=\"2\">Te\u017ea<\/th>\n<\/tr>\n<tr>\n<td>Netote\u017ea<\/td>\n<td>78 kg<\/td>\n<\/tr>\n<tr>\n<td>Bruto te\u017ea<\/td>\n<td>80 kg<\/td>\n<\/tr>\n<tr>\n<th colspan=\"2\">Embala\u017ea<\/th>\n<\/tr>\n<tr>\n<td>Vi\u0161ina embala\u017ee<\/td>\n<td>460 mm<\/td>\n<\/tr>\n<tr>\n<td>Dol\u017eina embala\u017ee<\/td>\n<td>1480 mm<\/td>\n<\/tr>\n<tr>\n<td>\u0160irina embala\u017ee<\/td>\n<td>410 mm<\/td>\n<\/tr>\n<tr>\n<th colspan=\"2\">Splo\u0161ni podatki<\/th>\n<\/tr>\n<tr>\n<td>EAN koda<\/td>\n<td>9120058375743<\/td>\n<\/tr>\n<\/table>\n","protected":false},"excerpt":{"rendered":"<h3>Poudarki<\/h3>\n<ul>\n<li>Naprava za kopiranje izvirnikov ali predlog<\/li>\n<li>Za\u010detni model z odli\u010dnim razmerjem med kakovostjo in ceno<\/li>\n<li>Visoka stopnja koncentri\u010dnosti<\/li>\n<li>Spremenljiv nadzor hitrosti<\/li>\n<\/ul>\n<p><strong>Vsebina dostave:<\/strong> naprava za kopiranje, obrazna plo\u0161\u010da, nabor orodij<\/p>\n","protected":false},"featured_media":5023,"template":"","meta":[],"product_brand":[],"product_cat":[1012,1037],"product_tag":[],"class_list":{"0":"post-5022","1":"product","2":"type-product","3":"status-publish","4":"has-post-thumbnail","6":"product_cat-stroji-za-les","7":"product_cat-struznice-za-les","9":"first","10":"instock","11":"shipping-taxable","12":"purchasable","13":"product-type-simple"},"_links":{"self":[{"href":"https:\/\/www.depoles.com\/hr\/wp-json\/wp\/v2\/product\/5022","targetHints":{"allow":["GET"]}}],"collection":[{"href":"https:\/\/www.depoles.com\/hr\/wp-json\/wp\/v2\/product"}],"about":[{"href":"https:\/\/www.depoles.com\/hr\/wp-json\/wp\/v2\/types\/product"}],"wp:featuredmedia":[{"embeddable":true,"href":"https:\/\/www.depoles.com\/hr\/wp-json\/wp\/v2\/media\/5023"}],"wp:attachment":[{"href":"https:\/\/www.depoles.com\/hr\/wp-json\/wp\/v2\/media?parent=5022"}],"wp:term":[{"taxonomy":"product_brand","embeddable":true,"href":"https:\/\/www.depoles.com\/hr\/wp-json\/wp\/v2\/product_brand?post=5022"},{"taxonomy":"product_cat","embeddable":true,"href":"https:\/\/www.depoles.com\/hr\/wp-json\/wp\/v2\/product_cat?post=5022"},{"taxonomy":"product_tag","embeddable":true,"href":"https:\/\/www.depoles.com\/hr\/wp-json\/wp\/v2\/product_tag?post=5022"}],"curies":[{"name":"wp","href":"https:\/\/api.w.org\/{rel}","templated":true}]}}