{"id":5028,"date":"2019-10-18T21:26:56","date_gmt":"2019-10-18T19:26:56","guid":{"rendered":"https:\/\/nova.depoles.com\/trgovina\/zaga-in-rezkar-kf315vf2000_400v\/"},"modified":"2026-02-12T13:56:40","modified_gmt":"2026-02-12T12:56:40","slug":"zaga-in-rezkar-kf315vf2000_400v","status":"publish","type":"product","link":"https:\/\/www.depoles.com\/hr\/trgovina\/zaga-in-rezkar-kf315vf2000_400v\/","title":{"rendered":"Kombinirani pila i glodalica KF315VF2000_400V"},"content":{"rendered":"<p><strong>Tehni\u010dni podatki<\/strong><\/p>\n<ul>\n<li><strong>Motor<\/strong>\n<ul>\n<li>Mo\u010d motorja S1: 3800 \/ 2800 W<\/li>\n<li>Mo\u010d motorja S6: 5100 \/ 4000 W<\/li>\n<li>Napetost: 400 V<\/li>\n<\/ul>\n<\/li>\n<li><strong>Dimenzije<\/strong>\n<ul>\n<li>Iztegljiva miza: 750 x 590 mm<\/li>\n<li>Drsna miza: 2000 x 270 mm<\/li>\n<li>Sesalni priklju\u010dek: 2 x 100 mm<\/li>\n<li>Raz\u0161iritev mize: 860 x 440 \/ 500 x 450 mm<\/li>\n<li>Vi\u0161ina mize: 850 mm<\/li>\n<li>Velikost mize: 860 x 890 mm<\/li>\n<\/ul>\n<\/li>\n<li><strong>Rezanje<\/strong>\n<ul>\n<li>Najve\u010dja dol\u017eina obrezovanja: 2200 mm<\/li>\n<li>Najve\u010dja vi\u0161ina rezanja pri 90\u00b0: 100 mm<\/li>\n<li>Najve\u010dja vi\u0161ina rezanja pri 45\u00b0: 80 mm<\/li>\n<li>Najve\u010dja \u0161irina rezanja pri paralelni ograji: 1330 mm<\/li>\n<\/ul>\n<\/li>\n<li><strong>Tehni\u010dna specifikacija<\/strong>\n<ul>\n<li>Najve\u010dji premer orodja nad mizo: 200 mm<\/li>\n<li>Miterska ograja: 360 x 120 mm<\/li>\n<li>Odpiranje mize: 190 mm<\/li>\n<li>Najve\u010dji premer orodja pod mizo: 180 mm<\/li>\n<li>Najve\u010dja vi\u0161ina pritrditve: 100 mm<\/li>\n<li>Hod vretena: 100 mm<\/li>\n<li>Hitrost vretena rezkanja: 1800 \/ 3000 \/ 6000 \/ 9000 min\u207b\u00b9<\/li>\n<li>Premer vretena rezkanja: 30 mm<\/li>\n<\/ul>\n<\/li>\n<li><strong>Okrogla \u017eaga<\/strong>\n<ul>\n<li>Premer \u017eaginega lista: 315 mm<\/li>\n<li>Premer \u017eaginega lista za rezanje po\u0161evno: \u00d8100 mm<\/li>\n<li>Hitrost \u017eaginega lista: 4500 min\u207b\u00b9<\/li>\n<li>Hitrost rezalne enote za po\u0161evno rezanje: 8500 min\u207b\u00b9<\/li>\n<\/ul>\n<\/li>\n<li><strong>Te\u017ea<\/strong>\n<ul>\n<li>Bruto te\u017ea: 425 kg<\/li>\n<li>Netto te\u017ea: 310 kg<\/li>\n<\/ul>\n<\/li>\n<li><strong>Embal\u017ea<\/strong>\n<ul>\n<li>Dol\u017eina embala\u017ee: 990 mm<\/li>\n<li>\u0160irina embala\u017ee: 825 mm<\/li>\n<li>Vi\u0161ina embala\u017ee: 1035 mm<\/li>\n<\/ul>\n<\/li>\n<li><strong>Splo\u0161ni podatki<\/strong>\n<ul>\n<li>EAN koda: 9120039902876<\/li>\n<\/ul>\n<\/li>\n<\/ul>\n","protected":false},"excerpt":{"rendered":"<h3>Kratki opis<\/h3>\n<p>KF 315VF-2000 je vrhunska kombinacija kro\u017enih \u017eag, namenjena rezanju plo\u0161\u010d velikih dimenzij. Stroju odlikujejo natan\u010dna izdelava in \u0161tevilne funkcionalnosti za u\u010dinkovito delo.<\/p>\n<ul>\n<li>Trdna in gladko delujo\u010da rip ograja s hitro pritrdilno objemko<\/li>\n<li>Kro\u017ena \u017eaga z nastavljivim nagibom in vi\u0161ino<\/li>\n<li>Miza iz litega \u017eeleza s podalj\u0161kom na hrbtni in levi strani z oporno nogo<\/li>\n<li>Oporna ograja s kon\u010dnim zaporom<\/li>\n<li>Podporni valj na mizi za la\u017eje premikanje delov<\/li>\n<li>XL \u0161irina reza do 1330 mm<\/li>\n<li>Standardno opremljen z dvodelnim rezilnim listom<\/li>\n<li>Visokokakovostna kapuca z vodili, za\u0161\u010ditno plo\u0161\u010do in natan\u010dno nastavljivimi aluminijastimi ograjami<\/li>\n<li>\u0160tiri hitrosti vrtljajev (1800\u20139000 rpm) z elektronsko LED indikacijo<\/li>\n<li>Maksimalni premer orodja 200 mm z odstranljivim kolesom za nastavitev vretena<\/li>\n<li>V kompletu brusilni valj za bru\u0161enje pri 1800 rpm<\/li>\n<\/ul>\n<p><strong>Vklju\u010deno v dobavo:<\/strong> to\u010dkovalna enota, 1 kos TCT \u017eagini list \u00d8315 mm, 1 kos TCT to\u010dkovalni list \u00d8100 mm, miter merilnik, rip ograja in teleskopska ograja.<\/p>\n","protected":false},"featured_media":5029,"template":"","meta":[],"product_brand":[],"product_cat":[1018,1012],"product_tag":[382,497,632,633,709,918,919],"class_list":{"0":"post-5028","1":"product","2":"type-product","3":"status-publish","4":"has-post-thumbnail","6":"product_cat-kombinirke-zaga-rezkar-2-operacije","7":"product_cat-stroji-za-les","8":"product_tag-frezer","9":"product_tag-kombi","10":"product_tag-pila","11":"product_tag-pilafrezer","12":"product_tag-rezkar","13":"product_tag-zaga","14":"product_tag-zagarezkar","16":"first","17":"instock","18":"shipping-taxable","19":"purchasable","20":"product-type-simple"},"_links":{"self":[{"href":"https:\/\/www.depoles.com\/hr\/wp-json\/wp\/v2\/product\/5028","targetHints":{"allow":["GET"]}}],"collection":[{"href":"https:\/\/www.depoles.com\/hr\/wp-json\/wp\/v2\/product"}],"about":[{"href":"https:\/\/www.depoles.com\/hr\/wp-json\/wp\/v2\/types\/product"}],"wp:featuredmedia":[{"embeddable":true,"href":"https:\/\/www.depoles.com\/hr\/wp-json\/wp\/v2\/media\/5029"}],"wp:attachment":[{"href":"https:\/\/www.depoles.com\/hr\/wp-json\/wp\/v2\/media?parent=5028"}],"wp:term":[{"taxonomy":"product_brand","embeddable":true,"href":"https:\/\/www.depoles.com\/hr\/wp-json\/wp\/v2\/product_brand?post=5028"},{"taxonomy":"product_cat","embeddable":true,"href":"https:\/\/www.depoles.com\/hr\/wp-json\/wp\/v2\/product_cat?post=5028"},{"taxonomy":"product_tag","embeddable":true,"href":"https:\/\/www.depoles.com\/hr\/wp-json\/wp\/v2\/product_tag?post=5028"}],"curies":[{"name":"wp","href":"https:\/\/api.w.org\/{rel}","templated":true}]}}