{"id":5031,"date":"2019-10-18T21:26:54","date_gmt":"2019-10-18T19:26:54","guid":{"rendered":"https:\/\/nova.depoles.com\/trgovina\/zaga-in-rezkar-kf315vf2000_230v\/"},"modified":"2025-12-17T16:57:06","modified_gmt":"2025-12-17T15:57:06","slug":"zaga-in-rezkar-kf315vf2000_230v","status":"publish","type":"product","link":"https:\/\/www.depoles.com\/hr\/trgovina\/zaga-in-rezkar-kf315vf2000_230v\/","title":{"rendered":"Kombinirani pila i glodalica KF315VF2000_230V"},"content":{"rendered":"<p><strong>Tehni\u010dna specifikacija<\/strong><\/p>\n<ul>\n<li><strong>Motor<\/strong>\n<ul>\n<li>Mo\u010d motorja S1: 3800 \/ 2800 W<\/li>\n<li>Mo\u010d motorja S6: 5100 \/ 4000 W<\/li>\n<li>Napetost: 230V<\/li>\n<\/ul>\n<\/li>\n<li><strong>Dimenzije<\/strong>\n<ul>\n<li>Iztegljiva miza: 750&#215;590 mm<\/li>\n<li>Drsna miza: 2000&#215;270 mm<\/li>\n<li>Sesalni priklju\u010dek: 2&#215;100 mm<\/li>\n<li>Raz\u0161iritev mize: 860&#215;440 \/ 500&#215;450 mm<\/li>\n<li>Vi\u0161ina mize: 850 mm<\/li>\n<li>Velikost mize: 860&#215;890 mm<\/li>\n<\/ul>\n<\/li>\n<li><strong>Rezanje<\/strong>\n<ul>\n<li>Maksimalna dol\u017eina rezanja: 2200 mm<\/li>\n<li>Maksimalna vi\u0161ina rezanja pri 90\u00b0: 100 mm<\/li>\n<li>Maksimalna vi\u0161ina rezanja pri 45\u00b0: 80 mm<\/li>\n<li>Maksimalna \u0161irina rezanja pri vzporednem ogrodju: 1330 mm<\/li>\n<\/ul>\n<\/li>\n<li><strong>Tehni\u010dni podatki<\/strong>\n<ul>\n<li>Maksimalni premer orodja nad mizo: 200 mm<\/li>\n<li>Mitrna ogrodje: 360&#215;120 mm<\/li>\n<li>Odprtina na mizi: 190 mm<\/li>\n<li>Maksimalni premer orodja pod mizo: 180 mm<\/li>\n<li>Maksimalna vi\u0161ina pritrditve: 100 mm<\/li>\n<li>Hod vretena: 100 mm<\/li>\n<li>Hitrost vretena za rezkanje: 1800\/3000\/6000\/9000 min\u207b\u00b9<\/li>\n<li>Premer vretena za rezkanje: 30 mm<\/li>\n<\/ul>\n<\/li>\n<li><strong>Kro\u017ene \u017eage<\/strong>\n<ul>\n<li>Premer \u017eaginega lista: 315 mm<\/li>\n<li>Premer \u017eaginega lista za rezkanje: \u00d8100 mm<\/li>\n<li>Hitrost \u017eaginega lista: 4500 min\u207b\u00b9<\/li>\n<li>Hitrost enote za rezkanje: 8500 min\u207b\u00b9<\/li>\n<\/ul>\n<\/li>\n<li><strong>Te\u017ea<\/strong>\n<ul>\n<li>Bruto te\u017ea: 425 kg<\/li>\n<li>Netto te\u017ea: 340 kg<\/li>\n<\/ul>\n<\/li>\n<li><strong>Embala\u017ea<\/strong>\n<ul>\n<li>Dol\u017eina embala\u017ee: 990 mm<\/li>\n<li>\u0160irina embala\u017ee: 825 mm<\/li>\n<li>Vi\u0161ina embala\u017ee: 1035 mm<\/li>\n<\/ul>\n<\/li>\n<li><strong>Splo\u0161ni podatki<\/strong>\n<ul>\n<li>EAN koda: 9120039906607<\/li>\n<\/ul>\n<\/li>\n<\/ul>\n","protected":false},"excerpt":{"rendered":"<h3>Opis izdelka<\/h3>\n<p>KF 315VF-2000 izstopa z vrhunsko kakovostjo izdelave in je namenjen rezanju velikih plo\u0161\u010d. Naprava zdru\u017euje kro\u017eno \u017eago in vreteno za natan\u010dno in u\u010dinkovito delo.<\/p>\n<ul>\n<li>Trdna in gladko delujo\u010da rip ograja s hitro pritrdilno objemko<\/li>\n<li>Kro\u017ena \u017eaga z nastavljivim nagibom in vi\u0161ino<\/li>\n<li>Miza iz litega \u017eeleza s podalj\u0161kom na hrbtu in levi strani z oporno nogo<\/li>\n<li>Oporna ograja s kon\u010dnim zaporam<\/li>\n<li>Podporni valj na mizi za la\u017eje premikanje materiala<\/li>\n<li>XL \u0161irina reza do 1330 mm<\/li>\n<li>Standardno opremljen z dvodelnim rezilnim rezilom<\/li>\n<li>Visokokakovostna kapuca z vodili, za\u0161\u010ditno plo\u0161\u010do in natan\u010dno nastavljivimi aluminijastimi ograjami<\/li>\n<li>\u0160tiri hitrosti vrtljajev (1800\u20139000 rpm) z elektronsko LED indikacijo hitrosti<\/li>\n<li>Maksimalni premer orodja 200 mm z odstranljivim kolesom za nastavitev vretena<\/li>\n<\/ul>\n<p><strong>Vklju\u010deno v dobavo:<\/strong> to\u010dkovalna enota, 1 kos TCT \u017eagin list \u00d8315 mm, 1 kos TCT to\u010dkovalni list \u00d8100 mm, miter merilnik, rip ograja, teleskopska ograja.<\/p>\n","protected":false},"featured_media":5032,"template":"","meta":[],"product_brand":[],"product_cat":[1018,1012],"product_tag":[314,394,441,497,632,709,918,919],"class_list":{"0":"post-5031","1":"product","2":"type-product","3":"status-publish","4":"has-post-thumbnail","6":"product_cat-kombinirke-zaga-rezkar-2-operacije","7":"product_cat-stroji-za-les","8":"product_tag-depoles","9":"product_tag-glodalica","10":"product_tag-holzmann","11":"product_tag-kombi","12":"product_tag-pila","13":"product_tag-rezkar","14":"product_tag-zaga","15":"product_tag-zagarezkar","17":"first","18":"instock","19":"shipping-taxable","20":"purchasable","21":"product-type-simple"},"_links":{"self":[{"href":"https:\/\/www.depoles.com\/hr\/wp-json\/wp\/v2\/product\/5031","targetHints":{"allow":["GET"]}}],"collection":[{"href":"https:\/\/www.depoles.com\/hr\/wp-json\/wp\/v2\/product"}],"about":[{"href":"https:\/\/www.depoles.com\/hr\/wp-json\/wp\/v2\/types\/product"}],"wp:featuredmedia":[{"embeddable":true,"href":"https:\/\/www.depoles.com\/hr\/wp-json\/wp\/v2\/media\/5032"}],"wp:attachment":[{"href":"https:\/\/www.depoles.com\/hr\/wp-json\/wp\/v2\/media?parent=5031"}],"wp:term":[{"taxonomy":"product_brand","embeddable":true,"href":"https:\/\/www.depoles.com\/hr\/wp-json\/wp\/v2\/product_brand?post=5031"},{"taxonomy":"product_cat","embeddable":true,"href":"https:\/\/www.depoles.com\/hr\/wp-json\/wp\/v2\/product_cat?post=5031"},{"taxonomy":"product_tag","embeddable":true,"href":"https:\/\/www.depoles.com\/hr\/wp-json\/wp\/v2\/product_tag?post=5031"}],"curies":[{"name":"wp","href":"https:\/\/api.w.org\/{rel}","templated":true}]}}