{"id":5034,"date":"2019-10-18T21:26:53","date_gmt":"2019-10-18T19:26:53","guid":{"rendered":"https:\/\/nova.depoles.com\/trgovina\/zaga-in-rezkar-kf315vf2600_400v\/"},"modified":"2025-12-17T16:57:28","modified_gmt":"2025-12-17T15:57:28","slug":"zaga-in-rezkar-kf315vf2600_400v","status":"publish","type":"product","link":"https:\/\/www.depoles.com\/hr\/trgovina\/zaga-in-rezkar-kf315vf2600_400v\/","title":{"rendered":"Kombinirani pila i glodalica KF315VF2600_400V"},"content":{"rendered":"<p><strong>Tehni\u010dni podatki<\/strong><\/p>\n<ul>\n<li><strong>Motor:<\/strong>\n<ul>\n<li>Mo\u010d motorja S1: 3800 \/ 2800 W<\/li>\n<li>Mo\u010d motorja S6: 5100 \/ 4000 W<\/li>\n<li>Napetost: 400 V<\/li>\n<\/ul>\n<\/li>\n<li><strong>Dimenzije:<\/strong>\n<ul>\n<li>Izpostavljena miza: 750 x 590 mm<\/li>\n<li>Drsna miza: 2600 x 270 mm<\/li>\n<li>Sesalni priklju\u010dek: 2 x 100 mm<\/li>\n<li>Raz\u0161iritev mize: 800 x 440 \/ 500 x 450 mm<\/li>\n<li>Vi\u0161ina mize: 850 mm<\/li>\n<li>Velikost mize: 860 x 890 mm<\/li>\n<\/ul>\n<\/li>\n<li><strong>Rezalne zmogljivosti:<\/strong>\n<ul>\n<li>Max. obrezovanje: 2700 mm<\/li>\n<li>Max. vi\u0161ina rezanja 90\u00b0: 100 mm<\/li>\n<li>Max. vi\u0161ina rezanja 45\u00b0: 80 mm<\/li>\n<li>Max. \u0161irina rezanja ob vzporednem vodilu: 1330 mm<\/li>\n<\/ul>\n<\/li>\n<li><strong>Tehni\u010dna specifikacija:<\/strong>\n<ul>\n<li>Max. premer orodja nad mizo: 200 mm<\/li>\n<li>Mitre vodilo: 360 x 120 mm<\/li>\n<li>Odpiranje mize: 190 mm<\/li>\n<li>Max. premer orodja pod mizo: 180 mm<\/li>\n<li>Max. vi\u0161ina stezanja: 100 mm<\/li>\n<li>Hod vretena: 100 mm<\/li>\n<li>Hitrost vretena za rezkanje: 1800 \/ 3000 \/ 6000 \/ 9000 min\u207b\u00b9<\/li>\n<li>Premer vretena za rezkanje: 30 mm<\/li>\n<\/ul>\n<\/li>\n<li><strong>Okrogla \u017eaga:<\/strong>\n<ul>\n<li>Premer \u017eaginega lista: 315 mm<\/li>\n<li>Premer scoring \u017eaginega lista: 100 mm<\/li>\n<li>Hitrost \u017eaginega lista: 4500 min\u207b\u00b9<\/li>\n<li>Hitrost scoring enote: 8500 min\u207b\u00b9<\/li>\n<\/ul>\n<\/li>\n<li><strong>Te\u017ea:<\/strong>\n<ul>\n<li>Bruto te\u017ea: 465 kg<\/li>\n<li>Netto te\u017ea: 337 kg<\/li>\n<\/ul>\n<\/li>\n<li><strong>Embal\u017ea\u017ea:<\/strong>\n<ul>\n<li>Dol\u017eina embala\u017ee: 1.220 mm<\/li>\n<li>\u0160irina embala\u017ee: 825 mm<\/li>\n<li>Vi\u0161ina embala\u017ee: 1.035 mm<\/li>\n<\/ul>\n<\/li>\n<li><strong>Splo\u0161ni podatki:<\/strong>\n<ul>\n<li>EAN koda: 9120039902883<\/li>\n<\/ul>\n<\/li>\n<\/ul>\n","protected":false},"excerpt":{"rendered":"<h3>Opis izdelka<\/h3>\n<p>KF 315VF-2600 je vrhunska kombinacija kro\u017enih \u017eag, namenjena natan\u010dnemu rezanju velikih plo\u0161\u010d. Opremljen je s \u0161tevilnimi funkcionalnostmi za enostavno in natan\u010dno delo.<\/p>\n<ul>\n<li>Trdna in gladko delujo\u010da rip ograja s hitro pritrdilno objemko<\/li>\n<li>Kro\u017ena \u017eaga z nastavljivim nagibom in vi\u0161ino<\/li>\n<li>Miza iz litega \u017eeleza s podalj\u0161kom na hrbtu in levi strani z oporno nogo<\/li>\n<li>Ograjena mitra z zaklju\u010dkom obdelovanca<\/li>\n<li>Podporni valj na zunanji mizi za la\u017eje upravljanje delov<\/li>\n<li>XL \u0161irina reza do 1330 mm<\/li>\n<li>Standardno opremljen z dvodelnim rezilnim rezilom<\/li>\n<li>Visokokakovostna kapuca za oblikovanje z vodili, za\u0161\u010ditno plo\u0161\u010do in nastavljivimi aluminijastimi ograjami<\/li>\n<li>\u0160tiri hitrosti oblikovalnika vrtljajev (1800\u20139000 rpm) z elektronsko LED-indikacijo hitrosti<\/li>\n<li>Maksimalni premer orodja 200 mm, priro\u010dno odstranljivo kolo za nastavitev vretena<\/li>\n<li>V kompletu brusilni valj za bru\u0161enje pri 1800 rpm<\/li>\n<\/ul>\n<p><strong>Vklju\u010den v dobavo:<\/strong> to\u010dkovalna enota, 1x TCT \u017eagin list \u00d8315 mm z 40 zobmi, 1x TCT to\u010dkovalni list \u00d8100 mm z 24 zobmi, rip ograja, miter ograja, miter profil, vzporedna ograja, teleskopska ograja.<\/p>\n","protected":false},"featured_media":5035,"template":"","meta":[],"product_brand":[],"product_cat":[1018,1012],"product_tag":[709,918],"class_list":{"0":"post-5034","1":"product","2":"type-product","3":"status-publish","4":"has-post-thumbnail","6":"product_cat-kombinirke-zaga-rezkar-2-operacije","7":"product_cat-stroji-za-les","8":"product_tag-rezkar","9":"product_tag-zaga","11":"first","12":"instock","13":"shipping-taxable","14":"purchasable","15":"product-type-simple"},"_links":{"self":[{"href":"https:\/\/www.depoles.com\/hr\/wp-json\/wp\/v2\/product\/5034","targetHints":{"allow":["GET"]}}],"collection":[{"href":"https:\/\/www.depoles.com\/hr\/wp-json\/wp\/v2\/product"}],"about":[{"href":"https:\/\/www.depoles.com\/hr\/wp-json\/wp\/v2\/types\/product"}],"wp:featuredmedia":[{"embeddable":true,"href":"https:\/\/www.depoles.com\/hr\/wp-json\/wp\/v2\/media\/5035"}],"wp:attachment":[{"href":"https:\/\/www.depoles.com\/hr\/wp-json\/wp\/v2\/media?parent=5034"}],"wp:term":[{"taxonomy":"product_brand","embeddable":true,"href":"https:\/\/www.depoles.com\/hr\/wp-json\/wp\/v2\/product_brand?post=5034"},{"taxonomy":"product_cat","embeddable":true,"href":"https:\/\/www.depoles.com\/hr\/wp-json\/wp\/v2\/product_cat?post=5034"},{"taxonomy":"product_tag","embeddable":true,"href":"https:\/\/www.depoles.com\/hr\/wp-json\/wp\/v2\/product_tag?post=5034"}],"curies":[{"name":"wp","href":"https:\/\/api.w.org\/{rel}","templated":true}]}}