{"id":5036,"date":"2019-10-18T21:26:52","date_gmt":"2019-10-18T19:26:52","guid":{"rendered":"https:\/\/nova.depoles.com\/trgovina\/zaga-in-rezkar-kf315vf2600_230v\/"},"modified":"2025-12-17T16:57:50","modified_gmt":"2025-12-17T15:57:50","slug":"zaga-in-rezkar-kf315vf2600_230v","status":"publish","type":"product","link":"https:\/\/www.depoles.com\/hr\/trgovina\/zaga-in-rezkar-kf315vf2600_230v\/","title":{"rendered":"Kombinirana pila i glodalica KF315VF2600_230V"},"content":{"rendered":"<p><strong>Tehni\u010dni podatki<\/strong><\/p>\n<ul>\n<li><strong>Motor<\/strong>\n<ul>\n<li>Mo\u010d motorja S1: 3800 \/ 2800 W<\/li>\n<li>Mo\u010d motorja S6: 5100 \/ 4000 W<\/li>\n<li>Napetost: 230 V<\/li>\n<\/ul>\n<\/li>\n<li><strong>Dimenzije<\/strong>\n<ul>\n<li>Iztegljiva miza: 750 x 590 mm<\/li>\n<li>Drsna miza: 2600 x 270 mm<\/li>\n<li>Sesalni priklju\u010dek: 2 x 100 mm<\/li>\n<li>Raz\u0161iritev mize: 800 x 440 \/ 500 x 450 mm<\/li>\n<li>Vi\u0161ina mize: 850 mm<\/li>\n<li>Velikost mize: 860 x 890 mm<\/li>\n<\/ul>\n<\/li>\n<li><strong>Rezanje<\/strong>\n<ul>\n<li>Najve\u010dji obrez v dol\u017eino: 2700 mm<\/li>\n<li>Najve\u010dja vi\u0161ina rezanja pri 90\u00b0: 100 mm<\/li>\n<li>Najve\u010dja vi\u0161ina rezanja pri 45\u00b0: 80 mm<\/li>\n<li>Najve\u010dja \u0161irina rezanja ob paralelnem vodilu: 1330 mm<\/li>\n<\/ul>\n<\/li>\n<li><strong>Tehni\u010dna specifikacija<\/strong>\n<ul>\n<li>Najve\u010dji premer orodja nad mizo: 200 mm<\/li>\n<li>Mitre vodilo: 360 x 120 mm<\/li>\n<li>Odpiranje mize: 190 mm<\/li>\n<li>Najve\u010dji premer orodja pod mizo: 180 mm<\/li>\n<li>Najve\u010dja vi\u0161ina pritrditve: 100 mm<\/li>\n<li>Hod vretena: 100 mm<\/li>\n<li>Hitrost vretena za rezkanje: 1800 \/ 3000 \/ 6000 \/ 9000 min\u207b\u00b9<\/li>\n<li>Premer vretena za rezkanje: 30 mm<\/li>\n<\/ul>\n<\/li>\n<li><strong>Okrogla \u017eaga<\/strong>\n<ul>\n<li>Premer \u017eaginega lista: 315 mm<\/li>\n<li>Premer scoring \u017eaginega lista: 100 mm<\/li>\n<li>Hitrost \u017eaginega lista: 4500 min\u207b\u00b9<\/li>\n<li>Hitrost scoring enote: 8500 min\u207b\u00b9<\/li>\n<\/ul>\n<\/li>\n<li><strong>Te\u017ea<\/strong>\n<ul>\n<li>Bruto te\u017ea: 465 kg<\/li>\n<li>Netto te\u017ea: 337 kg<\/li>\n<\/ul>\n<\/li>\n<li><strong>Embal\u017ea\u017ea<\/strong>\n<ul>\n<li>Dol\u017eina embala\u017ee: 1220 mm<\/li>\n<li>\u0160irina embala\u017ee: 825 mm<\/li>\n<li>Vi\u0161ina embala\u017ee: 1035 mm<\/li>\n<\/ul>\n<\/li>\n<li><strong>Splo\u0161ni podatki<\/strong>\n<ul>\n<li>EAN koda: 9120039906577<\/li>\n<\/ul>\n<\/li>\n<\/ul>\n","protected":false},"excerpt":{"rendered":"<h3>Opis izdelka<\/h3>\n<p>KF 315VF-2600 je vrhunska kombinacija kro\u017enih \u017eag, zasnovana za natan\u010dno rezanje velikih plo\u0161\u010d. Opremljen je s trdno in gladko delujo\u010do rip ograjo s hitro pritrdilno objemko ter kro\u017eno \u017eago z nastavljivim nagibom in vi\u0161ino. Miza iz litega \u017eeleza ima podalj\u0161ke na hrbtu in levi strani z oporno nogo, podporni valj na zunanji mizi pa olaj\u0161a delo z ve\u010djimi kosi.<\/p>\n<ul>\n<li>XL \u0161irina reza do 1330 mm<\/li>\n<li>Standardno dvo-delno rezilo<\/li>\n<li>Visokokakovostna kapuca z vodili, za\u0161\u010ditno plo\u0161\u010do in fino nastavljivimi aluminijastimi ograjami<\/li>\n<li>4 hitrosti vrtljajev oblikovalnika (1800\u20139000 rpm) z elektronsko LED indikacijo<\/li>\n<li>Maksimalni premer orodja 200 mm z odstranljivim kolesom za nastavitev vretena<\/li>\n<\/ul>\n<p><strong>Vklju\u010deno v dobavo:<\/strong> to\u010dkovalna enota, 1 kos TCT \u017eaginega lista \u00d8315 mm z 40 zobmi, 1 kos TCT to\u010dkovalnega lista \u00d8100 mm z 24 zobmi, rip ograja, miter ograja, miter profil, vzporedna ograja in teleskopska ograja.<\/p>\n","protected":false},"featured_media":5037,"template":"","meta":[],"product_brand":[],"product_cat":[1018,1012],"product_tag":[314,394,441,632,709,918],"class_list":{"0":"post-5036","1":"product","2":"type-product","3":"status-publish","4":"has-post-thumbnail","6":"product_cat-kombinirke-zaga-rezkar-2-operacije","7":"product_cat-stroji-za-les","8":"product_tag-depoles","9":"product_tag-glodalica","10":"product_tag-holzmann","11":"product_tag-pila","12":"product_tag-rezkar","13":"product_tag-zaga","15":"first","16":"instock","17":"shipping-taxable","18":"purchasable","19":"product-type-simple"},"_links":{"self":[{"href":"https:\/\/www.depoles.com\/hr\/wp-json\/wp\/v2\/product\/5036","targetHints":{"allow":["GET"]}}],"collection":[{"href":"https:\/\/www.depoles.com\/hr\/wp-json\/wp\/v2\/product"}],"about":[{"href":"https:\/\/www.depoles.com\/hr\/wp-json\/wp\/v2\/types\/product"}],"wp:featuredmedia":[{"embeddable":true,"href":"https:\/\/www.depoles.com\/hr\/wp-json\/wp\/v2\/media\/5037"}],"wp:attachment":[{"href":"https:\/\/www.depoles.com\/hr\/wp-json\/wp\/v2\/media?parent=5036"}],"wp:term":[{"taxonomy":"product_brand","embeddable":true,"href":"https:\/\/www.depoles.com\/hr\/wp-json\/wp\/v2\/product_brand?post=5036"},{"taxonomy":"product_cat","embeddable":true,"href":"https:\/\/www.depoles.com\/hr\/wp-json\/wp\/v2\/product_cat?post=5036"},{"taxonomy":"product_tag","embeddable":true,"href":"https:\/\/www.depoles.com\/hr\/wp-json\/wp\/v2\/product_tag?post=5036"}],"curies":[{"name":"wp","href":"https:\/\/api.w.org\/{rel}","templated":true}]}}