{"id":5041,"date":"2019-10-18T21:26:47","date_gmt":"2019-10-18T19:26:47","guid":{"rendered":"https:\/\/nova.depoles.com\/trgovina\/formatna-zaga-ts-315-vf-2000-400v-holzmann\/"},"modified":"2026-02-12T13:56:19","modified_gmt":"2026-02-12T12:56:19","slug":"formatna-zaga-ts-315-vf-2000-400v-holzmann","status":"publish","type":"product","link":"https:\/\/www.depoles.com\/hr\/trgovina\/formatna-zaga-ts-315-vf-2000-400v-holzmann\/","title":{"rendered":"FORMATNA PILA TS 315 VF 2000 400V HOLZMANN"},"content":{"rendered":"<p><strong>Tehni\u010dni podatki<\/strong><\/p>\n<ul>\n<li><strong>Podatki o motorju<\/strong>\n<ul>\n<li>Mo\u010d motorja S1: 3000 W<\/li>\n<li>Mo\u010d motorja S6: 4000 W<\/li>\n<li>Napetost: 400 V<\/li>\n<\/ul>\n<\/li>\n<li><strong>Dimenzije<\/strong>\n<ul>\n<li>Izal\u010dna miza: 540 x 760 mm<\/li>\n<li>Drsna miza: 2000 x 270 mm<\/li>\n<li>Sesalni priklju\u010dek: 100 mm<\/li>\n<li>Vi\u0161ina mize: 870 mm<\/li>\n<li>Podalj\u0161ek mize: 500 x 310 \/ 800 x 440 mm<\/li>\n<li>Velikost mize: 800 x 820 mm<\/li>\n<\/ul>\n<\/li>\n<li><strong>Rezalne zmogljivosti<\/strong>\n<ul>\n<li>Maksimalna \u0161irina reza ob vzporednem vodilu: 1220 mm<\/li>\n<li>Maksimalna vi\u0161ina reza pri 45\u00b0: 80 mm<\/li>\n<li>Maksimalno obrezovanje: 1900 mm<\/li>\n<li>Maksimalna vi\u0161ina reza pri 90\u00b0: 100 mm<\/li>\n<\/ul>\n<\/li>\n<li><strong>Okrogla \u017eaga<\/strong>\n<ul>\n<li>\u017dagin list za zarezovanje: 90 mm<\/li>\n<li>Glavni \u017eagin list: 315 mm<\/li>\n<li>Hitrost glavnega \u017eaginega lista: 4000 min\u207b\u00b9<\/li>\n<li>Hitrost \u017eagine enote za zarezovanje: 5800 min\u207b\u00b9<\/li>\n<li>Nagib glavnega \u017eaginega lista: 0\u00b0\u201345\u00b0<\/li>\n<\/ul>\n<\/li>\n<li><strong>Te\u017ea<\/strong>\n<ul>\n<li>Bruto te\u017ea: 284 kg<\/li>\n<li>Netto te\u017ea: 263 kg<\/li>\n<\/ul>\n<\/li>\n<li><strong>Embal\u017ea\u017ea<\/strong>\n<ul>\n<li>Dol\u017eina embala\u017ee: 910 mm<\/li>\n<li>\u0160irina embala\u017ee: 741 mm<\/li>\n<li>Vi\u0161ina embala\u017ee: 1047 mm<\/li>\n<\/ul>\n<\/li>\n<li><strong>Splo\u0161ni podatki<\/strong>\n<ul>\n<li>EAN koda: 9120039900476<\/li>\n<\/ul>\n<\/li>\n<\/ul>\n","protected":false},"excerpt":{"rendered":"<h6>pla\u010dia mo\u017ena tudi na obroke TAKOJ\/LENPAY<\/h6>\n<ul>\n<li>\u00a0formatna \u017eaga<\/li>\n<li>zelo zmogljiv stroj tudi za razrez masive in iverala<\/li>\n<li>idealen stroj za : doma\u010de mojstre, \u0161ole, delavnice, mizarje , vse ki potrebujeo zmogljiv stroj po najbolj ugodni ceni na trgu v tem rangu<\/li>\n<li>\u017eaga 315 mm+predrezilo<\/li>\n<li>ro\u010dni dvig\/spust in nagib agregata<\/li>\n<li>desno paralelno vodilo do 1250 mm, +micro nastavitve<\/li>\n<li>podaljski na izhodu<\/li>\n<li>alu voz zelo kvaliteten 2000 x360 mm, lahkotno pomi\u010den<\/li>\n<li>okvir z podporno roko in pre\u010dnim alu vodilom +2 omejilca<\/li>\n<\/ul>\n<p><strong>vklju\u010deno v dobavo:<\/strong> TCT kro\u017ena \u017eaga \u00d8315mm, predrezilo+ TCT \u017eagin list, podalj\u0161ki, podalj\u0161ki miz, paralewlno desno vodilo, kotnik na vozu, teleskopska pre\u010dno vosdilo +2 omejilca<\/p>\n<p>https:\/\/www.youtube.com\/watch?v=k8gF62LTqFI<\/p>\n","protected":false},"featured_media":5042,"template":"","meta":[],"product_brand":[],"product_cat":[1025,1012],"product_tag":[189,314,377,441,632,665,666,918],"class_list":{"0":"post-5041","1":"product","2":"type-product","3":"status-publish","4":"has-post-thumbnail","6":"product_cat-formatne-zage","7":"product_cat-stroji-za-les","8":"product_tag-akcija","9":"product_tag-depoles","10":"product_tag-formatna","11":"product_tag-holzmann","12":"product_tag-pila","13":"product_tag-predrezac","14":"product_tag-predrezilo","15":"product_tag-zaga","17":"first","18":"instock","19":"shipping-taxable","20":"purchasable","21":"product-type-simple"},"_links":{"self":[{"href":"https:\/\/www.depoles.com\/hr\/wp-json\/wp\/v2\/product\/5041","targetHints":{"allow":["GET"]}}],"collection":[{"href":"https:\/\/www.depoles.com\/hr\/wp-json\/wp\/v2\/product"}],"about":[{"href":"https:\/\/www.depoles.com\/hr\/wp-json\/wp\/v2\/types\/product"}],"wp:featuredmedia":[{"embeddable":true,"href":"https:\/\/www.depoles.com\/hr\/wp-json\/wp\/v2\/media\/5042"}],"wp:attachment":[{"href":"https:\/\/www.depoles.com\/hr\/wp-json\/wp\/v2\/media?parent=5041"}],"wp:term":[{"taxonomy":"product_brand","embeddable":true,"href":"https:\/\/www.depoles.com\/hr\/wp-json\/wp\/v2\/product_brand?post=5041"},{"taxonomy":"product_cat","embeddable":true,"href":"https:\/\/www.depoles.com\/hr\/wp-json\/wp\/v2\/product_cat?post=5041"},{"taxonomy":"product_tag","embeddable":true,"href":"https:\/\/www.depoles.com\/hr\/wp-json\/wp\/v2\/product_tag?post=5041"}],"curies":[{"name":"wp","href":"https:\/\/api.w.org\/{rel}","templated":true}]}}