{"id":5055,"date":"2019-10-18T21:26:44","date_gmt":"2019-10-18T19:26:44","guid":{"rendered":"https:\/\/nova.depoles.com\/trgovina\/formatne-zage-ts315vf2000_230v\/"},"modified":"2026-02-12T13:49:26","modified_gmt":"2026-02-12T12:49:26","slug":"formatne-zage-ts315vf2000_230v","status":"publish","type":"product","link":"https:\/\/www.depoles.com\/hr\/trgovina\/formatne-zage-ts315vf2000_230v\/","title":{"rendered":"FORMATNA PILA TS 315 VF 2000 230V"},"content":{"rendered":"<p><strong>Tehni\u010dni podatki<\/strong><\/p>\n<table>\n<tbody>\n<tr>\n<th colspan=\"2\">Podatki o motorju<\/th>\n<\/tr>\n<tr>\n<td>Mo\u010d motorja S1 (W)<\/td>\n<td>3000<\/td>\n<\/tr>\n<tr>\n<td>Mo\u010d motorja S6 (W)<\/td>\n<td>4000<\/td>\n<\/tr>\n<tr>\n<td>Napetost<\/td>\n<td>230V<\/td>\n<\/tr>\n<tr>\n<th colspan=\"2\">Dimenzije (mm)<\/th>\n<\/tr>\n<tr>\n<td>Iztegljiva miza<\/td>\n<td>500&#215;310 \/ 800&#215;440<\/td>\n<\/tr>\n<tr>\n<td>Iztegljiva miza (druga vrednost)<\/td>\n<td>540&#215;760<\/td>\n<\/tr>\n<tr>\n<td>Drsna miza<\/td>\n<td>2000&#215;270<\/td>\n<\/tr>\n<tr>\n<td>Priklju\u010dek za sesanje<\/td>\n<td>100<\/td>\n<\/tr>\n<tr>\n<td>Vi\u0161ina mize<\/td>\n<td>870<\/td>\n<\/tr>\n<tr>\n<td>Velikost mize<\/td>\n<td>800&#215;820<\/td>\n<\/tr>\n<tr>\n<th colspan=\"2\">Rezanje<\/th>\n<\/tr>\n<tr>\n<td>Maks. \u0161irina reza ob paralelnem vodilu (mm)<\/td>\n<td>1220<\/td>\n<\/tr>\n<tr>\n<td>Maks. vi\u0161ina reza pri 45\u00b0 (mm)<\/td>\n<td>80<\/td>\n<\/tr>\n<tr>\n<td>Maks. vi\u0161ina reza pri 90\u00b0 (mm)<\/td>\n<td>100<\/td>\n<\/tr>\n<tr>\n<td>Maks. obrezovanje (mm)<\/td>\n<td>1900<\/td>\n<\/tr>\n<tr>\n<th colspan=\"2\">Kro\u017ene \u017eage<\/th>\n<\/tr>\n<tr>\n<td>Rezkar za utore (mm)<\/td>\n<td>90<\/td>\n<\/tr>\n<tr>\n<td>Glavna \u017eaga (mm)<\/td>\n<td>315<\/td>\n<\/tr>\n<tr>\n<td>Hitrost glavne \u017eage (min\u207b\u00b9)<\/td>\n<td>4000<\/td>\n<\/tr>\n<tr>\n<td>Hitrost rezkarja za utore (min\u207b\u00b9)<\/td>\n<td>5800<\/td>\n<\/tr>\n<tr>\n<td>Nagib \u017eaginega lista<\/td>\n<td>0\u00b0-45\u00b0<\/td>\n<\/tr>\n<tr>\n<th colspan=\"2\">Te\u017ea (kg)<\/th>\n<\/tr>\n<tr>\n<td>Bruto te\u017ea<\/td>\n<td>284<\/td>\n<\/tr>\n<tr>\n<td>Netto te\u017ea<\/td>\n<td>263<\/td>\n<\/tr>\n<tr>\n<th colspan=\"2\">Pakiranje (mm)<\/th>\n<\/tr>\n<tr>\n<td>Dol\u017eina pakiranja<\/td>\n<td>910<\/td>\n<\/tr>\n<tr>\n<td>\u0160irina pakiranja<\/td>\n<td>741<\/td>\n<\/tr>\n<tr>\n<td>Vi\u0161ina pakiranja<\/td>\n<td>1047<\/td>\n<\/tr>\n<tr>\n<th colspan=\"2\">Splo\u0161ni podatki<\/th>\n<\/tr>\n<tr>\n<td>EAN koda<\/td>\n<td>9120039903934<\/td>\n<\/tr>\n<\/tbody>\n<\/table>\n","protected":false},"excerpt":{"rendered":"<ul>\n<li>formatna \u017eaga<\/li>\n<li>alu voz 2000 mm<\/li>\n<li>predrezilo<\/li>\n<li>\u017eaga 315mm\/nagib 90\u00b0\/45\u00b0<\/li>\n<li>visina odreza 100 mm<\/li>\n<li>paralelno desno do 1260mm<\/li>\n<li>priemrna za hoby, doma, obrt ali progi uporabo<\/li>\n<\/ul>\n<p><strong>vklju\u010deno v dobavo:<\/strong> TCT kro\u017ena \u017eaga \u00d8315mm, to\u010dkovalna enota, to\u010dilna enota TCT \u017eagin list, podalj\u0161ki, podalj\u0161ki miz, rip ograja, mitro ograja, teleskopska ograja<\/p>\n","protected":false},"featured_media":5042,"template":"","meta":[],"product_brand":[],"product_cat":[1025,1012],"product_tag":[131,310,314,380,430,666,918],"class_list":{"0":"post-5055","1":"product","2":"type-product","3":"status-publish","4":"has-post-thumbnail","6":"product_cat-formatne-zage","7":"product_cat-stroji-za-les","8":"product_tag-2m","9":"product_tag-demo","10":"product_tag-depoles","11":"product_tag-formtana","12":"product_tag-hlzmann","13":"product_tag-predrezilo","14":"product_tag-zaga","16":"first","17":"instock","18":"shipping-taxable","19":"purchasable","20":"product-type-simple"},"_links":{"self":[{"href":"https:\/\/www.depoles.com\/hr\/wp-json\/wp\/v2\/product\/5055","targetHints":{"allow":["GET"]}}],"collection":[{"href":"https:\/\/www.depoles.com\/hr\/wp-json\/wp\/v2\/product"}],"about":[{"href":"https:\/\/www.depoles.com\/hr\/wp-json\/wp\/v2\/types\/product"}],"wp:featuredmedia":[{"embeddable":true,"href":"https:\/\/www.depoles.com\/hr\/wp-json\/wp\/v2\/media\/5042"}],"wp:attachment":[{"href":"https:\/\/www.depoles.com\/hr\/wp-json\/wp\/v2\/media?parent=5055"}],"wp:term":[{"taxonomy":"product_brand","embeddable":true,"href":"https:\/\/www.depoles.com\/hr\/wp-json\/wp\/v2\/product_brand?post=5055"},{"taxonomy":"product_cat","embeddable":true,"href":"https:\/\/www.depoles.com\/hr\/wp-json\/wp\/v2\/product_cat?post=5055"},{"taxonomy":"product_tag","embeddable":true,"href":"https:\/\/www.depoles.com\/hr\/wp-json\/wp\/v2\/product_tag?post=5055"}],"curies":[{"name":"wp","href":"https:\/\/api.w.org\/{rel}","templated":true}]}}