{"id":5061,"date":"2019-10-17T13:18:10","date_gmt":"2019-10-17T11:18:10","guid":{"rendered":"https:\/\/nova.depoles.com\/trgovina\/formatne-zage-ts250f_400v\/"},"modified":"2026-02-12T13:55:18","modified_gmt":"2026-02-12T12:55:18","slug":"formatne-zage-ts250f_400v","status":"publish","type":"product","link":"https:\/\/www.depoles.com\/hr\/trgovina\/formatne-zage-ts250f_400v\/","title":{"rendered":"Formatna pila TS250F_400V"},"content":{"rendered":"<p><strong>Specifikacije izdelka<\/strong><\/p>\n<ul>\n<li><strong>Motor<\/strong>\n<ul>\n<li>Mo\u010d motorja S1: 2100 W<\/li>\n<li>Mo\u010d motorja S6: 2900 W<\/li>\n<li>Napetost: 400 V<\/li>\n<\/ul>\n<\/li>\n<li><strong>Dimenzije<\/strong>\n<ul>\n<li>Izvle\u010dni del mize: 600 x 410 mm<\/li>\n<li>Drsna miza: 1650 x 250 mm<\/li>\n<li>Sesalni priklju\u010dek: 100 mm<\/li>\n<li>Vi\u0161ina mize: 900 mm<\/li>\n<li>Velikost mize: 800 x 670 mm<\/li>\n<\/ul>\n<\/li>\n<li><strong>Rezanje<\/strong>\n<ul>\n<li>Maksimalna \u0161irina rezanja ob paralelni ograji: 590 mm<\/li>\n<li>Maksimalna vi\u0161ina rezanja pri 45\u00b0: 59 mm<\/li>\n<li>Maksimalna vi\u0161ina rezanja pri 90\u00b0: 83 mm<\/li>\n<li>Maksimalno obrezovanje: 1250 mm<\/li>\n<\/ul>\n<\/li>\n<li><strong>Kro\u017ene \u017eage<\/strong>\n<ul>\n<li>Premer \u017eaginega lista: 250 mm<\/li>\n<li>Hitrost \u017eaginega lista: 4000 min\u207b\u00b9<\/li>\n<\/ul>\n<\/li>\n<li><strong>Te\u017ea<\/strong>\n<ul>\n<li>Bruto te\u017ea: 233 kg<\/li>\n<li>Netto te\u017ea: 192 kg<\/li>\n<\/ul>\n<\/li>\n<li><strong>Embala\u017ea<\/strong>\n<ul>\n<li>Dol\u017eina embala\u017ee: 970 mm<\/li>\n<li>\u0160irina embala\u017ee: 760 mm<\/li>\n<li>Vi\u0161ina embala\u017ee: 1035 mm<\/li>\n<\/ul>\n<\/li>\n<li><strong>Splo\u0161ni podatki<\/strong>\n<ul>\n<li>EAN koda: 9120039901121<\/li>\n<\/ul>\n<\/li>\n<\/ul>\n","protected":false},"excerpt":{"rendered":"<h3>Opis izdelka<\/h3>\n<p>Stabilna in natan\u010dna namizna \u017eaga z drsno mizo iz aluminija zagotavlja udobno in precizno rezanje. Ima veliko in natan\u010dno zmleto sivo mizo iz litega \u017eeleza s podalj\u0161kom ter gladko nastavljivo vi\u0161ino in kot \u017eage. Izdelana je za u\u010dinkovito in varno delo z ve\u010d funkcionalnostmi.<\/p>\n<ul>\n<li>Stabilna in dimenzionirana delovna tabela<\/li>\n<li>Gladko nastavljiva vi\u0161ina in kot \u017eage<\/li>\n<li>Velika siva miza iz litega \u017eeleza s podalj\u0161kom<\/li>\n<li>Izvle\u010dna ograja za nagib do 45\u00b0 (levo\/desno)<\/li>\n<li>Rip ograja s hitro sponko<\/li>\n<li>Dol\u017eina drsne mize 1655 mm<\/li>\n<li>Risalna \u0161irina pri rip ograji 620 mm<\/li>\n<li>Podalj\u0161ek mize 210 x 400 mm<\/li>\n<\/ul>\n<p><strong>Vklju\u010deno v dobavo:<\/strong> TCT rezilo z volframovim karbidom za splo\u0161ne namene, \u00d8 250 mm, 36 zob, drsna miza, delovni kos.<\/p>\n","protected":false},"featured_media":5062,"template":"","meta":[],"product_brand":[],"product_cat":[1025,1012],"product_tag":[],"class_list":{"0":"post-5061","1":"product","2":"type-product","3":"status-publish","4":"has-post-thumbnail","6":"product_cat-formatne-zage","7":"product_cat-stroji-za-les","9":"first","10":"instock","11":"shipping-taxable","12":"purchasable","13":"product-type-simple"},"_links":{"self":[{"href":"https:\/\/www.depoles.com\/hr\/wp-json\/wp\/v2\/product\/5061","targetHints":{"allow":["GET"]}}],"collection":[{"href":"https:\/\/www.depoles.com\/hr\/wp-json\/wp\/v2\/product"}],"about":[{"href":"https:\/\/www.depoles.com\/hr\/wp-json\/wp\/v2\/types\/product"}],"wp:featuredmedia":[{"embeddable":true,"href":"https:\/\/www.depoles.com\/hr\/wp-json\/wp\/v2\/media\/5062"}],"wp:attachment":[{"href":"https:\/\/www.depoles.com\/hr\/wp-json\/wp\/v2\/media?parent=5061"}],"wp:term":[{"taxonomy":"product_brand","embeddable":true,"href":"https:\/\/www.depoles.com\/hr\/wp-json\/wp\/v2\/product_brand?post=5061"},{"taxonomy":"product_cat","embeddable":true,"href":"https:\/\/www.depoles.com\/hr\/wp-json\/wp\/v2\/product_cat?post=5061"},{"taxonomy":"product_tag","embeddable":true,"href":"https:\/\/www.depoles.com\/hr\/wp-json\/wp\/v2\/product_tag?post=5061"}],"curies":[{"name":"wp","href":"https:\/\/api.w.org\/{rel}","templated":true}]}}