{"id":5069,"date":"2019-10-17T13:18:06","date_gmt":"2019-10-17T11:18:06","guid":{"rendered":"https:\/\/nova.depoles.com\/trgovina\/formatne-zage-ts250fl_230v\/"},"modified":"2025-12-17T17:00:02","modified_gmt":"2025-12-17T16:00:02","slug":"formatne-zage-ts250fl_230v","status":"publish","type":"product","link":"https:\/\/www.depoles.com\/hr\/trgovina\/formatne-zage-ts250fl_230v\/","title":{"rendered":"Formatna pila TS250FL_230V"},"content":{"rendered":"<p><strong>Tehni\u010dna specifikacija<\/strong><\/p>\n<table>\n<tr>\n<th colspan=\"2\">Podatki o motorju<\/th>\n<\/tr>\n<tr>\n<td>Mo\u010d motorja S1<\/td>\n<td>1500 W<\/td>\n<\/tr>\n<tr>\n<td>Mo\u010d motorja S6<\/td>\n<td>2200 W<\/td>\n<\/tr>\n<tr>\n<td>Napetost<\/td>\n<td>230 V<\/td>\n<\/tr>\n<tr>\n<th colspan=\"2\">Dimenzije<\/th>\n<\/tr>\n<tr>\n<td>Drsna miza<\/td>\n<td>1320 x 238 mm<\/td>\n<\/tr>\n<tr>\n<td>Sesalni priklju\u010dek<\/td>\n<td>100 mm<\/td>\n<\/tr>\n<tr>\n<td>Raz\u0161iritev mize<\/td>\n<td>250 mm<\/td>\n<\/tr>\n<tr>\n<td>Vi\u0161ina mize<\/td>\n<td>850 mm<\/td>\n<\/tr>\n<tr>\n<td>Velikost mize<\/td>\n<td>800 x 350 mm<\/td>\n<\/tr>\n<tr>\n<td>Skupne dimenzije<\/td>\n<td>1320-2580 x 2100 x 3140 mm<\/td>\n<\/tr>\n<tr>\n<th colspan=\"2\">Rezalne zmogljivosti<\/th>\n<\/tr>\n<tr>\n<td>Max. \u0161irina reza ob vzporednem vodilu<\/td>\n<td>600 mm<\/td>\n<\/tr>\n<tr>\n<td>Max. vi\u0161ina reza pri 45\u00b0<\/td>\n<td>59 mm<\/td>\n<\/tr>\n<tr>\n<td>Max. vi\u0161ina reza pri 90\u00b0<\/td>\n<td>80 mm<\/td>\n<\/tr>\n<tr>\n<th colspan=\"2\">Kro\u017ene \u017eage<\/th>\n<\/tr>\n<tr>\n<td>Premer \u017eaginega lista<\/td>\n<td>250 mm<\/td>\n<\/tr>\n<tr>\n<td>Hitrost \u017eaginega lista<\/td>\n<td>4000 min\u207b\u00b9<\/td>\n<\/tr>\n<tr>\n<th colspan=\"2\">Te\u017ea<\/th>\n<\/tr>\n<tr>\n<td>Bruto te\u017ea<\/td>\n<td>162,50 kg<\/td>\n<\/tr>\n<tr>\n<td>Netto te\u017ea<\/td>\n<td>153,50 kg<\/td>\n<\/tr>\n<tr>\n<th colspan=\"2\">Embala\u017ea<\/th>\n<\/tr>\n<tr>\n<td>Dol\u017eina embala\u017ee<\/td>\n<td>860 mm<\/td>\n<\/tr>\n<tr>\n<td>\u0160irina embala\u017ee<\/td>\n<td>640 mm<\/td>\n<\/tr>\n<tr>\n<td>Vi\u0161ina embala\u017ee<\/td>\n<td>580 mm<\/td>\n<\/tr>\n<tr>\n<th colspan=\"2\">Splo\u0161ni podatki<\/th>\n<\/tr>\n<tr>\n<td>EAN koda<\/td>\n<td>9120039903477<\/td>\n<\/tr>\n<\/table>\n","protected":false},"excerpt":{"rendered":"<h3>Poudarki izdelka<\/h3>\n<p>Ta za\u010detni model \u017eage ponuja odli\u010dno razmerje med ceno in zmogljivostjo. Odlikuje jo zelo stabilna siva miza iz litega \u017eeleza s podalj\u0161ano mizo ter uporabniku prijazna, natan\u010dna nastavitev vi\u0161ine in kota preko ro\u010dnega kolesa. \u017dagin list se lahko nagne do 45\u00b0, vzporedna ograja pa je opremljena z mikro nastavitvijo.<\/p>\n<ul>\n<li>Za\u010detni model z dobrim razmerjem med ceno in uspe\u0161nostjo<\/li>\n<li>Zelo stabilna siva miza iz litega \u017eeleza s podalj\u0161ano mizo<\/li>\n<li>Uporabniku prijazna, gladka in natan\u010dna nastavitev vi\u0161ine in kota prek ro\u010dnega kolesa<\/li>\n<li>\u017dagin list se lahko nagne do 45\u00b0<\/li>\n<li>Vzporedna ograja z mikro nastavitvijo<\/li>\n<\/ul>\n<p><strong>Vklju\u010deno v dobavo:<\/strong> \u017eaga TCT 254 mm, \u0161\u010ditnik rezila s \u010depom za zbiranje prahu, zaustavitev obdelovanca pri drsni mizi, podalj\u0161ki mize, drsna miza, teleskopska ograja, nagibni zaslon, raztrganje ograje, potisna palica.<\/p>\n","protected":false},"featured_media":5070,"template":"","meta":[],"product_brand":[],"product_cat":[1025,1012],"product_tag":[],"class_list":{"0":"post-5069","1":"product","2":"type-product","3":"status-publish","4":"has-post-thumbnail","6":"product_cat-formatne-zage","7":"product_cat-stroji-za-les","9":"first","10":"instock","11":"shipping-taxable","12":"purchasable","13":"product-type-simple"},"_links":{"self":[{"href":"https:\/\/www.depoles.com\/hr\/wp-json\/wp\/v2\/product\/5069","targetHints":{"allow":["GET"]}}],"collection":[{"href":"https:\/\/www.depoles.com\/hr\/wp-json\/wp\/v2\/product"}],"about":[{"href":"https:\/\/www.depoles.com\/hr\/wp-json\/wp\/v2\/types\/product"}],"wp:featuredmedia":[{"embeddable":true,"href":"https:\/\/www.depoles.com\/hr\/wp-json\/wp\/v2\/media\/5070"}],"wp:attachment":[{"href":"https:\/\/www.depoles.com\/hr\/wp-json\/wp\/v2\/media?parent=5069"}],"wp:term":[{"taxonomy":"product_brand","embeddable":true,"href":"https:\/\/www.depoles.com\/hr\/wp-json\/wp\/v2\/product_brand?post=5069"},{"taxonomy":"product_cat","embeddable":true,"href":"https:\/\/www.depoles.com\/hr\/wp-json\/wp\/v2\/product_cat?post=5069"},{"taxonomy":"product_tag","embeddable":true,"href":"https:\/\/www.depoles.com\/hr\/wp-json\/wp\/v2\/product_tag?post=5069"}],"curies":[{"name":"wp","href":"https:\/\/api.w.org\/{rel}","templated":true}]}}