{"id":5080,"date":"2019-10-17T13:17:49","date_gmt":"2019-10-17T11:17:49","guid":{"rendered":"https:\/\/nova.depoles.com\/trgovina\/formatne-zage-ts315vf3200_230v\/"},"modified":"2025-12-17T17:01:02","modified_gmt":"2025-12-17T16:01:02","slug":"formatne-zage-ts315vf3200_230v","status":"publish","type":"product","link":"https:\/\/www.depoles.com\/hr\/trgovina\/formatne-zage-ts315vf3200_230v\/","title":{"rendered":"Formatna pila TS315VF3200_230V"},"content":{"rendered":"<p><strong>Tehni\u010dna specifikacija<\/strong><\/p>\n<ul>\n<li><strong>Podatki o motorju<\/strong>\n<ul>\n<li>Mo\u010d motorja S1: 3800 W<\/li>\n<li>Mo\u010d motorja S6: 5100 W<\/li>\n<li>Napetost: 230 V<\/li>\n<\/ul>\n<\/li>\n<li><strong>Dimenzije<\/strong>\n<ul>\n<li>Iztegljiva miza: 760 x 540 mm<\/li>\n<li>Drsna miza: 3200 x 270 mm<\/li>\n<li>Odto\u010dni priklju\u010dek: 100 mm<\/li>\n<li>Vi\u0161ina mize: 850 mm<\/li>\n<li>Podalj\u0161ek mize: 500 x 310 mm \/ 800 x 440 mm<\/li>\n<li>Velikost mize: 800 x 820 mm<\/li>\n<\/ul>\n<\/li>\n<li><strong>Rezalne zmogljivosti<\/strong>\n<ul>\n<li>Najve\u010dja \u0161irina reza ob vzporednem vodilu: 1260 mm<\/li>\n<li>Najve\u010dja vi\u0161ina reza pri 45\u00b0: 75 mm<\/li>\n<li>Najve\u010dji obrez: 3200 mm<\/li>\n<li>Najve\u010dja vi\u0161ina reza pri 90\u00b0: 100 mm<\/li>\n<\/ul>\n<\/li>\n<li><strong>Kro\u017ene \u017eage<\/strong>\n<ul>\n<li>Hitrost \u017eaginega lista: 4500 min\u207b\u00b9<\/li>\n<li>Rezkalni \u017eagin list: 100 mm<\/li>\n<li>\u017dagin list: 315 mm<\/li>\n<li>Hitrost rezkalnega lista: 8500 min\u207b\u00b9<\/li>\n<li>Nagib \u017eaginega lista: 0\u00b0-45\u00b0<\/li>\n<\/ul>\n<\/li>\n<li><strong>Te\u017ea<\/strong>\n<ul>\n<li>Bruto te\u017ea: 384 kg<\/li>\n<li>Netto te\u017ea: 350 kg<\/li>\n<\/ul>\n<\/li>\n<li><strong>Embala\u017ea<\/strong>\n<ul>\n<li>Dol\u017eina embala\u017ee: 1330 mm<\/li>\n<li>\u0160irina embala\u017ee: 765 mm<\/li>\n<li>Vi\u0161ina embala\u017ee: 1040 mm<\/li>\n<\/ul>\n<\/li>\n<li><strong>Splo\u0161ni podatki<\/strong>\n<ul>\n<li>EAN koda: 9120039904535<\/li>\n<\/ul>\n<\/li>\n<\/ul>\n","protected":false},"excerpt":{"rendered":"<h3>Poudarki izdelka<\/h3>\n<p>Ta rip \u017eaga se pona\u0161a z vrsto kakovostnih lastnosti, ki zagotavljajo natan\u010dno in udobno delo:<\/p>\n<ul>\n<li>trdna in gladko delujo\u010da rip ograja s hitrim vodnikom in pre\u010dko<\/li>\n<li>kro\u017ena \u017eaga z nastavljivim nagibom in vi\u0161ino s to\u010dko<\/li>\n<li>miza iz litega \u017eeleza s podalj\u0161kom na hrbtni in levi strani ter oporno nogo<\/li>\n<li>izvle\u010dna ograja z varovalko na koncu<\/li>\n<li>podporni valj na zunanji mizi za la\u017eje premikanje delov<\/li>\n<li>okrepljeno telo stroja pod drsno mizo za ve\u010djo stabilnost<\/li>\n<li>XL \u0161irina reza pri rip ograji do najve\u010d 1260 mm<\/li>\n<li>vklju\u010dena kakovostna dvodelna rezilna \u017eaga<\/li>\n<\/ul>\n<p><strong>V dobavi so vklju\u010deni:<\/strong> to\u010dkovalna enota, 1x TCT \u017eagin list \u00d8315 mm, 1x TCT to\u010dko \u00d8100 mm, miter profil, vzporedna ograja in teleskopska ograja.<\/p>\n","protected":false},"featured_media":5081,"template":"","meta":[],"product_brand":[],"product_cat":[1025,1012],"product_tag":[],"class_list":{"0":"post-5080","1":"product","2":"type-product","3":"status-publish","4":"has-post-thumbnail","6":"product_cat-formatne-zage","7":"product_cat-stroji-za-les","9":"first","10":"instock","11":"shipping-taxable","12":"purchasable","13":"product-type-simple"},"_links":{"self":[{"href":"https:\/\/www.depoles.com\/hr\/wp-json\/wp\/v2\/product\/5080","targetHints":{"allow":["GET"]}}],"collection":[{"href":"https:\/\/www.depoles.com\/hr\/wp-json\/wp\/v2\/product"}],"about":[{"href":"https:\/\/www.depoles.com\/hr\/wp-json\/wp\/v2\/types\/product"}],"wp:featuredmedia":[{"embeddable":true,"href":"https:\/\/www.depoles.com\/hr\/wp-json\/wp\/v2\/media\/5081"}],"wp:attachment":[{"href":"https:\/\/www.depoles.com\/hr\/wp-json\/wp\/v2\/media?parent=5080"}],"wp:term":[{"taxonomy":"product_brand","embeddable":true,"href":"https:\/\/www.depoles.com\/hr\/wp-json\/wp\/v2\/product_brand?post=5080"},{"taxonomy":"product_cat","embeddable":true,"href":"https:\/\/www.depoles.com\/hr\/wp-json\/wp\/v2\/product_cat?post=5080"},{"taxonomy":"product_tag","embeddable":true,"href":"https:\/\/www.depoles.com\/hr\/wp-json\/wp\/v2\/product_tag?post=5080"}],"curies":[{"name":"wp","href":"https:\/\/api.w.org\/{rel}","templated":true}]}}