{"id":5086,"date":"2019-10-17T13:17:44","date_gmt":"2019-10-17T11:17:44","guid":{"rendered":"https:\/\/nova.depoles.com\/trgovina\/formatna-zaga-holzmann-ts315vf2600_230v\/"},"modified":"2025-12-17T17:01:51","modified_gmt":"2025-12-17T16:01:51","slug":"formatna-zaga-holzmann-ts315vf2600_230v","status":"publish","type":"product","link":"https:\/\/www.depoles.com\/hr\/trgovina\/formatna-zaga-holzmann-ts315vf2600_230v\/","title":{"rendered":"Formatna pila HOLZMANN TS315VF2600_230V"},"content":{"rendered":"<p><strong>Tehni\u010dna specifikacija:<\/strong><\/p>\n<ul>\n<li><strong>Motor:<\/strong>\n<ul>\n<li>Mo\u010d motorja S1: 3800 W<\/li>\n<li>Mo\u010d motorja S6: 5100 W<\/li>\n<li>Napetost: 230 V<\/li>\n<\/ul>\n<\/li>\n<li><strong>Dimenzije:<\/strong>\n<ul>\n<li>Iztegljiva miza: 760 x 540 mm<\/li>\n<li>Drsna miza: 2600 x 270 mm<\/li>\n<li>Sesalni priklju\u010dek: 100 mm<\/li>\n<li>Vi\u0161ina mize: 850 mm<\/li>\n<li>Podalj\u0161ek mize: 500 x 310 \/ 800 x 440 mm<\/li>\n<li>Velikost mize: 800 x 820 mm<\/li>\n<\/ul>\n<\/li>\n<li><strong>Rezalne zmogljivosti:<\/strong>\n<ul>\n<li>Maksimalna rezalna \u0161irina ob paralelnem vodilu: 1220 mm<\/li>\n<li>Maksimalna vi\u0161ina reza pri 45\u00b0: 75 mm<\/li>\n<li>Maksimalno obrezovanje: 2600 mm<\/li>\n<li>Maksimalna vi\u0161ina reza pri 90\u00b0: 100 mm<\/li>\n<\/ul>\n<\/li>\n<li><strong>Kro\u017ene \u017eage:<\/strong>\n<ul>\n<li>Hitrost \u017eaginega lista: 4500 min\u207b\u00b9<\/li>\n<li>Premer \u017eaginega lista: 315 mm<\/li>\n<li>Premer zarezovalnega \u017eaginega lista: 100 mm<\/li>\n<li>Hitrost zarezovalne enote: 8500 min\u207b\u00b9<\/li>\n<li>Nagib \u017eaginega lista: 0\u00b0-45\u00b0<\/li>\n<\/ul>\n<\/li>\n<li><strong>Te\u017ea:<\/strong>\n<ul>\n<li>Bruto te\u017ea: 370 kg<\/li>\n<li>Netto te\u017ea: 340 kg<\/li>\n<\/ul>\n<\/li>\n<li><strong>Embal\u017ea:<\/strong>\n<ul>\n<li>Dol\u017eina embala\u017ee: 1220 mm<\/li>\n<li>\u0160irina embala\u017ee: 765 mm<\/li>\n<li>Vi\u0161ina embala\u017ee: 1040 mm<\/li>\n<\/ul>\n<\/li>\n<li><strong>Splo\u0161ni podatki:<\/strong>\n<ul>\n<li>EAN koda: 9120039906560<\/li>\n<\/ul>\n<\/li>\n<\/ul>\n","protected":false},"excerpt":{"rendered":"<h3>Poudarki<\/h3>\n<p>Ta kro\u017ena \u017eaga ponuja trdno in gladko delujo\u010do rip ograjo s hitrim vodnikom in pre\u010dko. Ima nastavljiv nagib in vi\u0161ino z natan\u010dno to\u010dko. Miza iz litega \u017eeleza je opremljena s podalj\u0161kom na hrbtu in levi strani ter oporno nogo za dodatno stabilnost. Izvle\u010dna ograja z varovalko na koncu in podporni valj na zunanji mizi olaj\u0161ata delo z deli. Okrepljeno telo stroja pod drsno mizo pove\u010duje stabilnost, XL \u0161irina reza pri rip ograji pa omogo\u010da rez do 1260 mm.<\/p>\n<ul>\n<li>Trdna in gladko delujo\u010da rip ograja s hitrim vodnikom in pre\u010dko<\/li>\n<li>Kro\u017ena \u017eaga z nastavljivim nagibom in vi\u0161ino s to\u010dko<\/li>\n<li>Miza iz litega \u017eeleza s podalj\u0161kom na hrbtu in levi strani z oporno nogo<\/li>\n<li>Izvle\u010dna ograja z varovalko na koncu<\/li>\n<li>Podporni valj na zunanji mizi olaj\u0161a delo z deli<\/li>\n<li>Okrepljeno telo stroja pod drsno mizo za ve\u010djo stabilnost<\/li>\n<li>XL \u0161irina reza pri rip ograji do 1260 mm<\/li>\n<li>Vklju\u010dena kakovostna dvodelna rezilna \u017eaga<\/li>\n<\/ul>\n<p><strong>Vklju\u010deno v dobavo:<\/strong> to\u010dkovalna enota, 1x TCT \u017eagin list \u00d8315 mm, 1x TCT to\u010dko \u00d8100 mm, miter profil, vzporedna ograja, teleskopska ograja.<\/p>\n","protected":false},"featured_media":5087,"template":"","meta":[],"product_brand":[],"product_cat":[1025,1012],"product_tag":[],"class_list":{"0":"post-5086","1":"product","2":"type-product","3":"status-publish","4":"has-post-thumbnail","6":"product_cat-formatne-zage","7":"product_cat-stroji-za-les","9":"first","10":"instock","11":"shipping-taxable","12":"purchasable","13":"product-type-simple"},"_links":{"self":[{"href":"https:\/\/www.depoles.com\/hr\/wp-json\/wp\/v2\/product\/5086","targetHints":{"allow":["GET"]}}],"collection":[{"href":"https:\/\/www.depoles.com\/hr\/wp-json\/wp\/v2\/product"}],"about":[{"href":"https:\/\/www.depoles.com\/hr\/wp-json\/wp\/v2\/types\/product"}],"wp:featuredmedia":[{"embeddable":true,"href":"https:\/\/www.depoles.com\/hr\/wp-json\/wp\/v2\/media\/5087"}],"wp:attachment":[{"href":"https:\/\/www.depoles.com\/hr\/wp-json\/wp\/v2\/media?parent=5086"}],"wp:term":[{"taxonomy":"product_brand","embeddable":true,"href":"https:\/\/www.depoles.com\/hr\/wp-json\/wp\/v2\/product_brand?post=5086"},{"taxonomy":"product_cat","embeddable":true,"href":"https:\/\/www.depoles.com\/hr\/wp-json\/wp\/v2\/product_cat?post=5086"},{"taxonomy":"product_tag","embeddable":true,"href":"https:\/\/www.depoles.com\/hr\/wp-json\/wp\/v2\/product_tag?post=5086"}],"curies":[{"name":"wp","href":"https:\/\/api.w.org\/{rel}","templated":true}]}}