{"id":5099,"date":"2019-10-17T13:17:32","date_gmt":"2019-10-17T11:17:32","guid":{"rendered":"https:\/\/nova.depoles.com\/trgovina\/mizna-zaga-ts400z_400v\/"},"modified":"2025-12-17T17:02:48","modified_gmt":"2025-12-17T16:02:48","slug":"mizna-zaga-ts400z_400v","status":"publish","type":"product","link":"https:\/\/www.depoles.com\/hr\/trgovina\/mizna-zaga-ts400z_400v\/","title":{"rendered":"Stolna pila TS400Z_400V"},"content":{"rendered":"<p><strong>Specifikacije izdelka<\/strong><\/p>\n<ul>\n<li><strong>Podatki o motorju:<\/strong>\n<ul>\n<li>Mo\u010d motorja S1: 2800 W<\/li>\n<li>Mo\u010d motorja S6: 4200 W<\/li>\n<li>Napon: 400 V<\/li>\n<\/ul>\n<\/li>\n<li><strong>Dimenzije:<\/strong>\n<ul>\n<li>Sesalni priklju\u010dek: 2&#215;100 mm<\/li>\n<li>Vi\u0161ina mize: 845 mm<\/li>\n<li>Velikost mize: 715 x 945 mm<\/li>\n<li>Skupne dimenzije: 1350 x 1100 x 1180 mm<\/li>\n<\/ul>\n<\/li>\n<li><strong>Rezanje:<\/strong>\n<ul>\n<li>Maksimalna vi\u0161ina reza pri 45\u00b0: 90 mm<\/li>\n<li>Maksimalna vi\u0161ina reza pri 90\u00b0: 120 mm<\/li>\n<\/ul>\n<\/li>\n<li><strong>Kro\u017ene \u017eage:<\/strong>\n<ul>\n<li>Premer \u017eaginega lista: 400 mm<\/li>\n<li>Hitrost \u017eaginega lista: 2800 min\u207b\u00b9<\/li>\n<li>Nagib \u017eaginega lista: 0\u00b0\u201345\u00b0<\/li>\n<\/ul>\n<\/li>\n<li><strong>Te\u017ea:<\/strong>\n<ul>\n<li>Bruto te\u017ea: 162,5 kg<\/li>\n<li>Netto te\u017ea: 130 kg<\/li>\n<\/ul>\n<\/li>\n<li><strong>Embalaza:<\/strong>\n<ul>\n<li>Dol\u017eina embala\u017ee: 1100 mm<\/li>\n<li>Vi\u0161ina embala\u017ee: 970 mm<\/li>\n<li>\u0160irina embala\u017ee: 910 mm<\/li>\n<\/ul>\n<\/li>\n<li><strong>Splo\u0161ni podatki:<\/strong>\n<ul>\n<li>EAN koda: 9120039902319<\/li>\n<\/ul>\n<\/li>\n<\/ul>\n","protected":false},"excerpt":{"rendered":"<h3>Poudarki izdelka<\/h3>\n<ul>\n<li>Kot nala\u0161\u010d za mizarske delavnice s stabilno \u017eago.<\/li>\n<li>Uporabniku prijazna \u017eaga z vrtljivo mizo do 90\u00b0.<\/li>\n<li>Nastavljiv list \u017eage do 45\u00b0 za razli\u010dne vrste rezov: naravnost, streha, po\u0161evnik in sestavljeno rezanje.<\/li>\n<li>Primerna za rezanje \u017elebov, klinastih plo\u0161\u010d in rezkov.<\/li>\n<li>Zbiralnik prahu, ki ga je mogo\u010de pritrditi na \u017eago ali vodilo, zagotavlja optimalne delovne pogoje.<\/li>\n<li>Neobvezno stojalo z vstavljenim valj\u010dkom za enostavno dovajanje velikih delovnih kosov.<\/li>\n<li>Standardna vozna naprava za visoko prilagodljivost.<\/li>\n<li>Vklju\u010dena \u0161katla za shranjevanje orodij.<\/li>\n<\/ul>\n","protected":false},"featured_media":5100,"template":"","meta":[],"product_brand":[],"product_cat":[1028,1012],"product_tag":[],"class_list":{"0":"post-5099","1":"product","2":"type-product","3":"status-publish","4":"has-post-thumbnail","6":"product_cat-mizne-zage","7":"product_cat-stroji-za-les","9":"first","10":"instock","11":"featured","12":"shipping-taxable","13":"purchasable","14":"product-type-simple"},"_links":{"self":[{"href":"https:\/\/www.depoles.com\/hr\/wp-json\/wp\/v2\/product\/5099","targetHints":{"allow":["GET"]}}],"collection":[{"href":"https:\/\/www.depoles.com\/hr\/wp-json\/wp\/v2\/product"}],"about":[{"href":"https:\/\/www.depoles.com\/hr\/wp-json\/wp\/v2\/types\/product"}],"wp:featuredmedia":[{"embeddable":true,"href":"https:\/\/www.depoles.com\/hr\/wp-json\/wp\/v2\/media\/5100"}],"wp:attachment":[{"href":"https:\/\/www.depoles.com\/hr\/wp-json\/wp\/v2\/media?parent=5099"}],"wp:term":[{"taxonomy":"product_brand","embeddable":true,"href":"https:\/\/www.depoles.com\/hr\/wp-json\/wp\/v2\/product_brand?post=5099"},{"taxonomy":"product_cat","embeddable":true,"href":"https:\/\/www.depoles.com\/hr\/wp-json\/wp\/v2\/product_cat?post=5099"},{"taxonomy":"product_tag","embeddable":true,"href":"https:\/\/www.depoles.com\/hr\/wp-json\/wp\/v2\/product_tag?post=5099"}],"curies":[{"name":"wp","href":"https:\/\/api.w.org\/{rel}","templated":true}]}}