{"id":5102,"date":"2019-10-17T13:17:30","date_gmt":"2019-10-17T11:17:30","guid":{"rendered":"https:\/\/nova.depoles.com\/trgovina\/mizna-zaga-cirkular-tk-255-230v\/"},"modified":"2026-02-12T13:57:30","modified_gmt":"2026-02-12T12:57:30","slug":"mizna-zaga-cirkular-tk-255-230v","status":"publish","type":"product","link":"https:\/\/www.depoles.com\/hr\/trgovina\/mizna-zaga-cirkular-tk-255-230v\/","title":{"rendered":"Stolna kru\u017ena pila TK 255 230V"},"content":{"rendered":"<p><strong>Tehni\u010dni podatki<\/strong><\/p>\n<ul>\n<li><strong>Motor<\/strong>\n<ul>\n<li>Hitrost: 4800 min\u207b\u00b9<\/li>\n<li>Napetost: 230 V, 50 Hz<\/li>\n<li>Mo\u010d motorja S1: 1800 W<\/li>\n<li>Mo\u010d motorja S6 (20%): 2200 W<\/li>\n<\/ul>\n<\/li>\n<li><strong>Dimenzije<\/strong>\n<ul>\n<li>Velikost mize: 642-940 x 642 mm<\/li>\n<li>Odvod za sesanje: 40 mm<\/li>\n<\/ul>\n<\/li>\n<li><strong>Rezanje<\/strong>\n<ul>\n<li>Maksimalna vi\u0161ina reza pri 45\u00b0: 50 mm<\/li>\n<li>Maksimalna vi\u0161ina reza pri 90\u00b0: 80 mm<\/li>\n<\/ul>\n<\/li>\n<li><strong>Kro\u017eni \u017eagi<\/strong>\n<ul>\n<li>Premer \u017eaginega lista: \u00d8254 x \u00d830 x 2,8 mm<\/li>\n<\/ul>\n<\/li>\n<li><strong>Raven hrupa in vibracije<\/strong>\n<ul>\n<li>Raven zvo\u010dne mo\u010di: 92,6 dB(A)<\/li>\n<li>Raven zvo\u010dnega tlaka: 105,6 dB(A)<\/li>\n<\/ul>\n<\/li>\n<li><strong>Te\u017ea<\/strong>\n<ul>\n<li>Netto te\u017ea: 32 kg<\/li>\n<li>Bruto te\u017ea: 34 kg<\/li>\n<\/ul>\n<\/li>\n<li><strong>Embala\u017ea<\/strong>\n<ul>\n<li>Vi\u0161ina embala\u017ee: 500 mm<\/li>\n<li>Dol\u017eina embala\u017ee: 790 mm<\/li>\n<li>\u0160irina embala\u017ee: 730 mm<\/li>\n<\/ul>\n<\/li>\n<li><strong>Splo\u0161ni podatki<\/strong>\n<ul>\n<li>EAN koda: 9120058375774<\/li>\n<\/ul>\n<\/li>\n<\/ul>\n","protected":false},"excerpt":{"rendered":"<h3>MIZNA KRO\u017dNA \u017dAGA TK 255\/DOSTAVA GRATIS ZA SLO\/do prodaje zalog<\/h3>\n<ul>\n<li>Na\u0161 TK255 odlikuje mo\u010dan motor, ki je primeren tudi za najzahtevnej\u0161e uporabe v kombinaciji s hitrostjo 4800 vrt.\/min in vi\u0161ino reza 80 mm.<\/li>\n<li>zelo velika aluminijasta miza (940&#215;642 mm)<\/li>\n<li>\u00d840 mm sesalni priklju\u010dek, na katerega je lahko na primer priklju\u010den sesalnik<\/li>\n<\/ul>\n<p><strong>vsebina dobave:<\/strong> vzporedna zaustavitev, kotna zaustavitev, klin, \u017eagin list, drsno stojalo in dodatki za pritrditev<\/p>\n","protected":false},"featured_media":5103,"template":"","meta":[],"product_brand":[],"product_cat":[1027,1028,1012],"product_tag":[],"class_list":{"0":"post-5102","1":"product","2":"type-product","3":"status-publish","4":"has-post-thumbnail","6":"product_cat-kotne-zage","7":"product_cat-mizne-zage","8":"product_cat-stroji-za-les","10":"first","11":"instock","12":"shipping-taxable","13":"purchasable","14":"product-type-simple"},"_links":{"self":[{"href":"https:\/\/www.depoles.com\/hr\/wp-json\/wp\/v2\/product\/5102","targetHints":{"allow":["GET"]}}],"collection":[{"href":"https:\/\/www.depoles.com\/hr\/wp-json\/wp\/v2\/product"}],"about":[{"href":"https:\/\/www.depoles.com\/hr\/wp-json\/wp\/v2\/types\/product"}],"wp:featuredmedia":[{"embeddable":true,"href":"https:\/\/www.depoles.com\/hr\/wp-json\/wp\/v2\/media\/5103"}],"wp:attachment":[{"href":"https:\/\/www.depoles.com\/hr\/wp-json\/wp\/v2\/media?parent=5102"}],"wp:term":[{"taxonomy":"product_brand","embeddable":true,"href":"https:\/\/www.depoles.com\/hr\/wp-json\/wp\/v2\/product_brand?post=5102"},{"taxonomy":"product_cat","embeddable":true,"href":"https:\/\/www.depoles.com\/hr\/wp-json\/wp\/v2\/product_cat?post=5102"},{"taxonomy":"product_tag","embeddable":true,"href":"https:\/\/www.depoles.com\/hr\/wp-json\/wp\/v2\/product_tag?post=5102"}],"curies":[{"name":"wp","href":"https:\/\/api.w.org\/{rel}","templated":true}]}}