{"id":5122,"date":"2019-10-17T13:14:56","date_gmt":"2019-10-17T11:14:56","guid":{"rendered":"https:\/\/nova.depoles.com\/trgovina\/tracni-in-kolutni-brusilnik-bt75_230v\/"},"modified":"2026-03-06T14:01:59","modified_gmt":"2026-03-06T13:01:59","slug":"tracni-in-kolutni-brusilnik-bt75_230v","status":"publish","type":"product","link":"https:\/\/www.depoles.com\/hr\/trgovina\/tracni-in-kolutni-brusilnik-bt75_230v\/","title":{"rendered":"Tra\u010dni i kolutni brusilnik BT75_230V"},"content":{"rendered":"<p><strong>Tehni\u010dni podatki<\/strong><\/p>\n<ul>\n<li><strong>Motor<\/strong>\n<ul>\n<li>Mo\u010d motorja S1: 250 W<\/li>\n<li>Napetost: 230 V \/ 50 Hz<\/li>\n<\/ul>\n<\/li>\n<li><strong>Dimenzije<\/strong>\n<ul>\n<li>Skupne dimenzije (\u0160xDxV): 350 x 380 x 300 mm<\/li>\n<li>Velikost mize: 190 x 125 mm<\/li>\n<\/ul>\n<\/li>\n<li><strong>Bru\u0161enje<\/strong>\n<ul>\n<li>Hitrost brusnega diska: 2950 min\u207b\u00b9<\/li>\n<li>Premer brusnega diska: \u00d8125 mm<\/li>\n<li>Velikost mize za brusni pas: 128 x 128 mm<\/li>\n<li>Dimenzije brusnega pasu: 25 x 760 mm<\/li>\n<li>Hitrost pasu: 7 m\/s<\/li>\n<\/ul>\n<\/li>\n<li><strong>Raven hrupa in vibracije<\/strong>\n<ul>\n<li>Raven zvo\u010dne mo\u010di: 93 dB(A)<\/li>\n<li>Raven zvo\u010dnega tlaka: 82 dB(A)<\/li>\n<\/ul>\n<\/li>\n<li><strong>Te\u017ea<\/strong>\n<ul>\n<li>Netto te\u017ea: 7,50 kg<\/li>\n<li>Bruto te\u017ea: 8,40 kg<\/li>\n<\/ul>\n<\/li>\n<li><strong>Embala\u017ea<\/strong>\n<ul>\n<li>Vi\u0161ina embala\u017ee: 300 mm<\/li>\n<li>\u0160irina embala\u017ee: 325 mm<\/li>\n<li>Dol\u017eina embala\u017ee: 420 mm<\/li>\n<\/ul>\n<\/li>\n<li><strong>Splo\u0161ni podatki<\/strong>\n<ul>\n<li>EAN koda: 9120058372834<\/li>\n<\/ul>\n<\/li>\n<\/ul>\n","protected":false},"excerpt":{"rendered":"<p>Ta vsestranski brusilnik ima ohi\u0161je iz litega aluminija in je opremljen z mo\u010dnim indukcijskim motorjem, ki zagotavlja konstantno hitrost bru\u0161enja. Vrtljiva mizica omogo\u010da bru\u0161enje pod razli\u010dnimi koti, v paketu pa je tudi kotni stop za natan\u010dno delo.<\/p>\n","protected":false},"featured_media":5123,"template":"","meta":[],"product_brand":[],"product_cat":[1023,1012],"product_tag":[],"class_list":{"0":"post-5122","1":"product","2":"type-product","3":"status-publish","4":"has-post-thumbnail","6":"product_cat-brusilke","7":"product_cat-stroji-za-les","9":"first","10":"instock","11":"shipping-taxable","12":"purchasable","13":"product-type-simple"},"_links":{"self":[{"href":"https:\/\/www.depoles.com\/hr\/wp-json\/wp\/v2\/product\/5122","targetHints":{"allow":["GET"]}}],"collection":[{"href":"https:\/\/www.depoles.com\/hr\/wp-json\/wp\/v2\/product"}],"about":[{"href":"https:\/\/www.depoles.com\/hr\/wp-json\/wp\/v2\/types\/product"}],"wp:featuredmedia":[{"embeddable":true,"href":"https:\/\/www.depoles.com\/hr\/wp-json\/wp\/v2\/media\/5123"}],"wp:attachment":[{"href":"https:\/\/www.depoles.com\/hr\/wp-json\/wp\/v2\/media?parent=5122"}],"wp:term":[{"taxonomy":"product_brand","embeddable":true,"href":"https:\/\/www.depoles.com\/hr\/wp-json\/wp\/v2\/product_brand?post=5122"},{"taxonomy":"product_cat","embeddable":true,"href":"https:\/\/www.depoles.com\/hr\/wp-json\/wp\/v2\/product_cat?post=5122"},{"taxonomy":"product_tag","embeddable":true,"href":"https:\/\/www.depoles.com\/hr\/wp-json\/wp\/v2\/product_tag?post=5122"}],"curies":[{"name":"wp","href":"https:\/\/api.w.org\/{rel}","templated":true}]}}