{"id":5135,"date":"2019-10-17T13:14:44","date_gmt":"2019-10-17T11:14:44","guid":{"rendered":"https:\/\/nova.depoles.com\/trgovina\/brusilka-valjcna-holzmann-zs640p_400v\/"},"modified":"2026-02-12T13:44:53","modified_gmt":"2026-02-12T12:44:53","slug":"brusilka-valjcna-holzmann-zs640p_400v","status":"publish","type":"product","link":"https:\/\/www.depoles.com\/hr\/trgovina\/brusilka-valjcna-holzmann-zs640p_400v\/","title":{"rendered":"VALJ\u010cNA BRUSILICA HOLZMANN ZS640P_400V"},"content":{"rendered":"<p><strong>Tehni\u010dne specifikacije:<\/strong><\/p>\n<ul>\n<li><strong>Podatki o motorju:<\/strong>\n<ul>\n<li>Hitrost podajanja: 1,8-7,3 m\/min<\/li>\n<li>Mo\u010d motorja S1: 1500 W<\/li>\n<li>Mo\u010d motorja S6: 2100 W<\/li>\n<li>Napetost: 400 V<\/li>\n<\/ul>\n<\/li>\n<li><strong>Dimenzije:<\/strong>\n<ul>\n<li>Celotne dimenzije (\u0160 x G x V): 1143 x 711 x 1321 mm<\/li>\n<\/ul>\n<\/li>\n<li><strong>Dimenzije obdelovanca:<\/strong>\n<ul>\n<li>Maksimalna debelina obdelovanca: 127 mm<\/li>\n<li>Minimalna debelina obdelovanca: 7 mm<\/li>\n<\/ul>\n<\/li>\n<li><strong>Bru\u0161enje:<\/strong>\n<ul>\n<li>Maksimalna \u0161irina bru\u0161enja: 640 mm<\/li>\n<li>Premer bobna: 127 mm<\/li>\n<li>Hitrost bobna: 1800 min\u207b\u00b9<\/li>\n<\/ul>\n<\/li>\n<li><strong>Te\u017ea:<\/strong>\n<ul>\n<li>Bruto te\u017ea: 259 kg<\/li>\n<li>Netto te\u017ea: 195 kg<\/li>\n<\/ul>\n<\/li>\n<li><strong>Embala\u017ea:<\/strong>\n<ul>\n<li>Dol\u017eina embala\u017ee: 1150 mm<\/li>\n<li>\u0160irina embala\u017ee: 830 mm<\/li>\n<li>Vi\u0161ina embala\u017ee: 1320 mm<\/li>\n<\/ul>\n<\/li>\n<li><strong>Splo\u0161ni podatki:<\/strong>\n<ul>\n<li>EAN koda: 9120039905051<\/li>\n<\/ul>\n<\/li>\n<\/ul>\n","protected":false},"excerpt":{"rendered":"<h5>pla\u010dilo na do 48 obrokov \/do 12000\u20ac takoj\/LEANPAY\/sprejemamo tudi vs eostale kartice \/DINNERS\/VISA\/AMERICAN\/MASTERCARD\/PAYPAL<\/h5>\n<ul>\n<li>2 brusna valja<\/li>\n<li>profesionalni brusilnik s \u0161irino bru\u0161enja 640 mm, izredno natan\u010den in za vrhunski finish<\/li>\n<li>visokokakovosten transportni trak za dolgo \u017eivljenjsko dobo<\/li>\n<li>dinami\u010dno uravnote\u017een brusni boben poskrbi za gladko bru\u0161enje in delo<\/li>\n<li>visoko u\u010dinkovitost bru\u0161enja<\/li>\n<li>brezstopenjsko nastavljiva hitrost podajanja<\/li>\n<li>teko\u010di trak je priro\u010den za nastavitev<\/li>\n<li>magnetni stikalo nadzoruje pogon brusilnega bobna<\/li>\n<li>Klju\u010dno stikalo krmili teko\u010di trak<\/li>\n<li>primeren za mehak in trd les<\/li>\n<li>priro\u010dna zamenjava brusnega traku<\/li>\n<li>na voljo v 230V in 400V<\/li>\n<\/ul>\n","protected":false},"featured_media":5136,"template":"","meta":[],"product_brand":[],"product_cat":[1023,1012],"product_tag":[234,235,505,679,689,861],"class_list":{"0":"post-5135","1":"product","2":"type-product","3":"status-publish","4":"has-post-thumbnail","6":"product_cat-brusilke","7":"product_cat-stroji-za-les","8":"product_tag-brusilica","9":"product_tag-brusilka","10":"product_tag-kontaktna","11":"product_tag-pretocna","12":"product_tag-protocna","13":"product_tag-valjcna","15":"first","16":"instock","17":"shipping-taxable","18":"purchasable","19":"product-type-simple"},"_links":{"self":[{"href":"https:\/\/www.depoles.com\/hr\/wp-json\/wp\/v2\/product\/5135","targetHints":{"allow":["GET"]}}],"collection":[{"href":"https:\/\/www.depoles.com\/hr\/wp-json\/wp\/v2\/product"}],"about":[{"href":"https:\/\/www.depoles.com\/hr\/wp-json\/wp\/v2\/types\/product"}],"wp:featuredmedia":[{"embeddable":true,"href":"https:\/\/www.depoles.com\/hr\/wp-json\/wp\/v2\/media\/5136"}],"wp:attachment":[{"href":"https:\/\/www.depoles.com\/hr\/wp-json\/wp\/v2\/media?parent=5135"}],"wp:term":[{"taxonomy":"product_brand","embeddable":true,"href":"https:\/\/www.depoles.com\/hr\/wp-json\/wp\/v2\/product_brand?post=5135"},{"taxonomy":"product_cat","embeddable":true,"href":"https:\/\/www.depoles.com\/hr\/wp-json\/wp\/v2\/product_cat?post=5135"},{"taxonomy":"product_tag","embeddable":true,"href":"https:\/\/www.depoles.com\/hr\/wp-json\/wp\/v2\/product_tag?post=5135"}],"curies":[{"name":"wp","href":"https:\/\/api.w.org\/{rel}","templated":true}]}}