{"id":5159,"date":"2019-10-17T13:14:36","date_gmt":"2019-10-17T11:14:36","guid":{"rendered":"https:\/\/nova.depoles.com\/trgovina\/mini-siroki-tracni-brusilnik-zs400u_230v\/"},"modified":"2026-02-12T13:48:20","modified_gmt":"2026-02-12T12:48:20","slug":"mini-siroki-tracni-brusilnik-zs400u_230v","status":"publish","type":"product","link":"https:\/\/www.depoles.com\/hr\/trgovina\/mini-siroki-tracni-brusilnik-zs400u_230v\/","title":{"rendered":"Bru\u0161ilka proto\u010dna ZS400U_230V"},"content":{"rendered":"<p><strong>Tehni\u010dna specifikacija<\/strong><\/p>\n<table>\n<tbody>\n<tr>\n<th colspan=\"2\">Podatki o motorju<\/th>\n<\/tr>\n<tr>\n<td>Napetost<\/td>\n<td>230 V<\/td>\n<\/tr>\n<tr>\n<td>Hitrost podajanja<\/td>\n<td>0-3 m\/min<\/td>\n<\/tr>\n<tr>\n<td>Mo\u010d motorja S1<\/td>\n<td>1500 W<\/td>\n<\/tr>\n<tr>\n<td>Mo\u010d motorja S6<\/td>\n<td>2250 W<\/td>\n<\/tr>\n<tr>\n<th colspan=\"2\">Dimenzije obdelovanca<\/th>\n<\/tr>\n<tr>\n<td>Najve\u010dja debelina obdelovanca<\/td>\n<td>130 mm<\/td>\n<\/tr>\n<tr>\n<td>Najmanj\u0161a debelina obdelovanca<\/td>\n<td>5 mm<\/td>\n<\/tr>\n<tr>\n<th colspan=\"2\">Bru\u0161enje<\/th>\n<\/tr>\n<tr>\n<td>Najve\u010dja \u0161irina bru\u0161enja<\/td>\n<td>400 mm<\/td>\n<\/tr>\n<tr>\n<td>Premer bobna<\/td>\n<td>132 mm<\/td>\n<\/tr>\n<tr>\n<th colspan=\"2\">Nivo zvoka in vibracije<\/th>\n<\/tr>\n<tr>\n<td>Nivo zvo\u010dnega tlaka<\/td>\n<td>87 dB(A)<\/td>\n<\/tr>\n<tr>\n<td>Nivo zvo\u010dne mo\u010di<\/td>\n<td>96 dB(A)<\/td>\n<\/tr>\n<tr>\n<th colspan=\"2\">Te\u017ea<\/th>\n<\/tr>\n<tr>\n<td>Bruto te\u017ea<\/td>\n<td>144 kg<\/td>\n<\/tr>\n<tr>\n<td>Netto te\u017ea<\/td>\n<td>96 kg<\/td>\n<\/tr>\n<tr>\n<th colspan=\"2\">Pakiranje<\/th>\n<\/tr>\n<tr>\n<td>Dol\u017eina pakiranja<\/td>\n<td>940 mm<\/td>\n<\/tr>\n<tr>\n<td>\u0160irina pakiranja<\/td>\n<td>640 mm<\/td>\n<\/tr>\n<tr>\n<td>Vi\u0161ina pakiranja<\/td>\n<td>1360 mm<\/td>\n<\/tr>\n<tr>\n<th colspan=\"2\">Splo\u0161ni podatki<\/th>\n<\/tr>\n<tr>\n<td>EAN koda<\/td>\n<td>9120039908182<\/td>\n<\/tr>\n<\/tbody>\n<\/table>\n","protected":false},"excerpt":{"rendered":"<h3>Poudarki izdelka<\/h3>\n<p>Brusilna naprava ponuja brezstopenjsko hranjenje, ki ga nadzira potenciometer, ter stabilno lito\u017eelezno konstrukcijo. Opremljena je z dodatki, ki omogo\u010dajo enostavno uporabo in prilagoditev napetosti preprog.<\/p>\n<ul>\n<li>Brezstopenjsko hranjenje z nadzorom preko potenciometra<\/li>\n<li>Podalj\u0161ek mize spredaj in zadaj<\/li>\n<li>Stabilna lito\u017eelezna konstrukcija brusilne naprave<\/li>\n<li>Telo s polnim pokrovom in kabinetom<\/li>\n<li>Nastavljiva napetost preprog s sistemom vzmeti<\/li>\n<li>Mo\u017enost uporabe komercialnih brusilnih trakov<\/li>\n<\/ul>\n<p><strong>Vklju\u010deno v dostavo:<\/strong> brusni jermen, stojalo, brezstopenjsko hranjenje<\/p>\n","protected":false},"featured_media":5160,"template":"","meta":[],"product_brand":[],"product_cat":[1023,1012],"product_tag":[],"class_list":{"0":"post-5159","1":"product","2":"type-product","3":"status-publish","4":"has-post-thumbnail","6":"product_cat-brusilke","7":"product_cat-stroji-za-les","9":"first","10":"instock","11":"shipping-taxable","12":"purchasable","13":"product-type-simple"},"_links":{"self":[{"href":"https:\/\/www.depoles.com\/hr\/wp-json\/wp\/v2\/product\/5159","targetHints":{"allow":["GET"]}}],"collection":[{"href":"https:\/\/www.depoles.com\/hr\/wp-json\/wp\/v2\/product"}],"about":[{"href":"https:\/\/www.depoles.com\/hr\/wp-json\/wp\/v2\/types\/product"}],"wp:featuredmedia":[{"embeddable":true,"href":"https:\/\/www.depoles.com\/hr\/wp-json\/wp\/v2\/media\/5160"}],"wp:attachment":[{"href":"https:\/\/www.depoles.com\/hr\/wp-json\/wp\/v2\/media?parent=5159"}],"wp:term":[{"taxonomy":"product_brand","embeddable":true,"href":"https:\/\/www.depoles.com\/hr\/wp-json\/wp\/v2\/product_brand?post=5159"},{"taxonomy":"product_cat","embeddable":true,"href":"https:\/\/www.depoles.com\/hr\/wp-json\/wp\/v2\/product_cat?post=5159"},{"taxonomy":"product_tag","embeddable":true,"href":"https:\/\/www.depoles.com\/hr\/wp-json\/wp\/v2\/product_tag?post=5159"}],"curies":[{"name":"wp","href":"https:\/\/api.w.org\/{rel}","templated":true}]}}