{"id":5166,"date":"2019-10-17T13:14:32","date_gmt":"2019-10-17T11:14:32","guid":{"rendered":"https:\/\/nova.depoles.com\/trgovina\/brusilka-tracna-in-disk-bt1220top_230v\/"},"modified":"2026-02-12T13:57:44","modified_gmt":"2026-02-12T12:57:44","slug":"brusilka-tracna-in-disk-bt1220top_230v","status":"publish","type":"product","link":"https:\/\/www.depoles.com\/hr\/trgovina\/brusilka-tracna-in-disk-bt1220top_230v\/","title":{"rendered":"Tra\u010dna i disk brusilica BT1220TOP_230V"},"content":{"rendered":"<p><strong>Tehni\u010dni podatki<\/strong><\/p>\n<ul>\n<li><strong>Motor:<\/strong>\n<ul>\n<li>Mo\u010d motorja S1: 750 W<\/li>\n<li>Napetost: 230 V \/ 50 Hz<\/li>\n<li>Hitrost: 2980 min\u207b\u00b9<\/li>\n<li>Dol\u017eina kabla: 1,8 m<\/li>\n<\/ul>\n<\/li>\n<li><strong>Dimenzije:<\/strong>\n<ul>\n<li>Velikost mize: 332 x 170 mm<\/li>\n<li>Premer sesalne odprtine: 50 mm<\/li>\n<\/ul>\n<\/li>\n<li><strong>Mletje:<\/strong>\n<ul>\n<li>Dimenzije trakove brusilke: 1219 x 150 mm<\/li>\n<li>Hitrost trakove brusilke: 8 m\/s<\/li>\n<li>Premer brusilnega diska: 254 mm<\/li>\n<\/ul>\n<\/li>\n<li><strong>Nivo hrupa in vibracije:<\/strong>\n<ul>\n<li>Ravni mo\u010di zvoka: 93,3 dB(A)<\/li>\n<li>Ravni zvo\u010dnega tlaka: 80,3 dB(A)<\/li>\n<\/ul>\n<\/li>\n<li><strong>Te\u017ea:<\/strong>\n<ul>\n<li>Bruto te\u017ea: 41 kg<\/li>\n<li>Netto te\u017ea: 39 kg<\/li>\n<\/ul>\n<\/li>\n<li><strong>Embala\u017ea:<\/strong>\n<ul>\n<li>\u0160irina embala\u017ee: 495 mm<\/li>\n<li>Dol\u017eina embala\u017ee: 760 mm<\/li>\n<li>Vi\u0161ina embala\u017ee: 470 mm<\/li>\n<\/ul>\n<\/li>\n<li><strong>Splo\u0161ni podatki:<\/strong>\n<ul>\n<li>EAN koda: 9120058376979<\/li>\n<\/ul>\n<\/li>\n<\/ul>\n","protected":false},"excerpt":{"rendered":"<p>Aluminijasta miza je nagibna do 45\u00b0, enota brusnega traku pa se lahko nastavi od 0 do 90\u00b0 vodoravno ali vertikalno. Osnova stroja je izdelana iz sive litine, kar zagotavlja stabilnost in natan\u010dnost. Vklju\u010deno je kotno vodilo za precizno bru\u0161enje pod kotom ter sesalna naprava za \u010disto delovno okolje. Brusni trak je mogo\u010de hitro in enostavno zamenjati zaradi sistema hitrega vpenjanja. Stroj je primeren za bru\u0161enje vzdol\u017enih in sprednjih robov, okroglin ter ravnin. Deluje lahko s prilo\u017eenim stojalom ali na ustrezni delovni plo\u0161\u010di.<\/p>\n<ul>\n<li>Nagibna aluminijasta miza (do 45\u00b0)<\/li>\n<li>Enota brusnega traku nastavljiva od 0 do 90\u00b0 vodoravno ali vertikalno<\/li>\n<li>Osnova iz sive litine<\/li>\n<li>Kotno vodilo za natan\u010dno bru\u0161enje pod kotom<\/li>\n<li>Sesalna naprava<\/li>\n<li>Hitra in enostavna menjava brusnega traku s sistemom hitrega vpenjanja<\/li>\n<li>Primeren za bru\u0161enje vzdol\u017enih in sprednjih robov, okrogline in ravnin<\/li>\n<li>Delovanje s prilo\u017eenim stojalom ali na delovni plo\u0161\u010di<\/li>\n<\/ul>\n<p><strong>Vklju\u010deno v dostavo:<\/strong> 1 brusni trak, 1 brusni disk, manseta (alu in plasti\u010dni material), vodilo za bru\u0161enje ter stojalo.<\/p>\n","protected":false},"featured_media":5167,"template":"","meta":[],"product_brand":[],"product_cat":[1023,1012],"product_tag":[235,239,314,323,441,837],"class_list":{"0":"post-5166","1":"product","2":"type-product","3":"status-publish","4":"has-post-thumbnail","6":"product_cat-brusilke","7":"product_cat-stroji-za-les","8":"product_tag-brusilka","9":"product_tag-bt1220","10":"product_tag-depoles","11":"product_tag-disk","12":"product_tag-holzmann","13":"product_tag-tracna","15":"first","16":"instock","17":"shipping-taxable","18":"purchasable","19":"product-type-simple"},"_links":{"self":[{"href":"https:\/\/www.depoles.com\/hr\/wp-json\/wp\/v2\/product\/5166","targetHints":{"allow":["GET"]}}],"collection":[{"href":"https:\/\/www.depoles.com\/hr\/wp-json\/wp\/v2\/product"}],"about":[{"href":"https:\/\/www.depoles.com\/hr\/wp-json\/wp\/v2\/types\/product"}],"wp:featuredmedia":[{"embeddable":true,"href":"https:\/\/www.depoles.com\/hr\/wp-json\/wp\/v2\/media\/5167"}],"wp:attachment":[{"href":"https:\/\/www.depoles.com\/hr\/wp-json\/wp\/v2\/media?parent=5166"}],"wp:term":[{"taxonomy":"product_brand","embeddable":true,"href":"https:\/\/www.depoles.com\/hr\/wp-json\/wp\/v2\/product_brand?post=5166"},{"taxonomy":"product_cat","embeddable":true,"href":"https:\/\/www.depoles.com\/hr\/wp-json\/wp\/v2\/product_cat?post=5166"},{"taxonomy":"product_tag","embeddable":true,"href":"https:\/\/www.depoles.com\/hr\/wp-json\/wp\/v2\/product_tag?post=5166"}],"curies":[{"name":"wp","href":"https:\/\/api.w.org\/{rel}","templated":true}]}}