{"id":5173,"date":"2019-10-17T13:14:25","date_gmt":"2019-10-17T11:14:25","guid":{"rendered":"https:\/\/nova.depoles.com\/trgovina\/brusilka-valjcna-holzmann-zs560fu_230v\/"},"modified":"2026-02-12T13:54:31","modified_gmt":"2026-02-12T12:54:31","slug":"brusilka-valjcna-holzmann-zs560fu_230v","status":"publish","type":"product","link":"https:\/\/www.depoles.com\/hr\/trgovina\/brusilka-valjcna-holzmann-zs560fu_230v\/","title":{"rendered":"VALJ\u010cNA BRUSILICA HOLZMANN ZS560FU_230V"},"content":{"rendered":"<p><strong>Tehni\u010dni podatki<\/strong><\/p>\n<table>\n<tbody>\n<tr>\n<th colspan=\"2\">Podatki o motorju<\/th>\n<\/tr>\n<tr>\n<td>Mo\u010d motorja S1 (W)<\/td>\n<td>1500<\/td>\n<\/tr>\n<tr>\n<td>Napetost<\/td>\n<td>230V \/ 50Hz<\/td>\n<\/tr>\n<tr>\n<th colspan=\"2\">Dimenzije<\/th>\n<\/tr>\n<tr>\n<td>Velikost mize (mm)<\/td>\n<td>592 x 505<\/td>\n<\/tr>\n<tr>\n<td>Podalj\u0161ek mize (mm)<\/td>\n<td>582 x 245<\/td>\n<\/tr>\n<tr>\n<td>Odto\u010dni priklju\u010dek (mm)<\/td>\n<td>100<\/td>\n<\/tr>\n<tr>\n<th colspan=\"2\">Dimenzije obdelovanca<\/th>\n<\/tr>\n<tr>\n<td>Minimalna debelina obdelovanca (mm)<\/td>\n<td>5<\/td>\n<\/tr>\n<tr>\n<td>Maksimalna debelina obdelovanca (mm)<\/td>\n<td>80<\/td>\n<\/tr>\n<tr>\n<th colspan=\"2\">Bru\u0161enje<\/th>\n<\/tr>\n<tr>\n<td>Dimenzije brusilnega pasu (mm)<\/td>\n<td>3280 x 78<\/td>\n<\/tr>\n<tr>\n<td>Hitrost podajanja<\/td>\n<td>0-3 m\/min<\/td>\n<\/tr>\n<tr>\n<td>Maksimalna \u0161irina bru\u0161enja (mm)<\/td>\n<td>560<\/td>\n<\/tr>\n<tr>\n<td>Premer bobna (mm)<\/td>\n<td>\u00d8132 x 565<\/td>\n<\/tr>\n<tr>\n<td>Hitrost vrtenja bobna (min\u207b\u00b9)<\/td>\n<td>0-1800<\/td>\n<\/tr>\n<tr>\n<th colspan=\"2\">Raven zvoka in vibracije<\/th>\n<\/tr>\n<tr>\n<td>Nivo zvo\u010dne mo\u010di (dB(A))<\/td>\n<td>96<\/td>\n<\/tr>\n<tr>\n<td>Nivo zvo\u010dnega tlaka (dB(A))<\/td>\n<td>87<\/td>\n<\/tr>\n<tr>\n<th colspan=\"2\">Te\u017ea<\/th>\n<\/tr>\n<tr>\n<td>Bruto te\u017ea (kg)<\/td>\n<td>154<\/td>\n<\/tr>\n<tr>\n<td>Netto te\u017ea (kg)<\/td>\n<td>118<\/td>\n<\/tr>\n<tr>\n<th colspan=\"2\">Embala\u017ea<\/th>\n<\/tr>\n<tr>\n<td>\u0160irina embala\u017ee (mm)<\/td>\n<td>690<\/td>\n<\/tr>\n<tr>\n<td>Dol\u017eina embala\u017ee (mm)<\/td>\n<td>1100<\/td>\n<\/tr>\n<tr>\n<td>Vi\u0161ina embala\u017ee (mm)<\/td>\n<td>1240<\/td>\n<\/tr>\n<tr>\n<th colspan=\"2\">Splo\u0161ni podatki<\/th>\n<\/tr>\n<tr>\n<td>EAN koda<\/td>\n<td>9120058377525<\/td>\n<\/tr>\n<\/tbody>\n<\/table>\n","protected":false},"excerpt":{"rendered":"<h3>BRUSILKA ZS 560 FU z menjalnim valjem<\/h3>\n<ul>\n<li>eidni stroj na trgu opri katerem menjavate valj za bru\u0161enje in ali krta\u010denje lesa<\/li>\n<li>Frekven\u010dno kontorliran brusni valj stroja za vrhunsko doseganje kon\u010dnih rezultatov pri bru\u0161enju ali krta\u010denju lesa( odvisno od valja , ki ga namestite)<\/li>\n<li>brezstopenjska hitrost podajanja, ki jo nastavljate preko potenciometra<\/li>\n<li>spredaj in zadaj podalj\u0161ek mize<\/li>\n<li>stabilna lito\u017eelezna konstrukcija brusne naprave<\/li>\n<li>napetost preprog se nastavlja<\/li>\n<li>uporabljate lahko razli\u010dne brusne trakove granulacij (za dopla\u010dilo)<\/li>\n<li>po izbiri brusilni bobni, primerni za te stroje<\/li>\n<li>Funkcija \u0161\u010detkanja z ustreznim valj\u010dkom (dopla\u010dilo ZS560FU_DSW)<\/li>\n<\/ul>\n<p><strong>vklju\u010deno v dostavo<\/strong> : brusni stroj , trak , stojalo, brezstopenjsko podajanje<\/p>\n<p>https:\/\/www.youtube.com\/watch?v=nnSnZKCSGiM&amp;feature=youtu.be<\/p>\n<p>&nbsp;<\/p>\n","protected":false},"featured_media":5174,"template":"","meta":[],"product_brand":[],"product_cat":[1023,1012],"product_tag":[],"class_list":{"0":"post-5173","1":"product","2":"type-product","3":"status-publish","4":"has-post-thumbnail","6":"product_cat-brusilke","7":"product_cat-stroji-za-les","9":"first","10":"instock","11":"shipping-taxable","12":"purchasable","13":"product-type-simple"},"_links":{"self":[{"href":"https:\/\/www.depoles.com\/hr\/wp-json\/wp\/v2\/product\/5173","targetHints":{"allow":["GET"]}}],"collection":[{"href":"https:\/\/www.depoles.com\/hr\/wp-json\/wp\/v2\/product"}],"about":[{"href":"https:\/\/www.depoles.com\/hr\/wp-json\/wp\/v2\/types\/product"}],"wp:featuredmedia":[{"embeddable":true,"href":"https:\/\/www.depoles.com\/hr\/wp-json\/wp\/v2\/media\/5174"}],"wp:attachment":[{"href":"https:\/\/www.depoles.com\/hr\/wp-json\/wp\/v2\/media?parent=5173"}],"wp:term":[{"taxonomy":"product_brand","embeddable":true,"href":"https:\/\/www.depoles.com\/hr\/wp-json\/wp\/v2\/product_brand?post=5173"},{"taxonomy":"product_cat","embeddable":true,"href":"https:\/\/www.depoles.com\/hr\/wp-json\/wp\/v2\/product_cat?post=5173"},{"taxonomy":"product_tag","embeddable":true,"href":"https:\/\/www.depoles.com\/hr\/wp-json\/wp\/v2\/product_tag?post=5173"}],"curies":[{"name":"wp","href":"https:\/\/api.w.org\/{rel}","templated":true}]}}