{"id":5191,"date":"2019-10-17T13:14:15","date_gmt":"2019-10-17T11:14:15","guid":{"rendered":"https:\/\/nova.depoles.com\/trgovina\/tracni-brusni-stroj-bsm2600p_400v\/"},"modified":"2025-12-17T23:55:56","modified_gmt":"2025-12-17T22:55:56","slug":"tracni-brusni-stroj-bsm2600p_400v","status":"publish","type":"product","link":"https:\/\/www.depoles.com\/hr\/trgovina\/tracni-brusni-stroj-bsm2600p_400v\/","title":{"rendered":"Tra\u010dni brusilica BSM2600P_400V"},"content":{"rendered":"<p><strong>Tehni\u010dni podatki<\/strong><\/p>\n<ul>\n<li><strong>Podatki o motorju<\/strong>\n<ul>\n<li>Mo\u010d motorja S1: 3000 W<\/li>\n<li>Mo\u010d motorja S6: 4200 W<\/li>\n<li>Napetost: 400 V<\/li>\n<\/ul>\n<\/li>\n<li><strong>Dimenzije<\/strong>\n<ul>\n<li>Velikost mize: 2500 x 825 mm<\/li>\n<li>Premer valja: 240 mm<\/li>\n<li>Sesalni priklju\u010dek: 2 x 120 mm<\/li>\n<li>Hod mize: 600 mm<\/li>\n<\/ul>\n<\/li>\n<li><strong>Zbiralci prahu<\/strong>\n<ul>\n<li>Vi\u0161ina traku: 210 mm<\/li>\n<\/ul>\n<\/li>\n<li><strong>Bru\u0161enje<\/strong>\n<ul>\n<li>Hitrost traku: 18-36 m\/min<\/li>\n<li>Dimenzije traku: 7150 x 150 mm<\/li>\n<li>Globina upogiba: 600 mm<\/li>\n<\/ul>\n<\/li>\n<li><strong>Te\u017ea<\/strong>\n<ul>\n<li>Bruto te\u017ea: 597 kg<\/li>\n<li>Netto te\u017ea: 520 kg<\/li>\n<\/ul>\n<\/li>\n<li><strong>Pakiranje<\/strong>\n<ul>\n<li>Dol\u017eina pakiranja: 1850 mm<\/li>\n<li>\u0160irina pakiranja: 1200 mm<\/li>\n<li>Vi\u0161ina pakiranja: 1800 mm<\/li>\n<\/ul>\n<\/li>\n<li><strong>Splo\u0161ni podatki<\/strong>\n<ul>\n<li>EAN koda: 9120039907178<\/li>\n<\/ul>\n<\/li>\n<\/ul>\n","protected":false},"excerpt":{"rendered":"<h3> Poudarki <\/h3>\n<ul>\n<li> te\u017eka in natan\u010dna industrijska namestitev <\/li>\n<li> elektri\u010dna nastavitev vi\u0161ine mize <\/li>\n<li> ogromno odpiranje okvirja omogo\u010da obdelavo velikih kosov <\/li>\n<li> integriran zbiralnik prahu z lo\u010denim motorjem kot standard <\/li>\n<li> dve hitrosti bru\u0161enja kot tudi CW &#8211; CCW delujeta kot standard <\/li>\n<li> dinami\u010dne uravnote\u017eene pogonske jermenice <\/li>\n<li> grafit prevle\u010den brusni \u010develj zmanj\u0161uje trenje <\/li>\n<li> odstranljiv vhod za mizo (640&#215;640 mm) omogo\u010da obse\u017ena obdelava brusnih delov (okvirji) <\/li>\n<li> priklju\u010dki za zbiranje prahu: 2x120mm <\/li>\n<\/ul>\n<p> <strong>vklju\u010deno v dostavo:<\/strong> brusni pas, brusni \u010develj <\/p><\/p>\n","protected":false},"featured_media":5192,"template":"","meta":[],"product_brand":[],"product_cat":[1023,1012],"product_tag":[],"class_list":{"0":"post-5191","1":"product","2":"type-product","3":"status-publish","4":"has-post-thumbnail","6":"product_cat-brusilke","7":"product_cat-stroji-za-les","9":"first","10":"instock","11":"shipping-taxable","12":"purchasable","13":"product-type-simple"},"_links":{"self":[{"href":"https:\/\/www.depoles.com\/hr\/wp-json\/wp\/v2\/product\/5191","targetHints":{"allow":["GET"]}}],"collection":[{"href":"https:\/\/www.depoles.com\/hr\/wp-json\/wp\/v2\/product"}],"about":[{"href":"https:\/\/www.depoles.com\/hr\/wp-json\/wp\/v2\/types\/product"}],"wp:featuredmedia":[{"embeddable":true,"href":"https:\/\/www.depoles.com\/hr\/wp-json\/wp\/v2\/media\/5192"}],"wp:attachment":[{"href":"https:\/\/www.depoles.com\/hr\/wp-json\/wp\/v2\/media?parent=5191"}],"wp:term":[{"taxonomy":"product_brand","embeddable":true,"href":"https:\/\/www.depoles.com\/hr\/wp-json\/wp\/v2\/product_brand?post=5191"},{"taxonomy":"product_cat","embeddable":true,"href":"https:\/\/www.depoles.com\/hr\/wp-json\/wp\/v2\/product_cat?post=5191"},{"taxonomy":"product_tag","embeddable":true,"href":"https:\/\/www.depoles.com\/hr\/wp-json\/wp\/v2\/product_tag?post=5191"}],"curies":[{"name":"wp","href":"https:\/\/api.w.org\/{rel}","templated":true}]}}