{"id":5194,"date":"2019-10-17T13:14:14","date_gmt":"2019-10-17T11:14:14","guid":{"rendered":"https:\/\/nova.depoles.com\/trgovina\/brusilka-robna-z-oscilacijo-holzmann-kos-2510-n-400v\/"},"modified":"2026-02-12T13:57:21","modified_gmt":"2026-02-12T12:57:21","slug":"brusilka-robna-z-oscilacijo-holzmann-kos-2510-n-400v","status":"publish","type":"product","link":"https:\/\/www.depoles.com\/hr\/trgovina\/brusilka-robna-z-oscilacijo-holzmann-kos-2510-n-400v\/","title":{"rendered":"BRUSILICA RUBNA S OSCILACIJOM HOLZMANN KOS 2510 N 400V"},"content":{"rendered":"<p><strong>Specifikacije izdelka:<\/strong><\/p>\n<ul>\n<li><strong>Podatki o motorju:<\/strong>\n<ul>\n<li>Mo\u010d motorja S1: 1500 W<\/li>\n<li>Napetost: 400 V<\/li>\n<\/ul>\n<\/li>\n<li><strong>Dimenzije:<\/strong>\n<ul>\n<li>Premer sesalnega priklju\u010dka: 100 mm<\/li>\n<li>Velikost mize: 840 x 300 mm<\/li>\n<\/ul>\n<\/li>\n<li><strong>Mletje:<\/strong>\n<ul>\n<li>Dimenzije trakovega brusilnega traku: 2510 x 150 mm<\/li>\n<li>Hitrost traku: 16 m\/s<\/li>\n<\/ul>\n<\/li>\n<li><strong>Raven zvoka in vibracije:<\/strong>\n<ul>\n<li>Raven zvo\u010dnega tlaka: 91 dB(A)<\/li>\n<li>Raven zvo\u010dne mo\u010di: 80 dB(A)<\/li>\n<\/ul>\n<\/li>\n<li><strong>Te\u017ea:<\/strong>\n<ul>\n<li>Bruto te\u017ea: 160 kg<\/li>\n<li>Netto te\u017ea: 110 kg<\/li>\n<\/ul>\n<\/li>\n<li><strong>Embala\u017ea:<\/strong>\n<ul>\n<li>Dol\u017eina embala\u017ee: 1290 mm<\/li>\n<li>\u0160irina embala\u017ee: 720 mm<\/li>\n<li>Vi\u0161ina embala\u017ee: 510 mm<\/li>\n<\/ul>\n<\/li>\n<li><strong>Splo\u0161ni podatki:<\/strong>\n<ul>\n<li>EAN koda: 9120058371837<\/li>\n<\/ul>\n<\/li>\n<\/ul>\n","protected":false},"excerpt":{"rendered":"<h3>Poudarki<\/h3>\n<p>Brusilni stroj zagotavlja odli\u010den rezultat bru\u0161enja z maksimalnim izkoristkom brusnega traku. Pona\u0161a se s konstantno hitrostjo in nemotenim potekom abrazivnega pasu ter vrtilno brusilno napravo do 90 \u00b0. Enostavna nastavitev vi\u0161ine mize poteka prek ro\u010dnega kolesa, stabilna konstrukcija pa je izdelana iz jeklene plo\u010devine.<\/p>\n<ul>\n<li>Nihanje za popoln rezultat bru\u0161enja in maksimalen izkoristek brusnega traku<\/li>\n<li>Konstantna hitrost in nemoten potek abrazivnega pasu<\/li>\n<li>Vrtilna brusilna naprava do 90 \u00b0<\/li>\n<li>Enostavna nastavitev vi\u0161ine mize prek ro\u010dnega kolesa<\/li>\n<li>Stabilna konstrukcija iz jeklene plo\u010devine<\/li>\n<li>Mehanizem za hitro menjavo brusnega pasu<\/li>\n<li>Miter profil<\/li>\n<li>Dodatna miza za funkcijo okroglega mletja<\/li>\n<\/ul>\n<p><strong>Vklju\u010deno v dobavo:<\/strong> stojalo z omarico za orodje, ki ga je mogo\u010de zakleniti, brusni pas, miter profil in namizna ograja.<\/p>\n","protected":false},"featured_media":5195,"template":"","meta":[],"product_brand":[],"product_cat":[1023,1012],"product_tag":[],"class_list":{"0":"post-5194","1":"product","2":"type-product","3":"status-publish","4":"has-post-thumbnail","6":"product_cat-brusilke","7":"product_cat-stroji-za-les","9":"first","10":"instock","11":"shipping-taxable","12":"purchasable","13":"product-type-simple"},"_links":{"self":[{"href":"https:\/\/www.depoles.com\/hr\/wp-json\/wp\/v2\/product\/5194","targetHints":{"allow":["GET"]}}],"collection":[{"href":"https:\/\/www.depoles.com\/hr\/wp-json\/wp\/v2\/product"}],"about":[{"href":"https:\/\/www.depoles.com\/hr\/wp-json\/wp\/v2\/types\/product"}],"wp:featuredmedia":[{"embeddable":true,"href":"https:\/\/www.depoles.com\/hr\/wp-json\/wp\/v2\/media\/5195"}],"wp:attachment":[{"href":"https:\/\/www.depoles.com\/hr\/wp-json\/wp\/v2\/media?parent=5194"}],"wp:term":[{"taxonomy":"product_brand","embeddable":true,"href":"https:\/\/www.depoles.com\/hr\/wp-json\/wp\/v2\/product_brand?post=5194"},{"taxonomy":"product_cat","embeddable":true,"href":"https:\/\/www.depoles.com\/hr\/wp-json\/wp\/v2\/product_cat?post=5194"},{"taxonomy":"product_tag","embeddable":true,"href":"https:\/\/www.depoles.com\/hr\/wp-json\/wp\/v2\/product_tag?post=5194"}],"curies":[{"name":"wp","href":"https:\/\/api.w.org\/{rel}","templated":true}]}}