{"id":5200,"date":"2019-10-17T13:14:10","date_gmt":"2019-10-17T11:14:10","guid":{"rendered":"https:\/\/nova.depoles.com\/trgovina\/brusilka-robna-z-oscilacijo-kos-3000-c-400v\/"},"modified":"2025-12-17T17:10:27","modified_gmt":"2025-12-17T16:10:27","slug":"brusilka-robna-z-oscilacijo-kos-3000-c-400v","status":"publish","type":"product","link":"https:\/\/www.depoles.com\/hr\/trgovina\/brusilka-robna-z-oscilacijo-kos-3000-c-400v\/","title":{"rendered":"BRUSILICA RUBNA S OSCILACIJOM KOM 3000 C 400V"},"content":{"rendered":"<p><strong>Tehni\u010dni podatki<\/strong><\/p>\n<table>\n<tbody>\n<tr>\n<th colspan=\"2\">Motor<\/th>\n<\/tr>\n<tr>\n<td>Mo\u010d motorja S1<\/td>\n<td>3000 W<\/td>\n<\/tr>\n<tr>\n<td>Mo\u010d motorja S6<\/td>\n<td>4200 W<\/td>\n<\/tr>\n<tr>\n<td>Napetost<\/td>\n<td>400 V<\/td>\n<\/tr>\n<tr>\n<th colspan=\"2\">Dimenzije<\/th>\n<\/tr>\n<tr>\n<td>Velikost mize<\/td>\n<td>960 x 350 mm<\/td>\n<\/tr>\n<tr>\n<th colspan=\"2\">Bru\u0161enje<\/th>\n<\/tr>\n<tr>\n<td>Dimenzije pasu<\/td>\n<td>3000 x 200 mm<\/td>\n<\/tr>\n<tr>\n<td>Hitrost pasu<\/td>\n<td>20 m\/s<\/td>\n<\/tr>\n<tr>\n<th colspan=\"2\">Te\u017ea<\/th>\n<\/tr>\n<tr>\n<td>Bruto te\u017ea<\/td>\n<td>350 kg<\/td>\n<\/tr>\n<tr>\n<td>Netto te\u017ea<\/td>\n<td>284 kg<\/td>\n<\/tr>\n<tr>\n<th colspan=\"2\">Pakiranje<\/th>\n<\/tr>\n<tr>\n<td>Dol\u017eina pakiranja<\/td>\n<td>1680 mm<\/td>\n<\/tr>\n<tr>\n<td>\u0160irina pakiranja<\/td>\n<td>930 mm<\/td>\n<\/tr>\n<tr>\n<td>Vi\u0161ina pakiranja<\/td>\n<td>1200 mm<\/td>\n<\/tr>\n<tr>\n<th colspan=\"2\">Splo\u0161ni podatki<\/th>\n<\/tr>\n<tr>\n<td>EAN koda<\/td>\n<td>9120039904146<\/td>\n<\/tr>\n<\/tbody>\n<\/table>\n","protected":false},"excerpt":{"rendered":"<h3>Poudarki izdelka<\/h3>\n<p>Ta industrijska brusilna miza je zasnovana za natan\u010dno in u\u010dinkovito delo z furnirjem. Pona\u0161a se z robustno konstrukcijo in naprednimi funkcijami za optimalno uporabo:<\/p>\n<ul>\n<li>te\u017eka in natan\u010dna industrijska namestitev<\/li>\n<li>pritrditev furnirja s fino prilagodljivo funkcijo, furnirni \u010develj, ograja in spustni valji<\/li>\n<li>posebna ograja z maticami za prekrivanje furnirja<\/li>\n<li>lo\u010deno nihajno gonilo<\/li>\n<li>nastavitev vi\u0161ine mize iz litega \u017eeleza z ro\u010dnim kolesom<\/li>\n<li>izvle\u010dna mizna podalj\u0161ka s sistemom z ve\u010d valji<\/li>\n<li>dvojni sistem za zbiranje prahu okrogle mize in glavne brusilne enote<\/li>\n<li>glavna brusilna enota je brezstopenjsko nastavljiva od navpi\u010dne do 45 \u00b0 preko ro\u010dnega kolesa<\/li>\n<li>natan\u010dno vodeni brusni valji omogo\u010dajo gladko vodenje jermena<\/li>\n<li>natan\u010den merilni profil z kotno skalo<\/li>\n<li>vzmetno name\u0161\u010den napetostni sistem<\/li>\n<li>grafitna prevle\u010dena kontaktna povr\u0161ina zmanj\u0161uje trenje<\/li>\n<li>premer priklju\u010dka za zbiranje prahu: 120 mm<\/li>\n<li>vodoravni in enostavno drsni vzporedni vodilni sistem pri delovni mizi<\/li>\n<\/ul>\n<p><strong>Vklju\u010deno v dostavo:<\/strong> zrno brusilnega traku, merilno sredstvo, bru\u0161enje s furnirjem, okrogla brusilna miza, podalj\u0161ek mize.<\/p>\n","protected":false},"featured_media":5201,"template":"","meta":[],"product_brand":[],"product_cat":[1023,1012],"product_tag":[],"class_list":{"0":"post-5200","1":"product","2":"type-product","3":"status-publish","4":"has-post-thumbnail","6":"product_cat-brusilke","7":"product_cat-stroji-za-les","9":"first","10":"instock","11":"shipping-taxable","12":"purchasable","13":"product-type-simple"},"_links":{"self":[{"href":"https:\/\/www.depoles.com\/hr\/wp-json\/wp\/v2\/product\/5200","targetHints":{"allow":["GET"]}}],"collection":[{"href":"https:\/\/www.depoles.com\/hr\/wp-json\/wp\/v2\/product"}],"about":[{"href":"https:\/\/www.depoles.com\/hr\/wp-json\/wp\/v2\/types\/product"}],"wp:featuredmedia":[{"embeddable":true,"href":"https:\/\/www.depoles.com\/hr\/wp-json\/wp\/v2\/media\/5201"}],"wp:attachment":[{"href":"https:\/\/www.depoles.com\/hr\/wp-json\/wp\/v2\/media?parent=5200"}],"wp:term":[{"taxonomy":"product_brand","embeddable":true,"href":"https:\/\/www.depoles.com\/hr\/wp-json\/wp\/v2\/product_brand?post=5200"},{"taxonomy":"product_cat","embeddable":true,"href":"https:\/\/www.depoles.com\/hr\/wp-json\/wp\/v2\/product_cat?post=5200"},{"taxonomy":"product_tag","embeddable":true,"href":"https:\/\/www.depoles.com\/hr\/wp-json\/wp\/v2\/product_tag?post=5200"}],"curies":[{"name":"wp","href":"https:\/\/api.w.org\/{rel}","templated":true}]}}