{"id":5202,"date":"2019-10-17T13:14:08","date_gmt":"2019-10-17T11:14:08","guid":{"rendered":"https:\/\/nova.depoles.com\/trgovina\/brusilka-krozna-disk-tsm250-230v\/"},"modified":"2025-12-17T17:10:34","modified_gmt":"2025-12-17T16:10:34","slug":"brusilka-krozna-disk-tsm250-230v","status":"publish","type":"product","link":"https:\/\/www.depoles.com\/hr\/trgovina\/brusilka-krozna-disk-tsm250-230v\/","title":{"rendered":"BRUSILICA KRU\u017dNA DISK TSM250 230V"},"content":{"rendered":"<p><strong>Tehni\u010dni podatki<\/strong><\/p>\n<ul>\n<li><strong>Motor<\/strong>\n<ul>\n<li>Mo\u010d motorja (S1): 550 W<\/li>\n<li>Hitrost: 1450 min\u207b\u00b9<\/li>\n<li>Napetost: 230 V \/ 50 Hz<\/li>\n<\/ul>\n<\/li>\n<li><strong>Dimenzije<\/strong>\n<ul>\n<li>Velikost mize: 290 x 140 mm<\/li>\n<li>Sesalni priklju\u010dek: \u00d8 35 mm<\/li>\n<\/ul>\n<\/li>\n<li><strong>Su\u0161enje<\/strong>\n<ul>\n<li>Premer brusnega diska: \u00d8 254 mm<\/li>\n<\/ul>\n<\/li>\n<li><strong>Te\u017ea<\/strong>\n<ul>\n<li>Netto te\u017ea: 11 kg<\/li>\n<li>Bruto te\u017ea: 12 kg<\/li>\n<\/ul>\n<\/li>\n<li><strong>Pakiranje<\/strong>\n<ul>\n<li>Vi\u0161ina pakiranja: 325 mm<\/li>\n<li>\u0160irina pakiranja: 335 mm<\/li>\n<li>Dol\u017eina pakiranja: 335 mm<\/li>\n<\/ul>\n<\/li>\n<li><strong>Splo\u0161ni podatki<\/strong>\n<ul>\n<li>EAN koda: 9120058373206<\/li>\n<\/ul>\n<\/li>\n<\/ul>\n","protected":false},"excerpt":{"rendered":"<h6>pla\u010dila tudi naobroke do 12000\u20ac -TAKOJ<\/h6>\n<ul>\n<li>omogo\u010da bru\u0161enje brez prahu &#8211; dodatni zbiralnik prahu ni potreben<\/li>\n<li>INTEGRIRANO ODSESOVANJE<\/li>\n<li>primeren za vse vrste lesenih obdelovancev<\/li>\n<li>opremljen z zlo\u017eljivimi stranskimi plo\u0161\u010dami za dalj\u0161e obdelovance<\/li>\n<li>brez prask zaradi za\u0161\u010dite mize z gumo<\/li>\n<li>velika povr\u0161ina filtra omogo\u010da visoke sesalne lastnosti<\/li>\n<li>vgrajen ventilator<\/li>\n<li>spredaj izvle\u010dni predal za sekance za enostavno praznjenje brusnega prahu<\/li>\n<li>filtriran zrak recirkulira v delovni prostor in zagotavlja \u010disto delovno okolje<\/li>\n<\/ul>\n","protected":false},"featured_media":5203,"template":"","meta":[],"product_brand":[],"product_cat":[1023,1012],"product_tag":[116,232,234,314,323,441,521],"class_list":{"0":"post-5202","1":"product","2":"type-product","3":"status-publish","4":"has-post-thumbnail","6":"product_cat-brusilke","7":"product_cat-stroji-za-les","8":"product_tag-116","9":"product_tag-bruislnik","10":"product_tag-brusilica","11":"product_tag-depoles","12":"product_tag-disk","13":"product_tag-holzmann","14":"product_tag-krozni","16":"first","17":"instock","18":"shipping-taxable","19":"purchasable","20":"product-type-simple"},"_links":{"self":[{"href":"https:\/\/www.depoles.com\/hr\/wp-json\/wp\/v2\/product\/5202","targetHints":{"allow":["GET"]}}],"collection":[{"href":"https:\/\/www.depoles.com\/hr\/wp-json\/wp\/v2\/product"}],"about":[{"href":"https:\/\/www.depoles.com\/hr\/wp-json\/wp\/v2\/types\/product"}],"wp:featuredmedia":[{"embeddable":true,"href":"https:\/\/www.depoles.com\/hr\/wp-json\/wp\/v2\/media\/5203"}],"wp:attachment":[{"href":"https:\/\/www.depoles.com\/hr\/wp-json\/wp\/v2\/media?parent=5202"}],"wp:term":[{"taxonomy":"product_brand","embeddable":true,"href":"https:\/\/www.depoles.com\/hr\/wp-json\/wp\/v2\/product_brand?post=5202"},{"taxonomy":"product_cat","embeddable":true,"href":"https:\/\/www.depoles.com\/hr\/wp-json\/wp\/v2\/product_cat?post=5202"},{"taxonomy":"product_tag","embeddable":true,"href":"https:\/\/www.depoles.com\/hr\/wp-json\/wp\/v2\/product_tag?post=5202"}],"curies":[{"name":"wp","href":"https:\/\/api.w.org\/{rel}","templated":true}]}}