{"id":5205,"date":"2019-10-17T13:14:07","date_gmt":"2019-10-17T11:14:07","guid":{"rendered":"https:\/\/nova.depoles.com\/trgovina\/brusna-miza-ssat1000\/"},"modified":"2025-12-17T17:10:50","modified_gmt":"2025-12-17T16:10:50","slug":"brusna-miza-ssat1000","status":"publish","type":"product","link":"https:\/\/www.depoles.com\/hr\/trgovina\/brusna-miza-ssat1000\/","title":{"rendered":"Brusni stol sa usisavanjem SSAT1000"},"content":{"rendered":"<p><strong>Specifikacije izdelka<\/strong><\/p>\n<ul>\n<li><strong>Motor<\/strong>\n<ul>\n<li>Mo\u010d motorja S1: 750 W<\/li>\n<li>Napetost: 230 V 50 Hz<\/li>\n<\/ul>\n<\/li>\n<li><strong>Dimenzije<\/strong>\n<ul>\n<li>Skupne dimenzije (\u0160 x G x V): 1050 x 600 x 850 mm<\/li>\n<\/ul>\n<\/li>\n<li><strong>Zbiralci prahu<\/strong>\n<ul>\n<li>Sesalna zmogljivost: 4000 m\u00b3\/h<\/li>\n<li>Premer ventilatorja: 250 mm<\/li>\n<li>Velikost sprednjega filtra: 2 x (395 x 495 x 24 mm)<\/li>\n<\/ul>\n<\/li>\n<li><strong>Raven hrupa in vibracije<\/strong>\n<ul>\n<li>Raven zvo\u010dne mo\u010di: 85 dB(A)<\/li>\n<\/ul>\n<\/li>\n<li><strong>Te\u017ea<\/strong>\n<ul>\n<li>Bruto te\u017ea: 71 kg<\/li>\n<li>Netto te\u017ea: 68 kg<\/li>\n<\/ul>\n<\/li>\n<li><strong>Pakiranje<\/strong>\n<ul>\n<li>\u0160irina pakiranja: 680 mm<\/li>\n<li>Dol\u017eina pakiranja: 1050 mm<\/li>\n<li>Vi\u0161ina pakiranja: 750 mm<\/li>\n<\/ul>\n<\/li>\n<li><strong>Splo\u0161ni podatki<\/strong>\n<ul>\n<li>EAN koda: 9120058377181<\/li>\n<\/ul>\n<\/li>\n<\/ul>\n","protected":false},"excerpt":{"rendered":"<h3>Poudarki izdelka<\/h3>\n<p>Brusilnik omogo\u010da bru\u0161enje brez prahu, primeren je za vse vrste lesenih obdelovancev in je opremljen z zlo\u017eljivimi stranskimi plo\u0161\u010dami za dalj\u0161e materiale. Za\u0161\u010dita mize z gumo prepre\u010duje praske, velika povr\u0161ina filtra zagotavlja mo\u010dno sesanje, vgrajen ventilator pa skrbi za u\u010dinkovito filtracijo.<\/p>\n<ul>\n<li>Bru\u0161enje brez prahu, brez potrebe po dodatnem zbiralniku prahu<\/li>\n<li>Primeren za vse vrste lesenih obdelovancev<\/li>\n<li>Zlo\u017eljive stranske plo\u0161\u010de za dalj\u0161e obdelovance<\/li>\n<li>Za\u0161\u010dita mize z gumo prepre\u010duje praske<\/li>\n<li>Velika povr\u0161ina filtra za visoke sesalne lastnosti<\/li>\n<li>Vgrajen ventilator<\/li>\n<li>Izvle\u010dni predal za sekance za enostavno praznjenje brusnega prahu<\/li>\n<li>Filtriran zrak se recirkulira v delovni prostor in zagotavlja \u010disto okolje<\/li>\n<\/ul>\n","protected":false},"featured_media":5206,"template":"","meta":[],"product_brand":[],"product_cat":[1012],"product_tag":[],"class_list":{"0":"post-5205","1":"product","2":"type-product","3":"status-publish","4":"has-post-thumbnail","6":"product_cat-stroji-za-les","8":"first","9":"instock","10":"shipping-taxable","11":"purchasable","12":"product-type-simple"},"_links":{"self":[{"href":"https:\/\/www.depoles.com\/hr\/wp-json\/wp\/v2\/product\/5205","targetHints":{"allow":["GET"]}}],"collection":[{"href":"https:\/\/www.depoles.com\/hr\/wp-json\/wp\/v2\/product"}],"about":[{"href":"https:\/\/www.depoles.com\/hr\/wp-json\/wp\/v2\/types\/product"}],"wp:featuredmedia":[{"embeddable":true,"href":"https:\/\/www.depoles.com\/hr\/wp-json\/wp\/v2\/media\/5206"}],"wp:attachment":[{"href":"https:\/\/www.depoles.com\/hr\/wp-json\/wp\/v2\/media?parent=5205"}],"wp:term":[{"taxonomy":"product_brand","embeddable":true,"href":"https:\/\/www.depoles.com\/hr\/wp-json\/wp\/v2\/product_brand?post=5205"},{"taxonomy":"product_cat","embeddable":true,"href":"https:\/\/www.depoles.com\/hr\/wp-json\/wp\/v2\/product_cat?post=5205"},{"taxonomy":"product_tag","embeddable":true,"href":"https:\/\/www.depoles.com\/hr\/wp-json\/wp\/v2\/product_tag?post=5205"}],"curies":[{"name":"wp","href":"https:\/\/api.w.org\/{rel}","templated":true}]}}