{"id":5208,"date":"2019-10-17T13:14:04","date_gmt":"2019-10-17T11:14:04","guid":{"rendered":"https:\/\/nova.depoles.com\/trgovina\/lamelka-keksarca-holzmann-pj100pro-230v\/"},"modified":"2026-03-06T14:01:59","modified_gmt":"2026-03-06T13:01:59","slug":"lamelka-keksarca-holzmann-pj100pro-230v","status":"publish","type":"product","link":"https:\/\/www.depoles.com\/hr\/trgovina\/lamelka-keksarca-holzmann-pj100pro-230v\/","title":{"rendered":"LAMELKA\/KEKSARICA HOLZMANN PJ100PRO 230V"},"content":{"rendered":"<p><strong>Tehni\u010dna specifikacija izdelka<\/strong><\/p>\n<table>\n<tbody>\n<tr>\n<th colspan=\"2\">Podatki o motorju<\/th>\n<\/tr>\n<tr>\n<td>Mo\u010d motorja S1<\/td>\n<td>900 W<\/td>\n<\/tr>\n<tr>\n<td>Napetost<\/td>\n<td>230V \/ 50Hz<\/td>\n<\/tr>\n<tr>\n<td>Hitrost (min-1)<\/td>\n<td>10800<\/td>\n<\/tr>\n<tr>\n<td>Razred za\u0161\u010dite<\/td>\n<td>II<\/td>\n<\/tr>\n<tr>\n<td>Tip motorja<\/td>\n<td>IP 20<\/td>\n<\/tr>\n<tr>\n<th colspan=\"2\">Dimenzije<\/th>\n<\/tr>\n<tr>\n<td>Obseg vrtenja<\/td>\n<td>-45\u00b0 do +90\u00b0<\/td>\n<\/tr>\n<tr>\n<th colspan=\"2\">Tehni\u010dna specifikacija<\/th>\n<\/tr>\n<tr>\n<td>Maksimalna zmogljivost rezkanja<\/td>\n<td>19 mm<\/td>\n<\/tr>\n<tr>\n<td>Rezkalni adapter<\/td>\n<td>M10<\/td>\n<\/tr>\n<tr>\n<td>Maksimalni premer rezkanja<\/td>\n<td>100 mm<\/td>\n<\/tr>\n<tr>\n<th colspan=\"2\">Raven hrupa in vibracije<\/th>\n<\/tr>\n<tr>\n<td>Raven zvo\u010dne mo\u010di<\/td>\n<td>100 dB(A)<\/td>\n<\/tr>\n<tr>\n<td>Raven zvo\u010dnega tlaka<\/td>\n<td>89 dB(A)<\/td>\n<\/tr>\n<tr>\n<td>Vibracije ro\u010daja<\/td>\n<td>5,1 m\/s\u00b2<\/td>\n<\/tr>\n<tr>\n<th colspan=\"2\">Te\u017ea<\/th>\n<\/tr>\n<tr>\n<td>Bruto te\u017ea<\/td>\n<td>6 kg<\/td>\n<\/tr>\n<tr>\n<td>Netto te\u017ea<\/td>\n<td>4,50 kg<\/td>\n<\/tr>\n<tr>\n<th colspan=\"2\">Embala\u017ea<\/th>\n<\/tr>\n<tr>\n<td>\u0160irina embala\u017ee<\/td>\n<td>240 mm<\/td>\n<\/tr>\n<tr>\n<td>Dol\u017eina embala\u017ee<\/td>\n<td>425 mm<\/td>\n<\/tr>\n<tr>\n<td>Vi\u0161ina embala\u017ee<\/td>\n<td>190 mm<\/td>\n<\/tr>\n<tr>\n<th colspan=\"2\">Splo\u0161ni podatki<\/th>\n<\/tr>\n<tr>\n<td>EAN koda<\/td>\n<td>9120058376634<\/td>\n<\/tr>\n<\/tbody>\n<\/table>\n","protected":false},"excerpt":{"rendered":"<h3>Klju\u010dne lastnosti<\/h3>\n<ul>\n<li>Natan\u010dna rezalna enota za precizno delo<\/li>\n<li>Moderno oblikovanje<\/li>\n<li>Maksimalna globina reza 19 mm<\/li>\n<li>Rezalnik iz volframovega karbida (\u00f8100 x \u00f822 x 3,8 mm; 6 zob)<\/li>\n<li>Primeren za izdelavo lesenih spojev<\/li>\n<li>Dostavljeno v priro\u010dni sinteti\u010dni \u0161katli z vklju\u010denim vre\u010dnim filtrom za prah<\/li>\n<\/ul>\n","protected":false},"featured_media":5209,"template":"","meta":[],"product_brand":[],"product_cat":[1032,1034,1012],"product_tag":[],"class_list":{"0":"post-5208","1":"product","2":"type-product","3":"status-publish","4":"has-post-thumbnail","6":"product_cat-rezkarji-glodalice","7":"product_cat-rocno-orodje","8":"product_cat-stroji-za-les","10":"first","11":"instock","12":"shipping-taxable","13":"purchasable","14":"product-type-simple"},"_links":{"self":[{"href":"https:\/\/www.depoles.com\/hr\/wp-json\/wp\/v2\/product\/5208","targetHints":{"allow":["GET"]}}],"collection":[{"href":"https:\/\/www.depoles.com\/hr\/wp-json\/wp\/v2\/product"}],"about":[{"href":"https:\/\/www.depoles.com\/hr\/wp-json\/wp\/v2\/types\/product"}],"wp:featuredmedia":[{"embeddable":true,"href":"https:\/\/www.depoles.com\/hr\/wp-json\/wp\/v2\/media\/5209"}],"wp:attachment":[{"href":"https:\/\/www.depoles.com\/hr\/wp-json\/wp\/v2\/media?parent=5208"}],"wp:term":[{"taxonomy":"product_brand","embeddable":true,"href":"https:\/\/www.depoles.com\/hr\/wp-json\/wp\/v2\/product_brand?post=5208"},{"taxonomy":"product_cat","embeddable":true,"href":"https:\/\/www.depoles.com\/hr\/wp-json\/wp\/v2\/product_cat?post=5208"},{"taxonomy":"product_tag","embeddable":true,"href":"https:\/\/www.depoles.com\/hr\/wp-json\/wp\/v2\/product_tag?post=5208"}],"curies":[{"name":"wp","href":"https:\/\/api.w.org\/{rel}","templated":true}]}}