{"id":5211,"date":"2019-10-17T13:14:03","date_gmt":"2019-10-17T11:14:03","guid":{"rendered":"https:\/\/nova.depoles.com\/trgovina\/router-obf1200_230v\/"},"modified":"2026-02-23T12:12:45","modified_gmt":"2026-02-23T11:12:45","slug":"router-obf1200_230v","status":"publish","type":"product","link":"https:\/\/www.depoles.com\/hr\/trgovina\/router-obf1200_230v\/","title":{"rendered":"Ru\u010dni elektri\u010dni glodalica HOLZMANN OBF1200_230V"},"content":{"rendered":"<p><strong>Tehni\u010dni podatki<\/strong><\/p>\n<ul>\n<li><strong>Motor:<\/strong>\n<ul>\n<li>Mo\u010d motorja S1: 1200 W<\/li>\n<li>Razred za\u0161\u010dite: II<\/li>\n<li>Hitrost: 11000 &#8211; 30000 min\u207b\u00b9<\/li>\n<li>Napetost: 230V \/ 50Hz<\/li>\n<\/ul>\n<\/li>\n<li><strong>Tehni\u010dna specifikacija:<\/strong>\n<ul>\n<li>Maksimalna zmogljivost rezkanja: 55 mm<\/li>\n<\/ul>\n<\/li>\n<li><strong>Brusilnik:<\/strong>\n<ul>\n<li>Premer objemke: 8 mm, 6 mm<\/li>\n<\/ul>\n<\/li>\n<li><strong>Raven hrupa in vibracije:<\/strong>\n<ul>\n<li>Raven zvo\u010dne mo\u010di: 99 dB(A)<\/li>\n<li>Raven zvo\u010dnega tlaka: 88 dB(A)<\/li>\n<li>Vibracije na ro\u010daju: 7,08 m\/s\u00b2<\/li>\n<\/ul>\n<\/li>\n<li><strong>Te\u017ea:<\/strong>\n<ul>\n<li>Bruto te\u017ea: 4,50 kg<\/li>\n<li>Netto te\u017ea: 4 kg<\/li>\n<\/ul>\n<\/li>\n<li><strong>Embala\u017ea:<\/strong>\n<ul>\n<li>Vi\u0161ina embala\u017ee: 260 mm<\/li>\n<li>\u0160irina embala\u017ee: 160 mm<\/li>\n<li>Dol\u017eina embala\u017ee: 290 mm<\/li>\n<\/ul>\n<\/li>\n<li><strong>Splo\u0161ni podatki:<\/strong>\n<ul>\n<li>EAN koda: 9120058373510<\/li>\n<\/ul>\n<\/li>\n<\/ul>\n","protected":false},"excerpt":{"rendered":"<h3>Poudarki izdelka<\/h3>\n<p>Izdelek se pona\u0161a z mo\u010dnim 1,2 kW motorjem, ki omogo\u010da u\u010dinkovito delo. Globino reza in hitrost lahko brezstopenjsko nastavite glede na potrebe. V paketu so vklju\u010deni \u0161tevilni dodatki za la\u017eje in varnej\u0161e delo.<\/p>\n<ul>\n<li>Mo\u010dan 1,2 kW motor<\/li>\n<li>Brezstopenjsko nastavljiva globina reza<\/li>\n<li>Brezstopenjsko nastavljiva hitrost<\/li>\n<li>Vklju\u010dena zidana ograja, zaponka kupole, vodilni tulec, adapter za odsesovanje, za\u0161\u010dita s \u010dipom in delilna to\u010dka<\/li>\n<\/ul>\n","protected":false},"featured_media":5212,"template":"","meta":[],"product_brand":[],"product_cat":[1032,1034,1012],"product_tag":[],"class_list":{"0":"post-5211","1":"product","2":"type-product","3":"status-publish","4":"has-post-thumbnail","6":"product_cat-rezkarji-glodalice","7":"product_cat-rocno-orodje","8":"product_cat-stroji-za-les","10":"first","11":"instock","12":"shipping-taxable","13":"purchasable","14":"product-type-simple"},"_links":{"self":[{"href":"https:\/\/www.depoles.com\/hr\/wp-json\/wp\/v2\/product\/5211","targetHints":{"allow":["GET"]}}],"collection":[{"href":"https:\/\/www.depoles.com\/hr\/wp-json\/wp\/v2\/product"}],"about":[{"href":"https:\/\/www.depoles.com\/hr\/wp-json\/wp\/v2\/types\/product"}],"wp:featuredmedia":[{"embeddable":true,"href":"https:\/\/www.depoles.com\/hr\/wp-json\/wp\/v2\/media\/5212"}],"wp:attachment":[{"href":"https:\/\/www.depoles.com\/hr\/wp-json\/wp\/v2\/media?parent=5211"}],"wp:term":[{"taxonomy":"product_brand","embeddable":true,"href":"https:\/\/www.depoles.com\/hr\/wp-json\/wp\/v2\/product_brand?post=5211"},{"taxonomy":"product_cat","embeddable":true,"href":"https:\/\/www.depoles.com\/hr\/wp-json\/wp\/v2\/product_cat?post=5211"},{"taxonomy":"product_tag","embeddable":true,"href":"https:\/\/www.depoles.com\/hr\/wp-json\/wp\/v2\/product_tag?post=5211"}],"curies":[{"name":"wp","href":"https:\/\/api.w.org\/{rel}","templated":true}]}}