{"id":5213,"date":"2019-10-17T13:14:02","date_gmt":"2019-10-17T11:14:02","guid":{"rendered":"https:\/\/nova.depoles.com\/trgovina\/vrtalnik-za-pante-odmicne-spone-pnevmatski-bbm35pneu_230v\/"},"modified":"2026-03-23T09:39:53","modified_gmt":"2026-03-23T08:39:53","slug":"vrtalnik-za-pante-odmicne-spone-pnevmatski-bbm35pneu_230v","status":"publish","type":"product","link":"https:\/\/www.depoles.com\/hr\/trgovina\/vrtalnik-za-pante-odmicne-spone-pnevmatski-bbm35pneu_230v\/","title":{"rendered":"BU\u0160ILICA ZA \u0160ARNIRE\/POMI\u010cNE \u0160ARNIRE PNEUMATSKA BBM35PNEU_230V"},"content":{"rendered":"<p><strong>Tehni\u010dni podatki:<\/strong><\/p>\n<ul>\n<li><strong>Podatki o motorju:<\/strong>\n<ul>\n<li>Mo\u010d motorja S1: 750 W<\/li>\n<li>Napetost: 230 V, 50 Hz<\/li>\n<li>Hitrost: 2800 min\u207b\u00b9<\/li>\n<\/ul>\n<\/li>\n<li><strong>Dimenzije:<\/strong>\n<ul>\n<li>Velikost mize: 500 x 350 mm<\/li>\n<\/ul>\n<\/li>\n<li><strong>Dimenzije obdelovanca:<\/strong>\n<ul>\n<li>Minimalna dol\u017eina obdelovanca: 180 mm<\/li>\n<\/ul>\n<\/li>\n<li><strong>Tehni\u010dne specifikacije:<\/strong>\n<ul>\n<li>Maksimalna razdalja vretena do mize: 80 mm<\/li>\n<\/ul>\n<\/li>\n<li><strong>Vrtanje lesa:<\/strong>\n<ul>\n<li>Maksimalna globina vrtanja: 20 mm<\/li>\n<\/ul>\n<\/li>\n<li><strong>Te\u017ea:<\/strong>\n<ul>\n<li>Bruto te\u017ea: 28 kg<\/li>\n<li>Netto te\u017ea: 26 kg<\/li>\n<\/ul>\n<\/li>\n<li><strong>Embal\u017ea:<\/strong>\n<ul>\n<li>\u0160irina embala\u017ee: 0,550 m<\/li>\n<li>Dol\u017eina embala\u017ee: 0,550 m<\/li>\n<li>Vi\u0161ina embala\u017ee: 0,550 m<\/li>\n<\/ul>\n<\/li>\n<li><strong>Splo\u0161ni podatki:<\/strong>\n<ul>\n<li>EAN koda: 9120058376948<\/li>\n<\/ul>\n<\/li>\n<\/ul>\n","protected":false},"excerpt":{"rendered":"<h6>na zalogi\/akcija velja do prodaje\/pla\u010dila tudi na obroke \u010cEANPAY takoj \/za vse stroje do 12.000\u20ac<\/h6>\n<ul>\n<li>automatski pneumatski pomik vrtanja peko stopalke<\/li>\n<li>za spone Blum,dopla\u010dilo za glavo Hettich<\/li>\n<li>idealen za\u00a0 obrtnike in mala podjetja<\/li>\n<li>Sveder\u00a0 35 mm<\/li>\n<li>Stranski svedri\u00a0 2 mm<\/li>\n<\/ul>\n","protected":false},"featured_media":5214,"template":"","meta":[],"product_brand":[],"product_cat":[1012,1039],"product_tag":[214,225,314,441,624,642,774,891],"class_list":{"0":"post-5213","1":"product","2":"type-product","3":"status-publish","4":"has-post-thumbnail","6":"product_cat-stroji-za-les","7":"product_cat-vrtalniki","8":"product_tag-bbm35pneu","9":"product_tag-blum","10":"product_tag-depoles","11":"product_tag-holzmann","12":"product_tag-pante","13":"product_tag-pnevmatski","14":"product_tag-spone","15":"product_tag-vrtalnik","17":"first","18":"instock","19":"shipping-taxable","20":"purchasable","21":"product-type-simple"},"_links":{"self":[{"href":"https:\/\/www.depoles.com\/hr\/wp-json\/wp\/v2\/product\/5213","targetHints":{"allow":["GET"]}}],"collection":[{"href":"https:\/\/www.depoles.com\/hr\/wp-json\/wp\/v2\/product"}],"about":[{"href":"https:\/\/www.depoles.com\/hr\/wp-json\/wp\/v2\/types\/product"}],"wp:featuredmedia":[{"embeddable":true,"href":"https:\/\/www.depoles.com\/hr\/wp-json\/wp\/v2\/media\/5214"}],"wp:attachment":[{"href":"https:\/\/www.depoles.com\/hr\/wp-json\/wp\/v2\/media?parent=5213"}],"wp:term":[{"taxonomy":"product_brand","embeddable":true,"href":"https:\/\/www.depoles.com\/hr\/wp-json\/wp\/v2\/product_brand?post=5213"},{"taxonomy":"product_cat","embeddable":true,"href":"https:\/\/www.depoles.com\/hr\/wp-json\/wp\/v2\/product_cat?post=5213"},{"taxonomy":"product_tag","embeddable":true,"href":"https:\/\/www.depoles.com\/hr\/wp-json\/wp\/v2\/product_tag?post=5213"}],"curies":[{"name":"wp","href":"https:\/\/api.w.org\/{rel}","templated":true}]}}