{"id":5219,"date":"2019-10-17T13:13:59","date_gmt":"2019-10-17T11:13:59","guid":{"rendered":"https:\/\/nova.depoles.com\/trgovina\/rezkar-fs160l_230v\/"},"modified":"2025-12-17T23:56:05","modified_gmt":"2025-12-17T22:56:05","slug":"rezkar-fs160l_230v","status":"publish","type":"product","link":"https:\/\/www.depoles.com\/hr\/trgovina\/rezkar-fs160l_230v\/","title":{"rendered":"Glodalica FS160L_230V"},"content":{"rendered":"<p><strong>Tehni\u010dna specifikacija izdelka:<\/strong><\/p>\n<ul>\n<li><strong>Motor:<\/strong>\n<ul>\n<li>Moc motorja S1: 1500 W<\/li>\n<li>Moc motorja S6: 2100 W<\/li>\n<li>Napetost: 230 V<\/li>\n<\/ul>\n<\/li>\n<li><strong>Dimenzije:<\/strong>\n<ul>\n<li>Drsna miza: 1000 x 220 mm<\/li>\n<li>Sesalni priklju\u010dek: 100 mm<\/li>\n<li>Vi\u0161ina mize: 850 mm<\/li>\n<li>Velikost mize: 600 x 400 mm<\/li>\n<\/ul>\n<\/li>\n<li><strong>Tehni\u010dni podatki:<\/strong>\n<ul>\n<li>Maksimalna vi\u0161ina zadr\u017eevanja: 105 mm<\/li>\n<li>Maksimalni premer orodja pod mizo: 150 mm<\/li>\n<li>Hod vretena: 110 mm<\/li>\n<li>Hitrost vretena za rezkanje: 1400\/4000\/6000\/9000 min\u207b\u00b9<\/li>\n<li>Premer vretena za rezkanje: 30 mm<\/li>\n<li>Odpiranje mize: 170 mm<\/li>\n<li>Mitra ograja: 350 x 125 mm<\/li>\n<li>Maksimalni premer orodja nad mizo: 170 mm<\/li>\n<\/ul>\n<\/li>\n<li><strong>Te\u017ea:<\/strong>\n<ul>\n<li>Bruto te\u017ea: 114 kg<\/li>\n<li>Netto te\u017ea: 108 kg<\/li>\n<\/ul>\n<\/li>\n<li><strong>Embala\u017ea:<\/strong>\n<ul>\n<li>Dol\u017eina embala\u017ee: 650 mm<\/li>\n<li>\u0160irina embala\u017ee: 630 mm<\/li>\n<li>Vi\u0161ina embala\u017ee: 530 mm<\/li>\n<\/ul>\n<\/li>\n<li><strong>Splo\u0161ni podatki:<\/strong>\n<ul>\n<li>EAN koda: 9120039902760<\/li>\n<\/ul>\n<\/li>\n<\/ul>\n","protected":false},"excerpt":{"rendered":"<h3> Poudarki <\/h3>\n<ul>\n<li> kompaktni vretenasti oblikovalec z torzijsko odporno masivno lito\u017eelezno mizo in izredno dolgo aluminijasto drsno mizo (1000&#215;215 mm) <\/li>\n<li> dodatno izmenljivo vreteno z usmerjevalnikom, za usmerjevalnike <\/li>\n<li> nagibna ograja za 60 \u00b0 levo \/ desno vklj. dr\u017ealo za obdelovanec in dr\u017ealo obdelovanca <\/li>\n<li> Vsestranski kompaktni stroj, ki prihrani prostor, s \u0161irokim obmo\u010djem uporabe in majhnim odtisom &#8211; najbolj\u0161a izbira za ljubitelje lesarstva z omejenim delovnim prostorom <\/li>\n<li> Dinami\u010dno uravnote\u017eeno vreteno zagotavlja natan\u010den tek <\/li>\n<li> Najprej varnost: varnostna napa, ki jo je odobril CE, nastavite vi\u0161ino materiala vodila in za\u0161\u010ditni pokrov, mikro stikalo, gumb za izklop v sili <\/li>\n<li> izmenljivo vreteno z usmerjevalnikom (\u00d8 12 mm), <\/li>\n<li> mitrska ograja, objemka, pritrdilno orodje <\/li>\n<\/ul>\n<p> <strong>vklju\u010deno v dostavo:<\/strong> kapuca za oblikovanje vretena, ograja s palico, spremenljivo vreteno <\/p><\/p>\n","protected":false},"featured_media":5220,"template":"","meta":[],"product_brand":[],"product_cat":[1032,1012],"product_tag":[],"class_list":{"0":"post-5219","1":"product","2":"type-product","3":"status-publish","4":"has-post-thumbnail","6":"product_cat-rezkarji-glodalice","7":"product_cat-stroji-za-les","9":"first","10":"instock","11":"shipping-taxable","12":"purchasable","13":"product-type-simple"},"_links":{"self":[{"href":"https:\/\/www.depoles.com\/hr\/wp-json\/wp\/v2\/product\/5219","targetHints":{"allow":["GET"]}}],"collection":[{"href":"https:\/\/www.depoles.com\/hr\/wp-json\/wp\/v2\/product"}],"about":[{"href":"https:\/\/www.depoles.com\/hr\/wp-json\/wp\/v2\/types\/product"}],"wp:featuredmedia":[{"embeddable":true,"href":"https:\/\/www.depoles.com\/hr\/wp-json\/wp\/v2\/media\/5220"}],"wp:attachment":[{"href":"https:\/\/www.depoles.com\/hr\/wp-json\/wp\/v2\/media?parent=5219"}],"wp:term":[{"taxonomy":"product_brand","embeddable":true,"href":"https:\/\/www.depoles.com\/hr\/wp-json\/wp\/v2\/product_brand?post=5219"},{"taxonomy":"product_cat","embeddable":true,"href":"https:\/\/www.depoles.com\/hr\/wp-json\/wp\/v2\/product_cat?post=5219"},{"taxonomy":"product_tag","embeddable":true,"href":"https:\/\/www.depoles.com\/hr\/wp-json\/wp\/v2\/product_tag?post=5219"}],"curies":[{"name":"wp","href":"https:\/\/api.w.org\/{rel}","templated":true}]}}