{"id":5222,"date":"2019-10-17T13:13:57","date_gmt":"2019-10-17T11:13:57","guid":{"rendered":"https:\/\/nova.depoles.com\/trgovina\/rezkar-fs160l_400v\/"},"modified":"2026-02-12T13:48:37","modified_gmt":"2026-02-12T12:48:37","slug":"rezkar-fs160l_400v","status":"publish","type":"product","link":"https:\/\/www.depoles.com\/hr\/trgovina\/rezkar-fs160l_400v\/","title":{"rendered":"Glodalica za drvo FS160L_400V"},"content":{"rendered":"<p><strong>Tehni\u010dna specifikacija<\/strong><\/p>\n<table>\n<tbody>\n<tr>\n<td><strong>Podatki o motorju<\/strong><\/td>\n<td><\/td>\n<\/tr>\n<tr>\n<td>Mo\u010d motorja S1 (W)<\/td>\n<td>1500<\/td>\n<\/tr>\n<tr>\n<td>Mo\u010d motorja S6 (W)<\/td>\n<td>2100<\/td>\n<\/tr>\n<tr>\n<td>Napetost<\/td>\n<td>400V<\/td>\n<\/tr>\n<tr>\n<td><strong>Dimenzije<\/strong><\/td>\n<td><\/td>\n<\/tr>\n<tr>\n<td>Drsna miza (mm)<\/td>\n<td>1000&#215;220<\/td>\n<\/tr>\n<tr>\n<td>Sesalni priklju\u010dek (mm)<\/td>\n<td>100<\/td>\n<\/tr>\n<tr>\n<td>Vi\u0161ina mize (mm)<\/td>\n<td>850<\/td>\n<\/tr>\n<tr>\n<td>Velikost mize (mm)<\/td>\n<td>600&#215;400<\/td>\n<\/tr>\n<tr>\n<td><strong>Tehni\u010dni podatki<\/strong><\/td>\n<td><\/td>\n<\/tr>\n<tr>\n<td>Max. premer orodja pod mizo (mm)<\/td>\n<td>150<\/td>\n<\/tr>\n<tr>\n<td>Hod vretena (mm)<\/td>\n<td>110<\/td>\n<\/tr>\n<tr>\n<td>Hitrost vretena (min\u207b\u00b9)<\/td>\n<td>1400\/4000\/6000\/9000<\/td>\n<\/tr>\n<tr>\n<td>Premer vretena (mm)<\/td>\n<td>30<\/td>\n<\/tr>\n<tr>\n<td>Max. vi\u0161ina pritrditve (mm)<\/td>\n<td>105<\/td>\n<\/tr>\n<tr>\n<td>Odpiranje mize (mm)<\/td>\n<td>170<\/td>\n<\/tr>\n<tr>\n<td>Mitra ograja (mm)<\/td>\n<td>350&#215;125<\/td>\n<\/tr>\n<tr>\n<td>Max. premer orodja nad mizo (mm)<\/td>\n<td>170<\/td>\n<\/tr>\n<tr>\n<td><strong>Te\u017ea<\/strong><\/td>\n<td><\/td>\n<\/tr>\n<tr>\n<td>Bruto te\u017ea (kg)<\/td>\n<td>114<\/td>\n<\/tr>\n<tr>\n<td>Netto te\u017ea (kg)<\/td>\n<td>108<\/td>\n<\/tr>\n<tr>\n<td><strong>Pakiranje<\/strong><\/td>\n<td><\/td>\n<\/tr>\n<tr>\n<td>Dol\u017eina pakiranja (mm)<\/td>\n<td>650<\/td>\n<\/tr>\n<tr>\n<td>\u0160irina pakiranja (mm)<\/td>\n<td>630<\/td>\n<\/tr>\n<tr>\n<td>Vi\u0161ina pakiranja (mm)<\/td>\n<td>530<\/td>\n<\/tr>\n<tr>\n<td><strong>Splo\u0161ni podatki<\/strong><\/td>\n<td><\/td>\n<\/tr>\n<tr>\n<td>EAN koda<\/td>\n<td>9120039901220<\/td>\n<\/tr>\n<\/tbody>\n<\/table>\n","protected":false},"excerpt":{"rendered":"<h3>Poudarki izdelka<\/h3>\n<p>Ta kompaktni vretenasti oblikovalec je zasnovan za u\u010dinkovito in natan\u010dno delo z lesom, primeren za ljubitelje lesarstva z omejenim delovnim prostorom. Pona\u0161a se z masivno lito\u017eelezno mizo in dolgo aluminijasto drsno mizo, izmenljivim vretenom in \u0161tevilnimi varnostnimi elementi.<\/p>\n<ul>\n<li>Kompaktni vretenasti oblikovalec z torzijsko odporno masivno lito\u017eelezno mizo in dolgo aluminijasto drsno mizo (1000 x 215 mm)<\/li>\n<li>Dodatno izmenljivo vreteno z usmerjevalnikom za usmerjevalnike<\/li>\n<li>Nagibna ograja za 60\u00b0 levo\/desno z dr\u017ealom za obdelovanec<\/li>\n<li>Vsestranski stroj z majhnim odtisom in \u0161irokim obmo\u010djem uporabe<\/li>\n<li>Dinami\u010dno uravnote\u017eeno vreteno za natan\u010den tek<\/li>\n<li>Varnostna oprema: CE odobrena varnostna napa, nastavljiva vi\u0161ina materiala vodila, za\u0161\u010ditni pokrov, mikro stikalo in gumb za izklop v sili<\/li>\n<li>Mitrska ograja, objemka in pritrdilno orodje<\/li>\n<\/ul>\n<p><strong>Vklju\u010deno v dostavo:<\/strong> kapuca za oblikovanje vretena, ograja s palico in izmenljivo vreteno<\/p>\n","protected":false},"featured_media":5223,"template":"","meta":[],"product_brand":[],"product_cat":[1032,1012],"product_tag":[],"class_list":{"0":"post-5222","1":"product","2":"type-product","3":"status-publish","4":"has-post-thumbnail","6":"product_cat-rezkarji-glodalice","7":"product_cat-stroji-za-les","9":"first","10":"instock","11":"featured","12":"shipping-taxable","13":"purchasable","14":"product-type-simple"},"_links":{"self":[{"href":"https:\/\/www.depoles.com\/hr\/wp-json\/wp\/v2\/product\/5222","targetHints":{"allow":["GET"]}}],"collection":[{"href":"https:\/\/www.depoles.com\/hr\/wp-json\/wp\/v2\/product"}],"about":[{"href":"https:\/\/www.depoles.com\/hr\/wp-json\/wp\/v2\/types\/product"}],"wp:featuredmedia":[{"embeddable":true,"href":"https:\/\/www.depoles.com\/hr\/wp-json\/wp\/v2\/media\/5223"}],"wp:attachment":[{"href":"https:\/\/www.depoles.com\/hr\/wp-json\/wp\/v2\/media?parent=5222"}],"wp:term":[{"taxonomy":"product_brand","embeddable":true,"href":"https:\/\/www.depoles.com\/hr\/wp-json\/wp\/v2\/product_brand?post=5222"},{"taxonomy":"product_cat","embeddable":true,"href":"https:\/\/www.depoles.com\/hr\/wp-json\/wp\/v2\/product_cat?post=5222"},{"taxonomy":"product_tag","embeddable":true,"href":"https:\/\/www.depoles.com\/hr\/wp-json\/wp\/v2\/product_tag?post=5222"}],"curies":[{"name":"wp","href":"https:\/\/api.w.org\/{rel}","templated":true}]}}