{"id":5225,"date":"2019-10-17T13:13:53","date_gmt":"2019-10-17T11:13:53","guid":{"rendered":"https:\/\/nova.depoles.com\/trgovina\/rezkar-fs300sp_400v\/"},"modified":"2025-12-17T23:56:15","modified_gmt":"2025-12-17T22:56:15","slug":"rezkar-fs300sp_400v","status":"publish","type":"product","link":"https:\/\/www.depoles.com\/hr\/trgovina\/rezkar-fs300sp_400v\/","title":{"rendered":"Glodalica FS300SP_400V"},"content":{"rendered":"<p><strong>Tehni\u010dna specifikacija izdelka:<\/strong><\/p>\n<ul>\n<li><strong>Motor:<\/strong>\n<ul>\n<li>Mo\u010d motorja S1: 3000 W<\/li>\n<li>Mo\u010d motorja S6: 4200 W<\/li>\n<li>Napetost: 400 V<\/li>\n<\/ul>\n<\/li>\n<li><strong>Dimenzije:<\/strong>\n<ul>\n<li>Drsna miza: 770 x 500 mm<\/li>\n<li>Sesalni priklju\u010dek: 100 \/ 120 mm<\/li>\n<li>Vi\u0161ina mize: 820 mm<\/li>\n<li>Velikost mize: 800 x 800 mm<\/li>\n<\/ul>\n<\/li>\n<li><strong>Tehni\u010dni podatki:<\/strong>\n<ul>\n<li>Maksimalni premer orodja pod mizo: 190 mm<\/li>\n<li>Nagib vretena za rezkanje: 0\u00b0 + 45\u00b0<\/li>\n<li>Maksimalna vi\u0161ina pritrditve: 125 mm<\/li>\n<li>Hod vretena: 155 mm<\/li>\n<li>Hitrost vretena za rezkanje: 1400\/3500\/6000\/8000 min\u207b\u00b9<\/li>\n<li>Premer vretena za rezkanje: 30 mm<\/li>\n<li>Odprtina mize: 200 mm<\/li>\n<li>Mitralni ograj: 350 x 155 mm<\/li>\n<li>Maksimalni premer orodja nad mizo: 195 mm<\/li>\n<\/ul>\n<\/li>\n<li><strong>Te\u017ea:<\/strong>\n<ul>\n<li>Bruto te\u017ea: 570 kg<\/li>\n<li>Netto te\u017ea: 410 kg<\/li>\n<\/ul>\n<\/li>\n<li><strong>Embal\u017ea:<\/strong>\n<ul>\n<li>Dol\u017eina embala\u017ee: 1.750 mm<\/li>\n<li>\u0160irina embala\u017ee: 1.200 mm<\/li>\n<li>Vi\u0161ina embala\u017ee: 1.150 mm<\/li>\n<\/ul>\n<\/li>\n<li><strong>Splo\u0161ni podatki:<\/strong>\n<ul>\n<li>EAN koda: 9120039906195<\/li>\n<\/ul>\n<\/li>\n<\/ul>\n","protected":false},"excerpt":{"rendered":"<h3> Poudarki <\/h3>\n<ul>\n<li> te\u017eki industrijski stroj z ozemljeno mizo iz litega \u017eeleza <\/li>\n<li> visokokakovostna kapuca s spodnjim dr\u017ealom in fino nastavitvijo ograje <\/li>\n<li> 4 hitrosti vretena s \u0161irokim razponom hitrosti <\/li>\n<li> nagibno vreteno je nastavljivo s pomo\u010djo masivnih ro\u010dnih koles <\/li>\n<li> ve\u010d posteljno vreteno zagotavlja optimalne delovne rezultate <\/li>\n<li> zbiranje prahu pod drsno mizo <\/li>\n<li> elektronska indikacija hitrosti <\/li>\n<li> vgrajena klju\u010davnica vretena za hitro menjavo orodja kot standard <\/li>\n<\/ul>\n<p> <strong>vklju\u010deno v dobavo:<\/strong> ograja, drsna miza z izvle\u010dno mitro ograjo vklj. 2pd kon\u010dni stopnilec delovnega dela, ekscentri\u010dna objemka iz ro\u010dnika, pokrov za oblikovanje vretena <\/p><\/p>\n","protected":false},"featured_media":5226,"template":"","meta":[],"product_brand":[],"product_cat":[1032,1012],"product_tag":[],"class_list":{"0":"post-5225","1":"product","2":"type-product","3":"status-publish","4":"has-post-thumbnail","6":"product_cat-rezkarji-glodalice","7":"product_cat-stroji-za-les","9":"first","10":"instock","11":"shipping-taxable","12":"purchasable","13":"product-type-simple"},"_links":{"self":[{"href":"https:\/\/www.depoles.com\/hr\/wp-json\/wp\/v2\/product\/5225","targetHints":{"allow":["GET"]}}],"collection":[{"href":"https:\/\/www.depoles.com\/hr\/wp-json\/wp\/v2\/product"}],"about":[{"href":"https:\/\/www.depoles.com\/hr\/wp-json\/wp\/v2\/types\/product"}],"wp:featuredmedia":[{"embeddable":true,"href":"https:\/\/www.depoles.com\/hr\/wp-json\/wp\/v2\/media\/5226"}],"wp:attachment":[{"href":"https:\/\/www.depoles.com\/hr\/wp-json\/wp\/v2\/media?parent=5225"}],"wp:term":[{"taxonomy":"product_brand","embeddable":true,"href":"https:\/\/www.depoles.com\/hr\/wp-json\/wp\/v2\/product_brand?post=5225"},{"taxonomy":"product_cat","embeddable":true,"href":"https:\/\/www.depoles.com\/hr\/wp-json\/wp\/v2\/product_cat?post=5225"},{"taxonomy":"product_tag","embeddable":true,"href":"https:\/\/www.depoles.com\/hr\/wp-json\/wp\/v2\/product_tag?post=5225"}],"curies":[{"name":"wp","href":"https:\/\/api.w.org\/{rel}","templated":true}]}}