{"id":5234,"date":"2019-10-17T13:13:49","date_gmt":"2019-10-17T11:13:49","guid":{"rendered":"https:\/\/nova.depoles.com\/trgovina\/rezkar-fs200sf_400v\/"},"modified":"2026-02-12T13:38:48","modified_gmt":"2026-02-12T12:38:48","slug":"rezkar-fs200sf_400v","status":"publish","type":"product","link":"https:\/\/www.depoles.com\/hr\/trgovina\/rezkar-fs200sf_400v\/","title":{"rendered":"Rezkar FS200SF_400V"},"content":{"rendered":"<p><strong>Tehni\u010dna specifikacija izdelka<\/strong><\/p>\n<ul>\n<li><strong>Motor<\/strong>\n<ul>\n<li>Moc motorja S1: 2800 W<\/li>\n<li>Moc motorja S6: 3750 W<\/li>\n<li>Napetost: 400 V<\/li>\n<\/ul>\n<\/li>\n<li><strong>Dimenzije<\/strong>\n<ul>\n<li>Drsna miza: 1000 x 250 mm<\/li>\n<li>Vi\u0161ina mize: 900 mm<\/li>\n<li>Velikost mize: 1000 x 360 mm<\/li>\n<\/ul>\n<\/li>\n<li><strong>Tehni\u010dni podatki<\/strong>\n<ul>\n<li>Odprtina na mizi: 200 mm<\/li>\n<li>Maksimalni premer orodja pod mizo: 180 mm<\/li>\n<li>Nagib rezkalne glave: 0\u00b0 + 45\u00b0<\/li>\n<li>Maksimalna vi\u0161ina pritrditve: 100 mm<\/li>\n<li>Hod vretena: 100 mm<\/li>\n<li>Hitrost vretena (min-1): 1800 \/ 3000 \/ 6000 \/ 9000<\/li>\n<li>Premer vretena: 30 mm<\/li>\n<li>Mitre ograja: 360 x 120 mm<\/li>\n<li>Maksimalni premer orodja nad mizo: 180 mm<\/li>\n<\/ul>\n<\/li>\n<li><strong>Te\u017ea<\/strong>\n<ul>\n<li>Bruto te\u017ea: 260 kg<\/li>\n<li>Netto te\u017ea: 218 kg<\/li>\n<\/ul>\n<\/li>\n<li><strong>Pakiranje<\/strong>\n<ul>\n<li>Dol\u017eina pakiranja: 1150 mm<\/li>\n<li>\u0160irina pakiranja: 730 mm<\/li>\n<li>Vi\u0161ina pakiranja: 1200 mm<\/li>\n<\/ul>\n<\/li>\n<li><strong>Splo\u0161ni podatki<\/strong>\n<ul>\n<li>EAN koda: 9120039900957<\/li>\n<\/ul>\n<\/li>\n<\/ul>\n","protected":false},"excerpt":{"rendered":"<h3>Poudarki<\/h3>\n<p>Ta stroj se pona\u0161a z masivno in torzijsko odporno mizo iz bru\u0161enega \u017eeleza ter gladko teko\u010do aluminijasto drsno mizo \u0161irine 250 mm, ki jo je mogo\u010de raztegniti za dodatnih 250 mm. Opremljen je s \u0161tirimi hitrostmi vretena, katere nastavljate z vrtljivim pokrovom na sprednji strani stroja. Vreteno se lahko nagiba nazaj do 45 \u00b0, kar omogo\u010da ve\u010djo prilagodljivost pri obdelavi. HQ oblikovalna ograja z vodilnimi valji zagotavlja natan\u010dno dovajanje obdelovanca, elektri\u010dna LCD-indikacija pa prikazuje hitrost vretena. Ro\u010dica za hitro menjavo glave rezalnika je priro\u010dno name\u0161\u010dena na strani stroja, odsesovalni \u010dep za prah pa ima premer 100 mm.<\/p>\n<ul>\n<li>Masivna in torzijsko odporna miza iz bru\u0161enega \u017eeleza<\/li>\n<li>Gladko teko\u010da aluminijasta drsna miza (\u0161irina 250 mm) z raztegljivo mizo (+ 250 mm)<\/li>\n<li>4 hitrosti vretena z enostavnim nastavljanjem na sprednji strani stroja<\/li>\n<li>Vreteno se nagiba nazaj do 45 \u00b0<\/li>\n<li>HQ oblikovalna ograja z vodilnimi valji za natan\u010dno dovajanje obdelovanca<\/li>\n<li>Elektri\u010dna indikacija hitrosti vretena prek LCD zaslona<\/li>\n<li>Ro\u010dica vretena za hitro in priro\u010dno menjavo glave rezalnika<\/li>\n<li>Premer \u010depa za odsesavanje prahu: 100 mm<\/li>\n<\/ul>\n<p><strong>Vklju\u010deno v dobavo:<\/strong> \u0161\u010ditnik oblikovalnika vretena, merilnik kota z objemko za obdelovanec, kapuca za oblikovanje vretena.<\/p>\n","protected":false},"featured_media":5235,"template":"","meta":[],"product_brand":[],"product_cat":[1032,1012],"product_tag":[],"class_list":{"0":"post-5234","1":"product","2":"type-product","3":"status-publish","4":"has-post-thumbnail","6":"product_cat-rezkarji-glodalice","7":"product_cat-stroji-za-les","9":"first","10":"instock","11":"shipping-taxable","12":"purchasable","13":"product-type-simple"},"_links":{"self":[{"href":"https:\/\/www.depoles.com\/hr\/wp-json\/wp\/v2\/product\/5234","targetHints":{"allow":["GET"]}}],"collection":[{"href":"https:\/\/www.depoles.com\/hr\/wp-json\/wp\/v2\/product"}],"about":[{"href":"https:\/\/www.depoles.com\/hr\/wp-json\/wp\/v2\/types\/product"}],"wp:featuredmedia":[{"embeddable":true,"href":"https:\/\/www.depoles.com\/hr\/wp-json\/wp\/v2\/media\/5235"}],"wp:attachment":[{"href":"https:\/\/www.depoles.com\/hr\/wp-json\/wp\/v2\/media?parent=5234"}],"wp:term":[{"taxonomy":"product_brand","embeddable":true,"href":"https:\/\/www.depoles.com\/hr\/wp-json\/wp\/v2\/product_brand?post=5234"},{"taxonomy":"product_cat","embeddable":true,"href":"https:\/\/www.depoles.com\/hr\/wp-json\/wp\/v2\/product_cat?post=5234"},{"taxonomy":"product_tag","embeddable":true,"href":"https:\/\/www.depoles.com\/hr\/wp-json\/wp\/v2\/product_tag?post=5234"}],"curies":[{"name":"wp","href":"https:\/\/api.w.org\/{rel}","templated":true}]}}