{"id":5236,"date":"2019-10-17T13:13:48","date_gmt":"2019-10-17T11:13:48","guid":{"rendered":"https:\/\/nova.depoles.com\/trgovina\/rezkar-fs200sf_230v\/"},"modified":"2025-12-17T17:13:03","modified_gmt":"2025-12-17T16:13:03","slug":"rezkar-fs200sf_230v","status":"publish","type":"product","link":"https:\/\/www.depoles.com\/hr\/trgovina\/rezkar-fs200sf_230v\/","title":{"rendered":"Glodalica FS200SF_230V"},"content":{"rendered":"<p><strong>Tehni\u010dna specifikacija izdelka<\/strong><\/p>\n<ul>\n<li><strong>Mo\u010d motorja S1:<\/strong> 2800 W<\/li>\n<li><strong>Mo\u010d motorja S6:<\/strong> 3750 W<\/li>\n<li><strong>Napon:<\/strong> 230 V<\/li>\n<li><strong>Dimenzije drsne mize:<\/strong> 1000 x 250 mm<\/li>\n<li><strong>Premer sesalnega priklju\u010dka:<\/strong> 100 mm<\/li>\n<li><strong>Vi\u0161ina mize:<\/strong> 900 mm<\/li>\n<li><strong>Velikost mize:<\/strong> 1000 x 360 mm<\/li>\n<li><strong>Odprtina na mizi:<\/strong> 200 mm<\/li>\n<li><strong>Najve\u010dji premer orodja pod mizo:<\/strong> 180 mm<\/li>\n<li><strong>Najve\u010dji premer orodja nad mizo:<\/strong> 180 mm<\/li>\n<li><strong>Nagib vretena za rezkanje:<\/strong> 0\u00b0 + 45\u00b0<\/li>\n<li><strong>Najve\u010dja vi\u0161ina pritrditve:<\/strong> 100 mm<\/li>\n<li><strong>Hod vretena:<\/strong> 100 mm<\/li>\n<li><strong>Hitrost vretena za rezkanje:<\/strong> 1800 \/ 3000 \/ 6000 \/ 9000 min\u207b\u00b9<\/li>\n<li><strong>Premer vretena za rezkanje:<\/strong> 30 mm<\/li>\n<li><strong>Dimenzije po\u0161evnega vodila:<\/strong> 360 x 120 mm<\/li>\n<li><strong>Bruto te\u017ea:<\/strong> 260 kg<\/li>\n<li><strong>Netto te\u017ea:<\/strong> 218 kg<\/li>\n<li><strong>Dimenzije embala\u017ee (D x \u0160 x V):<\/strong> 1150 x 730 x 1200 mm<\/li>\n<\/ul>\n","protected":false},"excerpt":{"rendered":"<h3>Poudarki izdelka<\/h3>\n<p>Masivna in torzijsko odporna miza iz bru\u0161enega \u017eeleza ter gladko teko\u010da aluminijasta drsna miza s \u0161irino 250 mm, ki se razteza za dodatnih 250 mm. Stroj ima \u0161tiri hitrosti vretena z enostavnim nastavljanjem prek spredaj name\u0161\u010denega pokrova za vzdr\u017eevanje. Vreteno se nagiba nazaj do 45 \u00b0, HQ oblikovalna ograja z vodilnimi valji pa zagotavlja natan\u010dno dovajanje obdelovanca. Elektri\u010dna indikacija hitrosti vretena je prikazana na LCD zaslonu, ro\u010dica vretena na strani stroja omogo\u010da hitro menjavo glave rezalnika, premer \u010depa za odsesavanje prahu pa zna\u0161a 100 mm.<\/p>\n<ul>\n<li>Masivna in torzijsko odporna miza iz bru\u0161enega \u017eeleza<\/li>\n<li>Gladko teko\u010da aluminijasta drsna miza (\u0161irina 250 mm) z raztegljivo mizo (+250 mm)<\/li>\n<li>\u0160tiri hitrosti vretena z enostavnim nastavljanjem<\/li>\n<li>Vreteno se nagiba nazaj do 45 \u00b0<\/li>\n<li>HQ oblikovalna ograja z vodilnimi valji za natan\u010dno dovajanje obdelovanca<\/li>\n<li>Elektri\u010dna indikacija hitrosti vretena prek LCD zaslona<\/li>\n<li>Ro\u010dica vretena na strani stroja za hitro menjavo glave rezalnika<\/li>\n<li>Premer \u010depa za odsesavanje prahu: 100 mm<\/li>\n<\/ul>\n<p><strong>Vklju\u010deno v dobavo:<\/strong> podalj\u0161ek mize, \u0161\u010ditnik oblikovalnika vretena, merilnik kota z objemko obdelovanca, kapuca za oblikovanje vretena.<\/p>\n","protected":false},"featured_media":5237,"template":"","meta":[],"product_brand":[],"product_cat":[1032,1012],"product_tag":[],"class_list":{"0":"post-5236","1":"product","2":"type-product","3":"status-publish","4":"has-post-thumbnail","6":"product_cat-rezkarji-glodalice","7":"product_cat-stroji-za-les","9":"first","10":"instock","11":"featured","12":"shipping-taxable","13":"purchasable","14":"product-type-simple"},"_links":{"self":[{"href":"https:\/\/www.depoles.com\/hr\/wp-json\/wp\/v2\/product\/5236","targetHints":{"allow":["GET"]}}],"collection":[{"href":"https:\/\/www.depoles.com\/hr\/wp-json\/wp\/v2\/product"}],"about":[{"href":"https:\/\/www.depoles.com\/hr\/wp-json\/wp\/v2\/types\/product"}],"wp:featuredmedia":[{"embeddable":true,"href":"https:\/\/www.depoles.com\/hr\/wp-json\/wp\/v2\/media\/5237"}],"wp:attachment":[{"href":"https:\/\/www.depoles.com\/hr\/wp-json\/wp\/v2\/media?parent=5236"}],"wp:term":[{"taxonomy":"product_brand","embeddable":true,"href":"https:\/\/www.depoles.com\/hr\/wp-json\/wp\/v2\/product_brand?post=5236"},{"taxonomy":"product_cat","embeddable":true,"href":"https:\/\/www.depoles.com\/hr\/wp-json\/wp\/v2\/product_cat?post=5236"},{"taxonomy":"product_tag","embeddable":true,"href":"https:\/\/www.depoles.com\/hr\/wp-json\/wp\/v2\/product_tag?post=5236"}],"curies":[{"name":"wp","href":"https:\/\/api.w.org\/{rel}","templated":true}]}}