{"id":5240,"date":"2019-10-17T13:13:45","date_gmt":"2019-10-17T11:13:45","guid":{"rendered":"https:\/\/nova.depoles.com\/trgovina\/rezkar-fs300sfp_400v\/"},"modified":"2025-12-17T23:56:52","modified_gmt":"2025-12-17T22:56:52","slug":"rezkar-fs300sfp_400v","status":"publish","type":"product","link":"https:\/\/www.depoles.com\/hr\/trgovina\/rezkar-fs300sfp_400v\/","title":{"rendered":"Rezkar FS300SFP_400V"},"content":{"rendered":"<p><strong>Tehni\u010dna specifikacija izdelka<\/strong><\/p>\n<table>\n<tbody>\n<tr>\n<th colspan=\"2\">Podatki o motorju<\/th>\n<\/tr>\n<tr>\n<td>Mo\u010d motorja S1<\/td>\n<td>5500 W<\/td>\n<\/tr>\n<tr>\n<td>Mo\u010d motorja S6<\/td>\n<td>7700 W<\/td>\n<\/tr>\n<tr>\n<td>Napetost<\/td>\n<td>400 V<\/td>\n<\/tr>\n<tr>\n<th colspan=\"2\">Dimenzije<\/th>\n<\/tr>\n<tr>\n<td>Drsna miza<\/td>\n<td>1150 x 350 mm<\/td>\n<\/tr>\n<tr>\n<td>Odvod prahu (sesalni priklju\u010dek)<\/td>\n<td>120 \/ 120 mm<\/td>\n<\/tr>\n<tr>\n<td>Vi\u0161ina mize<\/td>\n<td>900 mm<\/td>\n<\/tr>\n<tr>\n<td>Velikost mize<\/td>\n<td>1000 x 650 mm<\/td>\n<\/tr>\n<tr>\n<th colspan=\"2\">Tehni\u010dni podatki<\/th>\n<\/tr>\n<tr>\n<td>Najve\u010dji premer orodja pod mizo<\/td>\n<td>260 mm<\/td>\n<\/tr>\n<tr>\n<td>Nagib vretena<\/td>\n<td>0\u00b0 \/ +45\u00b0<\/td>\n<\/tr>\n<tr>\n<td>Najve\u010dja vi\u0161ina pritrditve<\/td>\n<td>125 mm<\/td>\n<\/tr>\n<tr>\n<td>Hod vretena<\/td>\n<td>180 mm<\/td>\n<\/tr>\n<tr>\n<td>Hitrost vretena<\/td>\n<td>3000 \/ 4000 \/ 5000 \/ 6000 \/ 8000 \/ 10000 min\u207b\u00b9<\/td>\n<\/tr>\n<tr>\n<td>Premer vretena<\/td>\n<td>30 mm<\/td>\n<\/tr>\n<tr>\n<td>Odprtina na mizi<\/td>\n<td>270 mm<\/td>\n<\/tr>\n<tr>\n<td>Kotna ograja<\/td>\n<td>345 x 155 mm<\/td>\n<\/tr>\n<tr>\n<td>Najve\u010dji premer orodja nad mizo<\/td>\n<td>300 mm<\/td>\n<\/tr>\n<tr>\n<th colspan=\"2\">Te\u017ea<\/th>\n<\/tr>\n<tr>\n<td>Bruto te\u017ea<\/td>\n<td>600 kg<\/td>\n<\/tr>\n<tr>\n<td>Netto te\u017ea<\/td>\n<td>430 kg<\/td>\n<\/tr>\n<tr>\n<th colspan=\"2\">Embala\u017ea<\/th>\n<\/tr>\n<tr>\n<td>Dol\u017eina embala\u017ee<\/td>\n<td>1750 mm<\/td>\n<\/tr>\n<tr>\n<td>\u0160irina embala\u017ee<\/td>\n<td>1300 mm<\/td>\n<\/tr>\n<tr>\n<td>Vi\u0161ina embala\u017ee<\/td>\n<td>1100 mm<\/td>\n<\/tr>\n<tr>\n<th colspan=\"2\">Splo\u0161ni podatki<\/th>\n<\/tr>\n<tr>\n<td>EAN kodeks<\/td>\n<td>9120039902807<\/td>\n<\/tr>\n<\/tbody>\n<\/table>\n","protected":false},"excerpt":{"rendered":"<h3> Poudarki <\/h3>\n<ul>\n<li> te\u017eki industrijski stroj z ozemljeno mizo iz litega \u017eeleza <\/li>\n<li> 6 razli\u010dnih hitrosti oblikovalnika vretena <\/li>\n<li> izmenljiva vretena arbor MT4 pove\u010duje delovno u\u010dinkovitost <\/li>\n<li> elektronska indikacija hitrosti <\/li>\n<li> posebna kapuca za oblikovanje vretena z integrirano ograjo <\/li>\n<li> visokokakovostna in utrjena jeklena palica z vodenim drsnim aluminijastim stolom (\u0161irina 350 mm) <\/li>\n<li> obe ro\u010dni kolesi za vi\u0161ino vretena in nagibanje, name\u0161\u010deni na sprednji strani stroja za udobno rokovanje <\/li>\n<li> ve\u010d posteljno vreteno zagotavlja optimalne delovne rezultate <\/li>\n<li> prah se zbira pod mizo kot standard <\/li>\n<li> serijsko name\u0161\u010dena naprava za blokiranje vretena <\/li>\n<li> premer odprtine za prah: 120 mm <\/li>\n<\/ul>\n<p> <strong>vklju\u010deno v dobavo:<\/strong> posebna celovita ograja, drsna miza iz aluminija, izmenljiva vretena vrtnica MT4, ekscentri\u010dna objemka obdelovanca, podalj\u0161ka miza z ograjo <\/p><\/p>\n","protected":false},"featured_media":5241,"template":"","meta":[],"product_brand":[],"product_cat":[1032,1012],"product_tag":[],"class_list":{"0":"post-5240","1":"product","2":"type-product","3":"status-publish","4":"has-post-thumbnail","6":"product_cat-rezkarji-glodalice","7":"product_cat-stroji-za-les","9":"first","10":"instock","11":"shipping-taxable","12":"purchasable","13":"product-type-simple"},"_links":{"self":[{"href":"https:\/\/www.depoles.com\/hr\/wp-json\/wp\/v2\/product\/5240","targetHints":{"allow":["GET"]}}],"collection":[{"href":"https:\/\/www.depoles.com\/hr\/wp-json\/wp\/v2\/product"}],"about":[{"href":"https:\/\/www.depoles.com\/hr\/wp-json\/wp\/v2\/types\/product"}],"wp:featuredmedia":[{"embeddable":true,"href":"https:\/\/www.depoles.com\/hr\/wp-json\/wp\/v2\/media\/5241"}],"wp:attachment":[{"href":"https:\/\/www.depoles.com\/hr\/wp-json\/wp\/v2\/media?parent=5240"}],"wp:term":[{"taxonomy":"product_brand","embeddable":true,"href":"https:\/\/www.depoles.com\/hr\/wp-json\/wp\/v2\/product_brand?post=5240"},{"taxonomy":"product_cat","embeddable":true,"href":"https:\/\/www.depoles.com\/hr\/wp-json\/wp\/v2\/product_cat?post=5240"},{"taxonomy":"product_tag","embeddable":true,"href":"https:\/\/www.depoles.com\/hr\/wp-json\/wp\/v2\/product_tag?post=5240"}],"curies":[{"name":"wp","href":"https:\/\/api.w.org\/{rel}","templated":true}]}}