{"id":5252,"date":"2019-10-17T13:13:33","date_gmt":"2019-10-17T11:13:33","guid":{"rendered":"https:\/\/nova.depoles.com\/trgovina\/debelinka-dhm530p_400v\/"},"modified":"2025-12-17T17:14:09","modified_gmt":"2025-12-17T16:14:09","slug":"debelinka-dhm530p_400v","status":"publish","type":"product","link":"https:\/\/www.depoles.com\/hr\/trgovina\/debelinka-dhm530p_400v\/","title":{"rendered":"Debelinka DHM530P_400V"},"content":{"rendered":"<p><strong>Tehni\u010dni podatki:<\/strong><\/p>\n<ul>\n<li><strong>Motor:<\/strong>\n<ul>\n<li>Mo\u010d motorja S1: 5500 W<\/li>\n<li>Mo\u010d motorja S6: 7700 W<\/li>\n<li>Napetost: 400 V<\/li>\n<\/ul>\n<\/li>\n<li><strong>Obdelava debeline:<\/strong>\n<ul>\n<li>Velikost mize: 950 x 530 mm<\/li>\n<\/ul>\n<\/li>\n<li><strong>Splo\u0161no na\u010drtovanje:<\/strong>\n<ul>\n<li>Hitrost gredi: 5000 min\u207b\u00b9<\/li>\n<li>Premer gredi: 125 mm<\/li>\n<li>\u0160tevilo rezil: 4<\/li>\n<\/ul>\n<\/li>\n<li><strong>Te\u017ea:<\/strong>\n<ul>\n<li>Bruto te\u017ea: 780 kg<\/li>\n<li>Netto te\u017ea: 680 kg<\/li>\n<\/ul>\n<\/li>\n<li><strong>Embala\u017ea:<\/strong>\n<ul>\n<li>Dol\u017eina embala\u017ee: 1200 mm<\/li>\n<li>\u0160irina embala\u017ee: 1200 mm<\/li>\n<li>Vi\u0161ina embala\u017ee: 1400 mm<\/li>\n<\/ul>\n<\/li>\n<li><strong>Splo\u0161ni podatki:<\/strong>\n<ul>\n<li>EAN koda: 9120039902746<\/li>\n<\/ul>\n<\/li>\n<\/ul>\n","protected":false},"excerpt":{"rendered":"<h3>Opis izdelka<\/h3>\n<p>Ta skobeljni stroj se pona\u0161a z elektri\u010dno nastavitvijo vi\u0161ine mize in dvema hitrostma dovajanja za u\u010dinkovito delo. Opremljen je z dvema nastavljivima podpor\u00adnima kolescema za mizo, ki omogo\u010data natan\u010dno nastavitev debeline. Ozemljena miza zmanj\u0161uje trenje med zgo\u0161\u010devanjem, ro\u010dno kolo z digitalnim od\u010ditkom pa omogo\u010da fino nastavitev vi\u0161ine mize. Natan\u010den rezalni blok zagotavlja vrhunske rezultate, mo\u010dan veri\u017eni pogon pa zanesljivo poganja napajalno enoto. Stroj ima tudi \u010dep za zbiranje prahu s premerom 160 mm in omogo\u010da odstranjevanje \u010dipov do 8 mm. Hitrosti dovajanja so 8 in 16 m\/min.<\/p>\n<ul>\n<li>Elektri\u010dna nastavitev vi\u0161ine mize<\/li>\n<li>Dve hitrosti dovajanja (8 in 16 m\/min)<\/li>\n<li>Dva nastavljiva podporna kolesca za debelino<\/li>\n<li>Ozemljena miza za zmanj\u0161anje trenja<\/li>\n<li>Ro\u010dno kolo za fino nastavitev z digitalnim od\u010ditkom<\/li>\n<li>Natan\u010den rezalni blok za popolne rezultate<\/li>\n<li>Zelo mo\u010dan veri\u017eni pogon napajalne enote<\/li>\n<li>\u010cep za zbiranje prahu (160 mm)<\/li>\n<li>Maksimalno odstranjevanje \u010dipov do 8 mm<\/li>\n<\/ul>\n<p><strong>Vklju\u010deno v dobavo:<\/strong> skobeljni no\u017ei, podporni valji za mizo za debelino<\/p>\n","protected":false},"featured_media":5253,"template":"","meta":[],"product_brand":[],"product_cat":[1024,1012],"product_tag":[],"class_list":{"0":"post-5252","1":"product","2":"type-product","3":"status-publish","4":"has-post-thumbnail","6":"product_cat-debelinke","7":"product_cat-stroji-za-les","9":"first","10":"instock","11":"shipping-taxable","12":"purchasable","13":"product-type-simple"},"_links":{"self":[{"href":"https:\/\/www.depoles.com\/hr\/wp-json\/wp\/v2\/product\/5252","targetHints":{"allow":["GET"]}}],"collection":[{"href":"https:\/\/www.depoles.com\/hr\/wp-json\/wp\/v2\/product"}],"about":[{"href":"https:\/\/www.depoles.com\/hr\/wp-json\/wp\/v2\/types\/product"}],"wp:featuredmedia":[{"embeddable":true,"href":"https:\/\/www.depoles.com\/hr\/wp-json\/wp\/v2\/media\/5253"}],"wp:attachment":[{"href":"https:\/\/www.depoles.com\/hr\/wp-json\/wp\/v2\/media?parent=5252"}],"wp:term":[{"taxonomy":"product_brand","embeddable":true,"href":"https:\/\/www.depoles.com\/hr\/wp-json\/wp\/v2\/product_brand?post=5252"},{"taxonomy":"product_cat","embeddable":true,"href":"https:\/\/www.depoles.com\/hr\/wp-json\/wp\/v2\/product_cat?post=5252"},{"taxonomy":"product_tag","embeddable":true,"href":"https:\/\/www.depoles.com\/hr\/wp-json\/wp\/v2\/product_tag?post=5252"}],"curies":[{"name":"wp","href":"https:\/\/api.w.org\/{rel}","templated":true}]}}