{"id":5260,"date":"2019-10-17T13:13:26","date_gmt":"2019-10-17T11:13:26","guid":{"rendered":"https:\/\/nova.depoles.com\/trgovina\/mortising-unit-hob410pll\/"},"modified":"2025-12-17T17:14:41","modified_gmt":"2025-12-17T16:14:41","slug":"mortising-unit-hob410pll","status":"publish","type":"product","link":"https:\/\/www.depoles.com\/hr\/trgovina\/mortising-unit-hob410pll\/","title":{"rendered":"Bo\u010dni bu\u0161ilica HOB410PLL"},"content":{"rendered":"<p><strong>Tehni\u010dni podatki:<\/strong><\/p>\n<table>\n<tr>\n<th>Lastnost<\/th>\n<th>Vrednost<\/th>\n<\/tr>\n<tr>\n<td><strong>Te\u017ea<\/strong><\/td>\n<td><\/td>\n<\/tr>\n<tr>\n<td>Bruto te\u017ea (kg)<\/td>\n<td>105<\/td>\n<\/tr>\n<tr>\n<td>Netto te\u017ea (kg)<\/td>\n<td>96<\/td>\n<\/tr>\n<tr>\n<td><strong>Pakiranje<\/strong><\/td>\n<td><\/td>\n<\/tr>\n<tr>\n<td>Dol\u017eina pakiranja (mm)<\/td>\n<td>750<\/td>\n<\/tr>\n<tr>\n<td>\u0160irina pakiranja (mm)<\/td>\n<td>500<\/td>\n<\/tr>\n<tr>\n<td>Vi\u0161ina pakiranja (mm)<\/td>\n<td>720<\/td>\n<\/tr>\n<tr>\n<td><strong>Splo\u0161ni podatki<\/strong><\/td>\n<td><\/td>\n<\/tr>\n<tr>\n<td>EAN koda<\/td>\n<td>9120039902739<\/td>\n<\/tr>\n<\/table>\n","protected":false},"excerpt":{"rendered":"<h3>Poudarki<\/h3>\n<ul>\n<li>Hipotezna enota za HOB410P<\/li>\n<\/ul>\n","protected":false},"featured_media":5261,"template":"","meta":[],"product_brand":[],"product_cat":[1017,1012,1039],"product_tag":[],"class_list":{"0":"post-5260","1":"product","2":"type-product","3":"status-publish","4":"has-post-thumbnail","6":"product_cat-horizontalni-vrtalnik","7":"product_cat-stroji-za-les","8":"product_cat-vrtalniki","10":"first","11":"instock","12":"shipping-taxable","13":"purchasable","14":"product-type-simple"},"_links":{"self":[{"href":"https:\/\/www.depoles.com\/hr\/wp-json\/wp\/v2\/product\/5260","targetHints":{"allow":["GET"]}}],"collection":[{"href":"https:\/\/www.depoles.com\/hr\/wp-json\/wp\/v2\/product"}],"about":[{"href":"https:\/\/www.depoles.com\/hr\/wp-json\/wp\/v2\/types\/product"}],"wp:featuredmedia":[{"embeddable":true,"href":"https:\/\/www.depoles.com\/hr\/wp-json\/wp\/v2\/media\/5261"}],"wp:attachment":[{"href":"https:\/\/www.depoles.com\/hr\/wp-json\/wp\/v2\/media?parent=5260"}],"wp:term":[{"taxonomy":"product_brand","embeddable":true,"href":"https:\/\/www.depoles.com\/hr\/wp-json\/wp\/v2\/product_brand?post=5260"},{"taxonomy":"product_cat","embeddable":true,"href":"https:\/\/www.depoles.com\/hr\/wp-json\/wp\/v2\/product_cat?post=5260"},{"taxonomy":"product_tag","embeddable":true,"href":"https:\/\/www.depoles.com\/hr\/wp-json\/wp\/v2\/product_tag?post=5260"}],"curies":[{"name":"wp","href":"https:\/\/api.w.org\/{rel}","templated":true}]}}