{"id":5268,"date":"2019-10-17T12:41:41","date_gmt":"2019-10-17T10:41:41","guid":{"rendered":"https:\/\/nova.depoles.com\/trgovina\/poravnalka-in-debelinka-holzmann-hob260nl_400v\/"},"modified":"2026-03-06T14:01:59","modified_gmt":"2026-03-06T13:01:59","slug":"poravnalka-in-debelinka-holzmann-hob260nl_400v","status":"publish","type":"product","link":"https:\/\/www.depoles.com\/hr\/trgovina\/poravnalka-in-debelinka-holzmann-hob260nl_400v\/","title":{"rendered":"Poravnava\u010d i deblja\u010d HOLZMANN HOB260NL_400V"},"content":{"rendered":"<p><strong>Tehni\u010dni podatki<\/strong><\/p>\n<table>\n<tbody>\n<tr>\n<th colspan=\"2\">Obdelava<\/th>\n<\/tr>\n<tr>\n<td>Nagib ograje<\/td>\n<td>90\u00b0 &#8211; 45\u00b0<\/td>\n<\/tr>\n<tr>\n<td>Velikost mizice za obdelavo (mm)<\/td>\n<td>1090 x 250<\/td>\n<\/tr>\n<tr>\n<td>Ogrodje ograje (mm)<\/td>\n<td>720 x 135<\/td>\n<\/tr>\n<tr>\n<td>Najve\u010dja globina obdelave v mm<\/td>\n<td>3<\/td>\n<\/tr>\n<tr>\n<td>Vi\u0161ina mizice za obdelavo (mm)<\/td>\n<td>855<\/td>\n<\/tr>\n<tr>\n<th colspan=\"2\">Podatki o motorju<\/th>\n<\/tr>\n<tr>\n<td>Mo\u010d motorja S1 (W)<\/td>\n<td>1500<\/td>\n<\/tr>\n<tr>\n<td>Mo\u010d motorja S6 (W)<\/td>\n<td>2100<\/td>\n<\/tr>\n<tr>\n<td>Hitrost podajanja<\/td>\n<td>8<\/td>\n<\/tr>\n<tr>\n<td>Napetost<\/td>\n<td>400V<\/td>\n<\/tr>\n<tr>\n<th colspan=\"2\">Dimenzije<\/th>\n<\/tr>\n<tr>\n<td>Premer sesalnega priklju\u010dka (mm)<\/td>\n<td>100<\/td>\n<\/tr>\n<tr>\n<td>Skupne dimenzije (mm)<\/td>\n<td>1100 x 420<\/td>\n<\/tr>\n<tr>\n<th colspan=\"2\">Dimenzije obdelovanca<\/th>\n<\/tr>\n<tr>\n<td>Najve\u010dja debelina obdelovanca (mm)<\/td>\n<td>185<\/td>\n<\/tr>\n<tr>\n<th colspan=\"2\">Debelinski stru\u017enik<\/th>\n<\/tr>\n<tr>\n<td>Velikost mizice (mm)<\/td>\n<td>600 x 185<\/td>\n<\/tr>\n<tr>\n<td>Globina obdelave (mm)<\/td>\n<td>3<\/td>\n<\/tr>\n<tr>\n<th colspan=\"2\">Splo\u0161no &#8211; obdelava<\/th>\n<\/tr>\n<tr>\n<td>Premer gredi (mm)<\/td>\n<td>75<\/td>\n<\/tr>\n<tr>\n<td>Hitrost gredi (obratov\/min)<\/td>\n<td>4000<\/td>\n<\/tr>\n<tr>\n<td>\u0160tevilo rezil<\/td>\n<td>3<\/td>\n<\/tr>\n<tr>\n<th colspan=\"2\">Te\u017ea<\/th>\n<\/tr>\n<tr>\n<td>Bruto te\u017ea (kg)<\/td>\n<td>160<\/td>\n<\/tr>\n<tr>\n<td>Netto te\u017ea (kg)<\/td>\n<td>150<\/td>\n<\/tr>\n<tr>\n<th colspan=\"2\">Pakiranje<\/th>\n<\/tr>\n<tr>\n<td>Dol\u017eina pakiranja (mm)<\/td>\n<td>1130<\/td>\n<\/tr>\n<tr>\n<td>\u0160irina pakiranja (mm)<\/td>\n<td>500<\/td>\n<\/tr>\n<tr>\n<td>Vi\u0161ina pakiranja (mm)<\/td>\n<td>740<\/td>\n<\/tr>\n<tr>\n<th colspan=\"2\">Splo\u0161ni podatki<\/th>\n<\/tr>\n<tr>\n<td>EAN koda<\/td>\n<td>9120039902272<\/td>\n<\/tr>\n<\/tbody>\n<\/table>\n","protected":false},"excerpt":{"rendered":"<h3>Opis izdelka<\/h3>\n<p>Ta naprava je zasnovana za visoko stabilnost in natan\u010dnost dela. Ima nastavljivo aluminijasto ograjo ter rezalnik s tremi no\u017ei, kar omogo\u010da u\u010dinkovito obdelavo. Kolateralne vrtljive mize iz sive litine zagotavljajo udobno nastavljanje debeline. \u010cep za zbiranje prahu omogo\u010da delo v \u010distem okolju brez prahu in odrezkov. Za skobljanje oku\u017eenega mehanizma je mo\u017eno izklopiti napravo.<\/p>\n","protected":false},"featured_media":5269,"template":"","meta":[],"product_brand":[],"product_cat":[1031,1012],"product_tag":[],"class_list":{"0":"post-5268","1":"product","2":"type-product","3":"status-publish","4":"has-post-thumbnail","6":"product_cat-poravnalke-debelinke","7":"product_cat-stroji-za-les","9":"first","10":"instock","11":"shipping-taxable","12":"purchasable","13":"product-type-simple"},"_links":{"self":[{"href":"https:\/\/www.depoles.com\/hr\/wp-json\/wp\/v2\/product\/5268","targetHints":{"allow":["GET"]}}],"collection":[{"href":"https:\/\/www.depoles.com\/hr\/wp-json\/wp\/v2\/product"}],"about":[{"href":"https:\/\/www.depoles.com\/hr\/wp-json\/wp\/v2\/types\/product"}],"wp:featuredmedia":[{"embeddable":true,"href":"https:\/\/www.depoles.com\/hr\/wp-json\/wp\/v2\/media\/5269"}],"wp:attachment":[{"href":"https:\/\/www.depoles.com\/hr\/wp-json\/wp\/v2\/media?parent=5268"}],"wp:term":[{"taxonomy":"product_brand","embeddable":true,"href":"https:\/\/www.depoles.com\/hr\/wp-json\/wp\/v2\/product_brand?post=5268"},{"taxonomy":"product_cat","embeddable":true,"href":"https:\/\/www.depoles.com\/hr\/wp-json\/wp\/v2\/product_cat?post=5268"},{"taxonomy":"product_tag","embeddable":true,"href":"https:\/\/www.depoles.com\/hr\/wp-json\/wp\/v2\/product_tag?post=5268"}],"curies":[{"name":"wp","href":"https:\/\/api.w.org\/{rel}","templated":true}]}}