{"id":5285,"date":"2019-10-17T12:41:29","date_gmt":"2019-10-17T10:41:29","guid":{"rendered":"https:\/\/nova.depoles.com\/trgovina\/poravnalka-debelinka-hob-305-pro-230v-holzmann\/"},"modified":"2026-02-12T13:52:27","modified_gmt":"2026-02-12T12:52:27","slug":"poravnalka-debelinka-hob-305-pro-230v-holzmann","status":"publish","type":"product","link":"https:\/\/www.depoles.com\/hr\/trgovina\/poravnalka-debelinka-hob-305-pro-230v-holzmann\/","title":{"rendered":"PORAVNAVA DEBLJINE HOB 305 PRO 230V HOLZMANN"},"content":{"rendered":"<p><strong>Tehni\u010dni podatki<\/strong><\/p>\n<ul>\n<li><strong>Obdelava (planing)<\/strong>\n<ul>\n<li>Velikost mize za obdelavo: 1512 x 400 mm<\/li>\n<li>Nagib vodila: 90\u00b0 &#8211; 45\u00b0<\/li>\n<li>Vodilo za obdelavo: 1000 x 160 mm<\/li>\n<li>Maksimalna globina obdelave (debeline): 3 mm<\/li>\n<li>Vi\u0161ina mize za debelinsko obdelavo: 900 mm<\/li>\n<\/ul>\n<\/li>\n<li><strong>Motor<\/strong>\n<ul>\n<li>Mo\u010d motorja S1: 2200 W<\/li>\n<li>Hitrost pomika: 5,5 m\/min<\/li>\n<li>Napetost: 230 V<\/li>\n<\/ul>\n<\/li>\n<li><strong>Dimenzije<\/strong>\n<ul>\n<li>Premer odsesovalnega priklju\u010dka: 100 mm<\/li>\n<\/ul>\n<\/li>\n<li><strong>Debelinska obdelava<\/strong>\n<ul>\n<li>Velikost mize: 585 x 300 mm<\/li>\n<li>Globina obdelave: 3 mm<\/li>\n<\/ul>\n<\/li>\n<li><strong>Splo\u0161na obdelava<\/strong>\n<ul>\n<li>Premer gredi: 74 mm<\/li>\n<li>Hitrost vrtenja gredi: 4000 min\u207b\u00b9<\/li>\n<li>\u0160tevilo rezil: 4<\/li>\n<\/ul>\n<\/li>\n<li><strong>Te\u017ea<\/strong>\n<ul>\n<li>Bruto te\u017ea: 325 kg<\/li>\n<li>Netto te\u017ea: 288 kg<\/li>\n<\/ul>\n<\/li>\n<li><strong>Pakiranje<\/strong>\n<ul>\n<li>Dol\u017eina pakiranja: 1650 mm<\/li>\n<li>\u0160irina pakiranja: 650 mm<\/li>\n<li>Vi\u0161ina pakiranja: 1150 mm<\/li>\n<\/ul>\n<\/li>\n<li><strong>Splo\u0161ni podatki<\/strong>\n<ul>\n<li>EAN koda: 9120039905198<\/li>\n<\/ul>\n<\/li>\n<\/ul>\n","protected":false},"excerpt":{"rendered":"<ul>\n<li>skobeljna glava s 4 no\u017ei<\/li>\n<li>profi vodilo z nagibom<\/li>\n<li>odpirannje miz poravnalke<\/li>\n<li>preklopna odseosvalna kap<\/li>\n<li>debelina dop 230 mm<\/li>\n<li>obe mizi iz litega \u017eeleza lahko zlo\u017eite za debelino<\/li>\n<li>visoke tehnologije izdelave, kot so lasersko rezanje<\/li>\n<\/ul>\n<p><strong>vklju\u010deno v dostavo:<\/strong> ograja, name\u0161\u010deni skobeljni no\u017ei<\/p>\n","protected":false},"featured_media":5286,"template":"","meta":[],"product_brand":[],"product_cat":[1031,1012],"product_tag":[138,296,314,434,441,653],"class_list":{"0":"post-5285","1":"product","2":"type-product","3":"status-publish","4":"has-post-thumbnail","6":"product_cat-poravnalke-debelinke","7":"product_cat-stroji-za-les","8":"product_tag-138","9":"product_tag-debelinka","10":"product_tag-depoles","11":"product_tag-hob305","12":"product_tag-holzmann","13":"product_tag-poravnalka","15":"first","16":"instock","17":"shipping-taxable","18":"purchasable","19":"product-type-simple"},"_links":{"self":[{"href":"https:\/\/www.depoles.com\/hr\/wp-json\/wp\/v2\/product\/5285","targetHints":{"allow":["GET"]}}],"collection":[{"href":"https:\/\/www.depoles.com\/hr\/wp-json\/wp\/v2\/product"}],"about":[{"href":"https:\/\/www.depoles.com\/hr\/wp-json\/wp\/v2\/types\/product"}],"wp:featuredmedia":[{"embeddable":true,"href":"https:\/\/www.depoles.com\/hr\/wp-json\/wp\/v2\/media\/5286"}],"wp:attachment":[{"href":"https:\/\/www.depoles.com\/hr\/wp-json\/wp\/v2\/media?parent=5285"}],"wp:term":[{"taxonomy":"product_brand","embeddable":true,"href":"https:\/\/www.depoles.com\/hr\/wp-json\/wp\/v2\/product_brand?post=5285"},{"taxonomy":"product_cat","embeddable":true,"href":"https:\/\/www.depoles.com\/hr\/wp-json\/wp\/v2\/product_cat?post=5285"},{"taxonomy":"product_tag","embeddable":true,"href":"https:\/\/www.depoles.com\/hr\/wp-json\/wp\/v2\/product_tag?post=5285"}],"curies":[{"name":"wp","href":"https:\/\/api.w.org\/{rel}","templated":true}]}}