{"id":5287,"date":"2019-10-17T12:27:43","date_gmt":"2019-10-17T10:27:43","guid":{"rendered":"https:\/\/nova.depoles.com\/trgovina\/poravnalka-in-debelinka-holzmann-hob260abs_230v\/"},"modified":"2026-02-12T13:57:29","modified_gmt":"2026-02-12T12:57:29","slug":"poravnalka-in-debelinka-holzmann-hob260abs_230v","status":"publish","type":"product","link":"https:\/\/www.depoles.com\/hr\/trgovina\/poravnalka-in-debelinka-holzmann-hob260abs_230v\/","title":{"rendered":"Poravnava i debljina HOLZMANN HOB260ABS_230V"},"content":{"rendered":"<table>\n<tbody>\n<tr>\n<th colspan=\"2\"><strong>Oblikovanje<\/strong><\/th>\n<\/tr>\n<tr>\n<td>Vi\u0161ina mize za glajenje (mm)<\/td>\n<td>890<\/td>\n<\/tr>\n<tr>\n<td>Velikost mize za glajenje (mm)<\/td>\n<td>1050&#215;260<\/td>\n<\/tr>\n<tr>\n<td>Nagib ograje<\/td>\n<td>90\u00b0 &#8211; 45\u00b0<\/td>\n<\/tr>\n<tr>\n<td>Velikost ograje za glajenje (mm)<\/td>\n<td>610&#215;110<\/td>\n<\/tr>\n<tr>\n<td>Najve\u010dja globina odstranjevanja materiala pri glajenju (mm)<\/td>\n<td>3<\/td>\n<\/tr>\n<tr>\n<th colspan=\"2\"><strong>Podatki o motorju<\/strong><\/th>\n<\/tr>\n<tr>\n<td>Mo\u010d motorja S1 (W)<\/td>\n<td>1500<\/td>\n<\/tr>\n<tr>\n<td>Mo\u010d motorja S6 (W)<\/td>\n<td>2100<\/td>\n<\/tr>\n<tr>\n<td>Hitrost podajanja<\/td>\n<td>8<\/td>\n<\/tr>\n<tr>\n<td>Napenjanje<\/td>\n<td>230V<\/td>\n<\/tr>\n<tr>\n<th colspan=\"2\"><strong>Dimenzije<\/strong><\/th>\n<\/tr>\n<tr>\n<td>Premer priklju\u010dka za sesanje (mm)<\/td>\n<td>80<\/td>\n<\/tr>\n<tr>\n<td>Skupne dimenzije (mm)<\/td>\n<td>1100x500x900<\/td>\n<\/tr>\n<tr>\n<th colspan=\"2\"><strong>Dimenzije obdelovanca<\/strong><\/th>\n<\/tr>\n<tr>\n<td>Najve\u010dja debelina obdelovanca (mm)<\/td>\n<td>160<\/td>\n<\/tr>\n<tr>\n<th colspan=\"2\"><strong>Debelinski stru\u017enik<\/strong><\/th>\n<\/tr>\n<tr>\n<td>Globina odstranjevanja materiala (mm)<\/td>\n<td>2<\/td>\n<\/tr>\n<tr>\n<td>Velikost mize (mm)<\/td>\n<td>480&#215;254<\/td>\n<\/tr>\n<tr>\n<th colspan=\"2\"><strong>Splo\u0161no glajenje<\/strong><\/th>\n<\/tr>\n<tr>\n<td>Hitrost gredi (min\u207b\u00b9)<\/td>\n<td>6700<\/td>\n<\/tr>\n<tr>\n<td>\u0160tevilo rezil<\/td>\n<td>2<\/td>\n<\/tr>\n<tr>\n<td>Premer gredi (mm)<\/td>\n<td>55<\/td>\n<\/tr>\n<tr>\n<th colspan=\"2\"><strong>Sesalci prahu<\/strong><\/th>\n<\/tr>\n<tr>\n<td>Sesalna zmogljivost (m\u00b3\/h)<\/td>\n<td>270<\/td>\n<\/tr>\n<tr>\n<th colspan=\"2\"><strong>Te\u017ea<\/strong><\/th>\n<\/tr>\n<tr>\n<td>Bruto te\u017ea (kg)<\/td>\n<td>91<\/td>\n<\/tr>\n<tr>\n<td>Netto te\u017ea (kg)<\/td>\n<td>81<\/td>\n<\/tr>\n<tr>\n<th colspan=\"2\"><strong>Embal\u017ea\u017ea<\/strong><\/th>\n<\/tr>\n<tr>\n<td>Dol\u017eina embala\u017ee (mm)<\/td>\n<td>1160<\/td>\n<\/tr>\n<tr>\n<td>\u0160irina embala\u017ee (mm)<\/td>\n<td>590<\/td>\n<\/tr>\n<tr>\n<td>Vi\u0161ina embala\u017ee (mm)<\/td>\n<td>600<\/td>\n<\/tr>\n<tr>\n<th colspan=\"2\"><strong>Splo\u0161ni podatki<\/strong><\/th>\n<\/tr>\n<tr>\n<td>EAN koda<\/td>\n<td>9120039905181<\/td>\n<\/tr>\n<\/tbody>\n<\/table>\n","protected":false},"excerpt":{"rendered":"<h3>Poudarki izdelka<\/h3>\n<p>Ta kombinirani zgo\u0161\u010devalni stroj z vgrajenim zbiralnikom prahu omogo\u010da enostavno in hitro preoblikovanje v funkcijo zgo\u0161\u010devanja. Opremljen je z re\u017eami za absorpcijo hrupa v skobeljnih mizah ter vre\u010do za zbiranje prahu, ki omogo\u010da udobno menjavo. Trdna miza iz tla\u010dnega aluminija in nagibna ograja za skobljanje iz aluminija zagotavljata vzdr\u017eljivost in natan\u010dnost. Debelinsko napajanje pogona je mogo\u010de izklopiti za ve\u010djo prilagodljivost.<\/p>\n<ul>\n<li>Kombinirani zgo\u0161\u010devalni stroj z vgrajenim zbiralnikom prahu<\/li>\n<li>Enostavno in hitro preoblikovanje v funkcijo zgo\u0161\u010devanja<\/li>\n<li>Re\u017ee za absorpcijo hrupa v skobeljnih mizah<\/li>\n<li>Vre\u010da za zbiranje prahu omogo\u010da udobno menjavo vre\u010dk<\/li>\n<li>Trdna miza iz tla\u010dnega aluminija<\/li>\n<li>Nagibna ograja za skobljanje iz aluminija<\/li>\n<li>Mo\u017enost izklopa debelinskega napajanja pogona<\/li>\n<\/ul>\n<p><strong>Vklju\u010deno v dostavo:<\/strong> integriran zbiralnik prahu, stojalo, no\u017ei za na\u010drtovanje, vre\u010da za prah.<\/p>\n","protected":false},"featured_media":5288,"template":"","meta":[],"product_brand":[],"product_cat":[1031,1012],"product_tag":[],"class_list":{"0":"post-5287","1":"product","2":"type-product","3":"status-publish","4":"has-post-thumbnail","6":"product_cat-poravnalke-debelinke","7":"product_cat-stroji-za-les","9":"first","10":"instock","11":"shipping-taxable","12":"purchasable","13":"product-type-simple"},"_links":{"self":[{"href":"https:\/\/www.depoles.com\/hr\/wp-json\/wp\/v2\/product\/5287","targetHints":{"allow":["GET"]}}],"collection":[{"href":"https:\/\/www.depoles.com\/hr\/wp-json\/wp\/v2\/product"}],"about":[{"href":"https:\/\/www.depoles.com\/hr\/wp-json\/wp\/v2\/types\/product"}],"wp:featuredmedia":[{"embeddable":true,"href":"https:\/\/www.depoles.com\/hr\/wp-json\/wp\/v2\/media\/5288"}],"wp:attachment":[{"href":"https:\/\/www.depoles.com\/hr\/wp-json\/wp\/v2\/media?parent=5287"}],"wp:term":[{"taxonomy":"product_brand","embeddable":true,"href":"https:\/\/www.depoles.com\/hr\/wp-json\/wp\/v2\/product_brand?post=5287"},{"taxonomy":"product_cat","embeddable":true,"href":"https:\/\/www.depoles.com\/hr\/wp-json\/wp\/v2\/product_cat?post=5287"},{"taxonomy":"product_tag","embeddable":true,"href":"https:\/\/www.depoles.com\/hr\/wp-json\/wp\/v2\/product_tag?post=5287"}],"curies":[{"name":"wp","href":"https:\/\/api.w.org\/{rel}","templated":true}]}}