{"id":774,"date":"2025-11-25T11:01:01","date_gmt":"2025-11-25T10:01:01","guid":{"rendered":"https:\/\/nova.depoles.com\/trgovina\/formatna-zaga-sicar-sega-300-alu-2200-2\/"},"modified":"2026-02-18T14:26:17","modified_gmt":"2026-02-18T13:26:17","slug":"formatna-zaga-sicar-sega-300-alu-2200-2","status":"publish","type":"product","link":"https:\/\/www.depoles.com\/hr\/trgovina\/formatna-zaga-sicar-sega-300-alu-2200-2\/","title":{"rendered":"FORMATNA PILA SICAR SEGA 300 ALU 2600"},"content":{"rendered":"<p>odli\u010dna formatna \u017eaga srednjega in profi ranga za hoby, obrt ali profi uporabo<\/p>\n<p>odli\u010dna za manj\u0161e prostore<\/p>\n<p>vrhunski aluminijasti formatni voz 2600 x 315mmm (opcija: 2600, 2800 mm)<\/p>\n<p>zelo zmogljiva in zelo\u00a0 natan\u010dne nastavitve<\/p>\n<p>voz lepo in mirno teko\u010d, zelo masiven na indukcijskih vodilih dimenzija 1600&#215;360 mm (dol\u017eina odreza 1800 mm)<\/p>\n<p>\u017eaga 300 mm, nagib 90\u00b0-45\u00b0, vi\u0161ina reza 100 mm<\/p>\n<p>predrezilo<\/p>\n<p>dvig spust in nagib \u017eage ro\u010den z kolesom<\/p>\n<p>desno paralelno okroglo masivno vodilo fiksno do 1200 mm<\/p>\n<p>okvir z podporno roko in izvle\u010dnim vodilom do 2500 mm, 2 omejilca<\/p>\n<p>motor 4Kw 5,3Ks S6-40% 400V<\/p>\n<p>te\u017ea 430 kg<\/p>\n","protected":false},"excerpt":{"rendered":"<h4><span style=\"color: #ff0000;\"><strong>ZA DODATEN POPUST UPORABITE KODO: DEPOLES22<\/strong><\/span><\/h4>\n<h5><strong>OBRO\u010cNO PLA\u010cILO na do 48 obrokov in do 12.000\u20ac uredimo takoj brez\u00a0 biska banke \/pokli\u010dite 031\/334 858<\/strong><\/h5>\n<ul>\n<li><span style=\"color: #000000;\">Odli\u010dna PRO formatna \u017eaga\u00a0 in predrezilo<\/span><\/li>\n<li><span style=\"color: #000000;\">\u0161irok aluminijasti formatni voz dol\u017eine 2600 mm<\/span><\/li>\n<li><span style=\"color: #000000;\">odli\u010dna drsnost, izredna natan\u010dnost in pomiki voza ter vodil<\/span><\/li>\n<li><span style=\"color: #000000;\">izredno mo\u010dna in zelo kvalitetna izdelava stroja vas bo navdu\u0161ila kakor tudi vodila , nastavitve in predvsem lepo in mirno drse\u010du alu formatni voz<\/span><\/li>\n<li><span style=\"color: #000000;\">motor 4Kw 5,5Ks S6 zadostuje za vsako masivo in seveda vse ostale materiale, tudi \u010de stroj obrmenjujete ve\u010d kot ste predvidevali<\/span><\/li>\n<li><span style=\"color: #000000;\">predrezilo s svojimi nastavitvami za razrez iverala<\/span><\/li>\n<li><span style=\"color: #000000;\">desno paralelno vodilo na okrogli masivnem vodilu do 900 oz 1250\u00a0 mm ,\u00a0 hitra in fiksna nastavitev +mikro nastavitve<\/span><\/li>\n<li><span style=\"color: #000000;\">okvir z podporno roko z in velikim okvirjem za velike obdelovance<\/span><\/li>\n<li><span style=\"color: #000000;\">pre\u010dno alu vodilo , masivno z 2 omejilcema na preklop<\/span><\/li>\n<li><span style=\"color: #000000;\">gre za zares odli\u010den stroj ITA proizvajalca<\/span><\/li>\n<li><span style=\"color: #000000;\">stroj po izvedbi in zmogljivost spada v rang precej bolj dra\u017ejih modelov, ki se prodajao pod ITA znamkami na trgu<\/span><\/li>\n<li><span style=\"color: #000000;\">zares odli\u010dna izbira za vsakega mizarja: hoby ali profesionalnega<\/span><\/li>\n<\/ul>\n<p><strong>OPCIJE:<\/strong> alu voz 2200, 2600 in 2800 mm, predrezilo s svojim motorjem, \u017eagini listi, sesalci, ostalo&#8230;<\/p>\n<p>&nbsp;<\/p>\n","protected":false},"featured_media":706,"template":"","meta":[],"product_brand":[],"product_cat":[1025,1028,1012],"product_tag":[194,377,457,632,665,666,743,918],"class_list":{"0":"post-774","1":"product","2":"type-product","3":"status-publish","4":"has-post-thumbnail","6":"product_cat-formatne-zage","7":"product_cat-mizne-zage","8":"product_cat-stroji-za-les","9":"product_tag-alu-voz","10":"product_tag-formatna","11":"product_tag-italija","12":"product_tag-pila","13":"product_tag-predrezac","14":"product_tag-predrezilo","15":"product_tag-sicar","16":"product_tag-zaga","18":"first","19":"onbackorder","20":"shipping-taxable","21":"product-type-simple"},"_links":{"self":[{"href":"https:\/\/www.depoles.com\/hr\/wp-json\/wp\/v2\/product\/774","targetHints":{"allow":["GET"]}}],"collection":[{"href":"https:\/\/www.depoles.com\/hr\/wp-json\/wp\/v2\/product"}],"about":[{"href":"https:\/\/www.depoles.com\/hr\/wp-json\/wp\/v2\/types\/product"}],"wp:featuredmedia":[{"embeddable":true,"href":"https:\/\/www.depoles.com\/hr\/wp-json\/wp\/v2\/media\/706"}],"wp:attachment":[{"href":"https:\/\/www.depoles.com\/hr\/wp-json\/wp\/v2\/media?parent=774"}],"wp:term":[{"taxonomy":"product_brand","embeddable":true,"href":"https:\/\/www.depoles.com\/hr\/wp-json\/wp\/v2\/product_brand?post=774"},{"taxonomy":"product_cat","embeddable":true,"href":"https:\/\/www.depoles.com\/hr\/wp-json\/wp\/v2\/product_cat?post=774"},{"taxonomy":"product_tag","embeddable":true,"href":"https:\/\/www.depoles.com\/hr\/wp-json\/wp\/v2\/product_tag?post=774"}],"curies":[{"name":"wp","href":"https:\/\/api.w.org\/{rel}","templated":true}]}}