{"id":805,"date":"2025-10-20T10:47:06","date_gmt":"2025-10-20T08:47:06","guid":{"rendered":"https:\/\/nova.depoles.com\/trgovina\/debelinka-moto-410-sicar\/"},"modified":"2026-02-18T14:26:27","modified_gmt":"2026-02-18T13:26:27","slug":"debelinka-moto-410-sicar","status":"publish","type":"product","link":"https:\/\/www.depoles.com\/hr\/trgovina\/debelinka-moto-410-sicar\/","title":{"rendered":"DEBELINKA MOTO 410 SICAR"},"content":{"rendered":"<p class=\"translation-block\"><span dir=\"auto\">DEBLEINKA MOTO 410 se predstavlja kot kompaktna, ekonomi\u010dna, a presenetljivo u\u010dinkovita re\u0161itev.<\/span><\/p>\n<p><span dir=\"auto\">Z dvema hitrostma podajanja, skobeljna velna CLASIC\u00a0 s 3 no\u017ei in enofazno 230V ali trofazno 400V razli\u010dico z mo\u010djo 4 Ks ta majhen, <\/span><\/p>\n<p><span dir=\"auto\">a zmogljiv stroj ponuja izjemne lastnosti. Njegova kompaktna velikost ne ogro\u017ea njegovih zmogljivosti, zaradi \u010desar je idealna izbira za tiste, ki i\u0161\u010dejo priro\u010dno mo\u017enost brez \u017ertvovanja kakovosti in zmogljivosti.<\/span><\/p>\n","protected":false},"excerpt":{"rendered":"<h6>pla\u010dila tuudi na obroke do 48 mesecev \/vrednost nakupa do 12000\u20ac takoj \/brez obiska banke\/pokli\u010dite\/pi\u0161ite: 031334858 \/info@depoles.com<\/h6>\n<p>&nbsp;<\/p>\n<table class=\"#e7c157; #fdfcf3; 1em; 1em; background-color: border: bottom; caption caption-side: margin-top: padding-top: solid table thin { { } }\" border=\"1\" cellpadding=\"5\">\n<tbody>\n<tr>\n<td><strong><span dir=\"auto\">Tehni\u010dne specifikacije<\/span><\/strong><\/td>\n<td><\/td>\n<td><\/td>\n<\/tr>\n<tr>\n<td><span dir=\"auto\">Mo\u010d motorja<\/span><\/td>\n<td><span dir=\"auto\">Z<\/span><\/td>\n<td><span dir=\"auto\">2200<\/span><\/td>\n<\/tr>\n<tr>\n<td><span dir=\"auto\">Najve\u010dja \u0161irina rezanja<\/span><\/td>\n<td><span dir=\"auto\">mm<\/span><\/td>\n<td><span dir=\"auto\">408<\/span><\/td>\n<\/tr>\n<tr>\n<td><span dir=\"auto\">Najve\u010dja globina reza<\/span><\/td>\n<td><span dir=\"auto\">mm<\/span><\/td>\n<td><span dir=\"auto\">3,5<\/span><\/td>\n<\/tr>\n<tr>\n<td><span dir=\"auto\">Najve\u010dja vi\u0161ina ko\u0161nje<\/span><\/td>\n<td><span dir=\"auto\">mm<\/span><\/td>\n<td><span dir=\"auto\">225<\/span><\/td>\n<\/tr>\n<tr>\n<td><span dir=\"auto\">Leseni prehod<\/span><\/td>\n<td><span dir=\"auto\">m\/min<\/span><\/td>\n<td><span dir=\"auto\">5\u20137<\/span><\/td>\n<\/tr>\n<tr>\n<td><span dir=\"auto\">\u0160tevilo no\u017eev<\/span><\/td>\n<td><span dir=\"auto\">n<\/span><\/td>\n<td><span dir=\"auto\">3<\/span><\/td>\n<\/tr>\n<tr>\n<td><span dir=\"auto\">Hitrost vrtenja gredi<\/span><\/td>\n<td><span dir=\"auto\">vrtljaji na minuto<\/span><\/td>\n<td><span dir=\"auto\">5500<\/span><\/td>\n<\/tr>\n<tr>\n<td><span dir=\"auto\">Premer gredi<\/span><\/td>\n<td><span dir=\"auto\">mm<\/span><\/td>\n<td><span dir=\"auto\">70<\/span><\/td>\n<\/tr>\n<tr>\n<td><span dir=\"auto\">Celotne dimenzije<\/span><\/td>\n<td><span dir=\"auto\">cm<\/span><\/td>\n<td><span dir=\"auto\">72x72x100<\/span><\/td>\n<\/tr>\n<tr>\n<td><span dir=\"auto\">Te\u017ea<\/span><\/td>\n<td><span dir=\"auto\">kg<\/span><\/td>\n<td><span dir=\"auto\">160<\/span><\/td>\n<\/tr>\n<\/tbody>\n<\/table>\n<p><span style=\"color: #ff0000\"><strong>DOPLA\u010cILO:<\/strong><\/span> SPIRAL XYLENT velna=1200\u20ac<\/p>\n<p>&nbsp;<\/p>\n","protected":false},"featured_media":806,"template":"","meta":[],"product_brand":[],"product_cat":[1024,1031,1006,1012],"product_tag":[151,296,299,314,322,743,770],"class_list":{"0":"post-805","1":"product","2":"type-product","3":"status-publish","4":"has-post-thumbnail","6":"product_cat-debelinke","7":"product_cat-poravnalke-debelinke","8":"product_cat-sicar-stroji","9":"product_cat-stroji-za-les","10":"product_tag-151","11":"product_tag-debelinka","12":"product_tag-debljaca","13":"product_tag-depoles","14":"product_tag-diker","15":"product_tag-sicar","16":"product_tag-spiral","18":"first","19":"onbackorder","20":"sold-individually","21":"shipping-taxable","22":"product-type-simple"},"_links":{"self":[{"href":"https:\/\/www.depoles.com\/hr\/wp-json\/wp\/v2\/product\/805","targetHints":{"allow":["GET"]}}],"collection":[{"href":"https:\/\/www.depoles.com\/hr\/wp-json\/wp\/v2\/product"}],"about":[{"href":"https:\/\/www.depoles.com\/hr\/wp-json\/wp\/v2\/types\/product"}],"wp:featuredmedia":[{"embeddable":true,"href":"https:\/\/www.depoles.com\/hr\/wp-json\/wp\/v2\/media\/806"}],"wp:attachment":[{"href":"https:\/\/www.depoles.com\/hr\/wp-json\/wp\/v2\/media?parent=805"}],"wp:term":[{"taxonomy":"product_brand","embeddable":true,"href":"https:\/\/www.depoles.com\/hr\/wp-json\/wp\/v2\/product_brand?post=805"},{"taxonomy":"product_cat","embeddable":true,"href":"https:\/\/www.depoles.com\/hr\/wp-json\/wp\/v2\/product_cat?post=805"},{"taxonomy":"product_tag","embeddable":true,"href":"https:\/\/www.depoles.com\/hr\/wp-json\/wp\/v2\/product_tag?post=805"}],"curies":[{"name":"wp","href":"https:\/\/api.w.org\/{rel}","templated":true}]}}